{"id":1142,"date":"2023-03-26T14:28:37","date_gmt":"2023-03-26T12:28:37","guid":{"rendered":"https:\/\/butikhome.pl\/?page_id=1142"},"modified":"2023-03-26T14:29:18","modified_gmt":"2023-03-26T12:29:18","slug":"zwroty","status":"publish","type":"page","link":"https:\/\/butikhome.pl\/index.php\/zwroty\/","title":{"rendered":"Polityka zwrot\u00f3w"},"content":{"rendered":"\n<p><strong>Polityka zwrot\u00f3w<\/strong><\/p>\n\n\n\n<p><strong>Przegl\u0105d<\/strong><br>Nasza polityka zwrot\u00f3w i zwrot\u00f3w obowi\u0105zuje przez 30 dni. Je\u015bli od zakupu min\u0119\u0142o 30 dni, nie mo\u017cemy zaoferowa\u0107 pe\u0142nego zwrotu ani wymiany.<\/p>\n\n\n\n<p>Aby kwalifikowa\u0107 si\u0119 do zwrotu, przedmiot musi by\u0107 nieu\u017cywany iw takim samym stanie, w jakim go otrzyma\u0142e\u015b. Musi by\u0107 r\u00f3wnie\u017c w oryginalnym opakowaniu.<\/p>\n\n\n\n<p>Kilka rodzaj\u00f3w towar\u00f3w jest zwolnionych ze zwrotu. Towary \u0142atwo psuj\u0105ce si\u0119, takie jak \u017cywno\u015b\u0107, kwiaty, gazety lub czasopisma nie podlegaj\u0105 zwrotowi. Nie przyjmujemy r\u00f3wnie\u017c produkt\u00f3w, kt\u00f3re s\u0105 artyku\u0142ami intymnymi lub higienicznymi, materia\u0142ami niebezpiecznymi lub \u0142atwopalnymi p\u0142ynami lub gazami.<\/p>\n\n\n\n<p><strong>Dodatkowe przedmioty bezzwrotne:<\/strong><\/p>\n\n\n\n<p>Karty podarunkowe<br>Oprogramowanie do pobrania<br>Niekt\u00f3re artyku\u0142y dotycz\u0105ce zdrowia i higieny osobistej<br>Aby dokona\u0107 zwrotu, potrzebujemy paragonu lub dowodu zakupu<strong>.<\/strong><\/p>\n\n\n\n<p>Prosimy nie odsy\u0142a\u0107 zakupu do producenta.<\/p>\n\n\n\n<p>Istniej\u0105 pewne sytuacje, w kt\u00f3rych przyznawane s\u0105 tylko cz\u0119\u015bciowe zwroty:<\/p>\n\n\n\n<p>Ksi\u0105\u017cka z widocznymi \u015bladami u\u017cytkowania<br>P\u0142yta CD, DVD, kaseta VHS, oprogramowanie, gra wideo, kaseta magnetofonowa lub p\u0142yta winylowa, kt\u00f3ra zosta\u0142a otwarta.<br>Ka\u017cdy przedmiot, kt\u00f3ry nie jest w oryginalnym stanie, jest uszkodzony lub brakuje cz\u0119\u015bci z przyczyn niezale\u017cnych od naszego b\u0142\u0119du.<br>Ka\u017cdy przedmiot, kt\u00f3ry zosta\u0142 zwr\u00f3cony po up\u0142ywie 30 dni od daty dostawy<br>Zwroty pieni\u0119dzy<br>Po otrzymaniu i sprawdzeniu zwrotu wy\u015blemy Ci wiadomo\u015b\u0107 e-mail z powiadomieniem, \u017ce otrzymali\u015bmy zwr\u00f3cony przedmiot. Powiadomimy Ci\u0119 r\u00f3wnie\u017c o zatwierdzeniu lub odrzuceniu Twojego zwrotu.<\/p>\n\n\n\n<p>Je\u015bli zostaniesz zatwierdzony, Tw\u00f3j zwrot zostanie przetworzony, a kredyt zostanie automatycznie zastosowany do Twojej karty kredytowej lub oryginalnej metody p\u0142atno\u015bci w ci\u0105gu okre\u015blonej liczby dni.<\/p>\n\n\n\n<p><strong>Op\u00f3\u017anione lub brakuj\u0105ce zwroty<\/strong><br>Je\u015bli nie otrzyma\u0142e\u015b jeszcze zwrotu pieni\u0119dzy, najpierw sprawd\u017a ponownie swoje konto bankowe.<\/p>\n\n\n\n<p>Nast\u0119pnie skontaktuj si\u0119 z wystawc\u0105 karty kredytowej, mo\u017ce min\u0105\u0107 troch\u0119 czasu, zanim Tw\u00f3j zwrot zostanie oficjalnie zaksi\u0119gowany.<\/p>\n\n\n\n<p>Nast\u0119pnie skontaktuj si\u0119 ze swoim bankiem. Zanim zwrot zostanie zaksi\u0119gowany, cz\u0119sto mija troch\u0119 czasu.<\/p>\n\n\n\n<p>Je\u015bli zrobi\u0142e\u015b to wszystko i nadal nie otrzyma\u0142e\u015b zwrotu pieni\u0119dzy, skontaktuj si\u0119 z nami pod adresem {email}.<\/p>\n\n\n\n<p><strong>Wyprzeda\u017c przedmiot\u00f3w<\/strong><br>Zwrotowi podlega\u0107 mog\u0105 wy\u0142\u0105cznie artyku\u0142y o regularnej cenie. Przedmioty z wyprzeda\u017cy nie podlegaj\u0105 zwrotowi.<\/p>\n\n\n\n<p><strong>Wymiany<\/strong><br>Wymieniamy tylko przedmioty, kt\u00f3re s\u0105 wadliwe lub uszkodzone. Je\u015bli chcesz wymieni\u0107 go na ten sam przedmiot, wy\u015blij nam e-mail na adres {adres e-mail} i wy\u015blij przedmiot na adres Martom Meble Dworcowa 15 Pszcz\u00f3\u0142ki Polska.<\/p>\n\n\n\n<p><strong>Prezenty<\/strong><br>Je\u015bli przedmiot zosta\u0142 oznaczony jako prezent w momencie zakupu i zosta\u0142 wys\u0142any bezpo\u015brednio do Ciebie, otrzymasz kredyt prezentowy o warto\u015bci zwrotu. Po otrzymaniu zwr\u00f3conego przedmiotu zostanie wys\u0142any do Ciebie bon podarunkowy.<\/p>\n\n\n\n<p>Je\u015bli przedmiot nie zosta\u0142 oznaczony jako prezent przy zakupie lub osoba, kt\u00f3ra da\u0142a prezent, wys\u0142a\u0142a zam\u00f3wienie do siebie, aby przekaza\u0107 je p\u00f3\u017aniej, wy\u015blemy zwrot pieni\u0119dzy osobie, kt\u00f3ra kupi\u0142a prezent, a on dowie si\u0119 o Twoim zwrocie.<\/p>\n\n\n\n<p><strong>Dostawa i zwroty<\/strong><br>Aby zwr\u00f3ci\u0107 produkt, nale\u017cy wys\u0142a\u0107 go poczt\u0105 na adres: Martom Meble Dworcowa 15 Pszcz\u00f3\u0142ki Polska.<\/p>\n\n\n\n<p>B\u0119dziesz odpowiedzialny za op\u0142acenie w\u0142asnych koszt\u00f3w wysy\u0142ki za zwrot przedmiotu. Koszty przesy\u0142ki nie podlegaj\u0105 zwrotowi. Je\u015bli otrzymasz zwrot pieni\u0119dzy, koszt wysy\u0142ki zwrotnej zostanie odj\u0119ty od Twojego zwrotu.<\/p>\n\n\n\n<p>W zale\u017cno\u015bci od tego, gdzie mieszkasz, czas potrzebny na dotarcie wymienionego produktu do Ciebie mo\u017ce si\u0119 r\u00f3\u017cni\u0107.<\/p>\n\n\n\n<p>Je\u015bli zwracasz dro\u017csze przedmioty, mo\u017cesz rozwa\u017cy\u0107 skorzystanie z us\u0142ugi \u015bledzenia przesy\u0142ki lub wykupienie ubezpieczenia przesy\u0142ki. Nie gwarantujemy, \u017ce otrzymamy zwr\u00f3cony przedmiot.<\/p>\n\n\n\n<p><strong>Potrzebuj\u0119 pomocy?<\/strong><br>Skontaktuj si\u0119 z nami pod adresem support@butikhome.pl w przypadku pyta\u0144 dotycz\u0105cych zwrot\u00f3w i zwrot\u00f3w.<\/p>\n","protected":false},"excerpt":{"rendered":"<p>Polityka zwrot\u00f3w Przegl\u0105dNasza polityka zwrot\u00f3w i zwrot\u00f3w obowi\u0105zuje przez 30 dni. Je\u015bli od zakupu min\u0119\u0142o 30 dni, nie mo\u017cemy zaoferowa\u0107 pe\u0142nego zwrotu ani wymiany. Aby kwalifikowa\u0107 si\u0119 do zwrotu, przedmiot musi by\u0107 nieu\u017cywany iw takim samym stanie, w jakim go otrzyma\u0142e\u015b. Musi by\u0107 r\u00f3wnie\u017c w oryginalnym opakowaniu. Kilka rodzaj\u00f3w towar\u00f3w jest zwolnionych ze zwrotu. Towary &hellip; <\/p>\n","protected":false},"author":1,"featured_media":0,"parent":0,"menu_order":0,"comment_status":"closed","ping_status":"closed","template":"","meta":{"footnotes":""},"class_list":["post-1142","page","type-page","status-publish","hentry"],"_links":{"self":[{"href":"https:\/\/butikhome.pl\/index.php\/wp-json\/wp\/v2\/pages\/1142","targetHints":{"allow":["GET"]}}],"collection":[{"href":"https:\/\/butikhome.pl\/index.php\/wp-json\/wp\/v2\/pages"}],"about":[{"href":"https:\/\/butikhome.pl\/index.php\/wp-json\/wp\/v2\/types\/page"}],"author":[{"embeddable":true,"href":"https:\/\/butikhome.pl\/index.php\/wp-json\/wp\/v2\/users\/1"}],"replies":[{"embeddable":true,"href":"https:\/\/butikhome.pl\/index.php\/wp-json\/wp\/v2\/comments?post=1142"}],"version-history":[{"count":2,"href":"https:\/\/butikhome.pl\/index.php\/wp-json\/wp\/v2\/pages\/1142\/revisions"}],"predecessor-version":[{"id":9046,"href":"https:\/\/butikhome.pl\/index.php\/wp-json\/wp\/v2\/pages\/1142\/revisions\/9046"}],"wp:attachment":[{"href":"https:\/\/butikhome.pl\/index.php\/wp-json\/wp\/v2\/media?parent=1142"}],"curies":[{"name":"wp","href":"https:\/\/api.w.org\/{rel}","templated":true}]}}