{"id":10010,"date":"2023-03-29T16:04:48","date_gmt":"2023-03-29T14:04:48","guid":{"rendered":"https:\/\/butikhome.pl\/index.php\/produkt\/biustonosz-andrea-35060\/"},"modified":"2023-06-27T15:50:47","modified_gmt":"2023-06-27T13:50:47","slug":"biustonosz-andrea-35060","status":"publish","type":"product","link":"https:\/\/butikhome.pl\/index.php\/produkt\/biustonosz-andrea-35060\/","title":{"rendered":"Biustonosz Andrea 35060"},"content":{"rendered":"<p>Oto co\u015b dla kobiet hojniej obdarzonych przez natur\u0119! Ciemny, mi\u0119kki biustonosz, kt\u00f3rego doskona\u0142a konstrukcja pozwala odpowiednio zebra\u0107, unie\u015b\u0107 oraz utrzyma\u0107 piersi. Dope\u0142niony wspania\u0142ymi, haftowanymi kwiatami o czerwonych p\u0105kach. Prawdziwe pi\u0119kno zamkni\u0119te w ponadczasowej kompozycji!<\/p>\n","protected":false},"excerpt":{"rendered":"<p>Oto co\u015b dla kobiet hojniej obdarzonych przez natur\u0119! Ciemny, mi\u0119kki biustonosz, kt\u00f3rego doskona\u0142a konstrukcja pozwala odpowiednio zebra\u0107, unie\u015b\u0107 oraz utrzyma\u0107 piersi. Dope\u0142niony wspania\u0142ymi, haftowanymi kwiatami o czerwonych p\u0105kach. Prawdziwe pi\u0119kno zamkni\u0119te w ponadczasowej kompozycji!<\/p>\n","protected":false},"featured_media":15691,"comment_status":"open","ping_status":"closed","template":"","meta":[],"product_brand":[],"product_cat":[629,24],"product_tag":[2146,2147,2145,1984,2129,2148,1480,2149,1390,1078,1468],"class_list":{"0":"post-10010","1":"product","2":"type-product","3":"status-publish","4":"has-post-thumbnail","6":"product_cat-biustonosze-podkategoria-do-bielizny","7":"product_cat-produkty","8":"product_tag-biustonosz-andrea-35060-czarno-czerwony","9":"product_tag-czarno-czerwony","10":"product_tag-czarno-czerwony-65-h","11":"product_tag-gorsenia","12":"product_tag-haftowane-kwiaty","13":"product_tag-miekki-biustonosz","14":"product_tag-nieodpinane-ramiaczka","15":"product_tag-odpowiednia-konstrukcja-pozwala-zebrac-uniesc-oraz-utrzymac-pierski","16":"product_tag-pakowany-w-pudelko","17":"product_tag-polski-produkt","18":"product_tag-zapinany-na-plecach","20":"first","21":"instock","22":"taxable","23":"shipping-taxable","24":"purchasable","25":"product-type-simple"},"_links":{"self":[{"href":"https:\/\/butikhome.pl\/index.php\/wp-json\/wp\/v2\/product\/10010","targetHints":{"allow":["GET"]}}],"collection":[{"href":"https:\/\/butikhome.pl\/index.php\/wp-json\/wp\/v2\/product"}],"about":[{"href":"https:\/\/butikhome.pl\/index.php\/wp-json\/wp\/v2\/types\/product"}],"replies":[{"embeddable":true,"href":"https:\/\/butikhome.pl\/index.php\/wp-json\/wp\/v2\/comments?post=10010"}],"wp:featuredmedia":[{"embeddable":true,"href":"https:\/\/butikhome.pl\/index.php\/wp-json\/wp\/v2\/media\/15691"}],"wp:attachment":[{"href":"https:\/\/butikhome.pl\/index.php\/wp-json\/wp\/v2\/media?parent=10010"}],"wp:term":[{"taxonomy":"product_brand","embeddable":true,"href":"https:\/\/butikhome.pl\/index.php\/wp-json\/wp\/v2\/product_brand?post=10010"},{"taxonomy":"product_cat","embeddable":true,"href":"https:\/\/butikhome.pl\/index.php\/wp-json\/wp\/v2\/product_cat?post=10010"},{"taxonomy":"product_tag","embeddable":true,"href":"https:\/\/butikhome.pl\/index.php\/wp-json\/wp\/v2\/product_tag?post=10010"}],"curies":[{"name":"wp","href":"https:\/\/api.w.org\/{rel}","templated":true}]}}