{"id":10065,"date":"2023-03-29T16:05:20","date_gmt":"2023-03-29T14:05:20","guid":{"rendered":"https:\/\/butikhome.pl\/index.php\/produkt\/biustonosz-anya-k422-czarny\/"},"modified":"2023-06-27T14:49:56","modified_gmt":"2023-06-27T12:49:56","slug":"biustonosz-anya-k422-czarny","status":"publish","type":"product","link":"https:\/\/butikhome.pl\/index.php\/produkt\/biustonosz-anya-k422-czarny\/","title":{"rendered":"Biustonosz Anya K422 Czarny"},"content":{"rendered":"<p>G\u0142adki biustonosz bez dolnych fiszbin, zapewniaj\u0105cy optymalne podtrzymanie biustu dzi\u0119ki sprytnej, przemy\u015blanej konstrukcji. Odpowiednio wzmocniony u podstawy, wykonany z elastycznej tkaniny, kt\u00f3ra pozwala sk\u00f3rze oddycha\u0107 i wspomaga utrzymanie odpowiedniej temperatury cia\u0142a odprowadzaj\u0105c wilgo\u0107 na zewn\u0105trz. Nadaje si\u0119 r\u00f3wnie\u017c do uprawiania sportu, miski soft. Elastyczne fiszbiny po bokach. Szerokie, regulowane rami\u0105czka. Sk\u0142ad: 62% poliamid, 24% bawe\u0142na, 14% elastan.<\/p>\n","protected":false},"excerpt":{"rendered":"<p>G\u0142adki biustonosz bez dolnych fiszbin, zapewniaj\u0105cy optymalne podtrzymanie biustu dzi\u0119ki sprytnej, przemy\u015blanej konstrukcji. Odpowiednio wzmocniony u podstawy, wykonany z elastycznej tkaniny, kt\u00f3ra pozwala sk\u00f3rze oddycha\u0107 i wspomaga utrzymanie odpowiedniej temperatury cia\u0142a odprowadzaj\u0105c wilgo\u0107 na zewn\u0105trz. Nadaje si\u0119 r\u00f3wnie\u017c do uprawiania sportu, miski soft. Elastyczne fiszbiny po bokach. Szerokie, regulowane rami\u0105czka. Sk\u0142ad: 62% poliamid, 24% bawe\u0142na, &hellip; <\/p>\n","protected":false},"featured_media":15687,"comment_status":"open","ping_status":"closed","template":"","meta":[],"product_brand":[],"product_cat":[629,24],"product_tag":[1642,1606,1751,1482,1484,1485,1486,1488,1489,1490,1491,1492,1493,1494,1495,1496,1497,1498,1499,1500,1630,1501,1502,1503,1504,1505,1633,1507,1508,2133,2132,1985,1089,1876,2142,1984,2140,2141,2139,2134,1390,1078,2143,2137,2138,2135,2136],"class_list":{"0":"post-10065","1":"product","2":"type-product","3":"status-publish","4":"has-post-thumbnail","6":"product_cat-biustonosze-podkategoria-do-bielizny","7":"product_cat-produkty","8":"product_tag-100-g","9":"product_tag-70-f","10":"product_tag-75-b","11":"product_tag-75-d","12":"product_tag-75-f","13":"product_tag-75-g","14":"product_tag-75-h","15":"product_tag-80-b","16":"product_tag-80-c","17":"product_tag-80-d","18":"product_tag-80-e","19":"product_tag-80-f","20":"product_tag-80-g","21":"product_tag-80-h","22":"product_tag-85-b","23":"product_tag-85-c","24":"product_tag-85-d","25":"product_tag-85-e","26":"product_tag-85-f","27":"product_tag-85-g","28":"product_tag-85-h","29":"product_tag-90-b","30":"product_tag-90-c","31":"product_tag-90-d","32":"product_tag-90-e","33":"product_tag-90-f","34":"product_tag-90-g","35":"product_tag-95-c","36":"product_tag-95-d","37":"product_tag-bez-dolnych-fiszbin","38":"product_tag-biustonosz-anya-k422-czarny","39":"product_tag-biustonosz-gladki","40":"product_tag-czarny","41":"product_tag-czarny-70-d","42":"product_tag-elastyczne-fiszbiny-po-bokach","43":"product_tag-gorsenia","44":"product_tag-idealny-do-sportu","45":"product_tag-miski-soft","46":"product_tag-odprowadza-wilgoc-na-zewnatrz","47":"product_tag-optymalne-podtrzymanie-biustu","48":"product_tag-pakowany-w-pudelko","49":"product_tag-polski-produkt","50":"product_tag-szerokie-regulowane-ramiaczka","51":"product_tag-tkanina-pozwala-skorze-oddychac","52":"product_tag-tkanina-wspomaga-utrzymac-temperature-ciala","53":"product_tag-wzmocniony-u-podstawy","54":"product_tag-z-elastycznej-tkaniny","56":"first","57":"instock","58":"taxable","59":"shipping-taxable","60":"purchasable","61":"product-type-simple"},"_links":{"self":[{"href":"https:\/\/butikhome.pl\/index.php\/wp-json\/wp\/v2\/product\/10065","targetHints":{"allow":["GET"]}}],"collection":[{"href":"https:\/\/butikhome.pl\/index.php\/wp-json\/wp\/v2\/product"}],"about":[{"href":"https:\/\/butikhome.pl\/index.php\/wp-json\/wp\/v2\/types\/product"}],"replies":[{"embeddable":true,"href":"https:\/\/butikhome.pl\/index.php\/wp-json\/wp\/v2\/comments?post=10065"}],"wp:featuredmedia":[{"embeddable":true,"href":"https:\/\/butikhome.pl\/index.php\/wp-json\/wp\/v2\/media\/15687"}],"wp:attachment":[{"href":"https:\/\/butikhome.pl\/index.php\/wp-json\/wp\/v2\/media?parent=10065"}],"wp:term":[{"taxonomy":"product_brand","embeddable":true,"href":"https:\/\/butikhome.pl\/index.php\/wp-json\/wp\/v2\/product_brand?post=10065"},{"taxonomy":"product_cat","embeddable":true,"href":"https:\/\/butikhome.pl\/index.php\/wp-json\/wp\/v2\/product_cat?post=10065"},{"taxonomy":"product_tag","embeddable":true,"href":"https:\/\/butikhome.pl\/index.php\/wp-json\/wp\/v2\/product_tag?post=10065"}],"curies":[{"name":"wp","href":"https:\/\/api.w.org\/{rel}","templated":true}]}}