{"id":10099,"date":"2023-03-29T16:05:39","date_gmt":"2023-03-29T14:05:39","guid":{"rendered":"https:\/\/butikhome.pl\/index.php\/produkt\/biustonosz-blanca-k357-bezowy\/"},"modified":"2023-06-26T15:21:32","modified_gmt":"2023-06-26T13:21:32","slug":"biustonosz-blanca-k357-bezowy","status":"publish","type":"product","link":"https:\/\/butikhome.pl\/index.php\/produkt\/biustonosz-blanca-k357-bezowy\/","title":{"rendered":"Biustonosz Blanca K357 Be\u017cowy"},"content":{"rendered":"<p>Be\u017cowy, p\u00f3\u0142usztywniany biustonosz pokryty delikatn\u0105 koronk\u0105. G\u00f3ra z efektem prze\u015bwitu. Miseczki z fiszbinami. Konstrukcja umo\u017cliwia doskona\u0142e zebranie biustu i odpowiednie jego wymodelowanie. Obw\u00f3d elastyczny, dobrze trzyma. Sk\u0142ad: 71% poliamid, 21% bawe\u0142na, 8% elastan.<\/p>\n","protected":false},"excerpt":{"rendered":"<p>Be\u017cowy, p\u00f3\u0142usztywniany biustonosz pokryty delikatn\u0105 koronk\u0105. G\u00f3ra z efektem prze\u015bwitu. Miseczki z fiszbinami. Konstrukcja umo\u017cliwia doskona\u0142e zebranie biustu i odpowiednie jego wymodelowanie. Obw\u00f3d elastyczny, dobrze trzyma. Sk\u0142ad: 71% poliamid, 21% bawe\u0142na, 8% elastan.<\/p>\n","protected":false},"featured_media":15685,"comment_status":"open","ping_status":"closed","template":"","meta":[],"product_brand":[],"product_cat":[629,24],"product_tag":[1706,1707,1708,1640,1641,1709,1644,1646,1712,1713,1717,1718,1790,1791,1605,1606,1610,1611,1792,1793,1599,1482,1483,1484,1485,1486,1487,1625,1489,1490,1491,1492,1493,1494,1627,1628,1495,1496,1497,1498,1499,1500,1630,1631,1501,1502,1503,1504,1505,1633,1634,1635,1506,1507,1508,1509,1637,1704,1615,2036,2121,667,1616,1769,1875,1700,1652,1479,206,1480,1297,2117,1078,1679,664,656,2100,1622,301],"class_list":{"0":"post-10099","1":"product","2":"type-product","3":"status-publish","4":"has-post-thumbnail","6":"product_cat-biustonosze-podkategoria-do-bielizny","7":"product_cat-produkty","8":"product_tag-100-b","9":"product_tag-100-c","10":"product_tag-100-d","11":"product_tag-100-e","12":"product_tag-100-f","13":"product_tag-105-b","14":"product_tag-105-c","15":"product_tag-105-e","16":"product_tag-110-c","17":"product_tag-110-d","18":"product_tag-115-b","19":"product_tag-115-c","20":"product_tag-65-g","21":"product_tag-65-h","22":"product_tag-70-e","23":"product_tag-70-f","24":"product_tag-70-g","25":"product_tag-70-h","26":"product_tag-70-i","27":"product_tag-70-j","28":"product_tag-75-c","29":"product_tag-75-d","30":"product_tag-75-e","31":"product_tag-75-f","32":"product_tag-75-g","33":"product_tag-75-h","34":"product_tag-75-i","35":"product_tag-75-j","36":"product_tag-80-c","37":"product_tag-80-d","38":"product_tag-80-e","39":"product_tag-80-f","40":"product_tag-80-g","41":"product_tag-80-h","42":"product_tag-80-i","43":"product_tag-80-j","44":"product_tag-85-b","45":"product_tag-85-c","46":"product_tag-85-d","47":"product_tag-85-e","48":"product_tag-85-f","49":"product_tag-85-g","50":"product_tag-85-h","51":"product_tag-85-i","52":"product_tag-90-b","53":"product_tag-90-c","54":"product_tag-90-d","55":"product_tag-90-e","56":"product_tag-90-f","57":"product_tag-90-g","58":"product_tag-90-h","59":"product_tag-90-i","60":"product_tag-95-b","61":"product_tag-95-c","62":"product_tag-95-d","63":"product_tag-95-e","64":"product_tag-95-f","65":"product_tag-95-g","66":"product_tag-bezowy","67":"product_tag-bezowy-65-f","68":"product_tag-biustonosz-blanca-k357-bezowy","69":"product_tag-biustonosz-polusztywniany","70":"product_tag-biustonosz-zapinany-na-plecach","71":"product_tag-dolna-czesc-biustonosza-usztywniona","72":"product_tag-fiszbiny-boczne-i-dolne","73":"product_tag-idealne-na-prezent","74":"product_tag-idealny-na-wieksze-piersi","75":"product_tag-kobieca-stylistyka","76":"product_tag-koronkowe-zdobienia","77":"product_tag-nieodpinane-ramiaczka","78":"product_tag-pakowane-w-pudelko","79":"product_tag-polski","80":"product_tag-polski-produkt","81":"product_tag-przyjemna-w-dotyku-miekka-dzianina-tkanina","82":"product_tag-ramiaczka-regulowane","83":"product_tag-regulowany-obwod-biutonosza","84":"product_tag-w-stylu-glamour","85":"product_tag-wewnetrzna-czesc-miseczek-pokryta-bawelna","86":"product_tag-wysoka-jakosc","88":"first","89":"instock","90":"taxable","91":"shipping-taxable","92":"purchasable","93":"product-type-simple"},"_links":{"self":[{"href":"https:\/\/butikhome.pl\/index.php\/wp-json\/wp\/v2\/product\/10099","targetHints":{"allow":["GET"]}}],"collection":[{"href":"https:\/\/butikhome.pl\/index.php\/wp-json\/wp\/v2\/product"}],"about":[{"href":"https:\/\/butikhome.pl\/index.php\/wp-json\/wp\/v2\/types\/product"}],"replies":[{"embeddable":true,"href":"https:\/\/butikhome.pl\/index.php\/wp-json\/wp\/v2\/comments?post=10099"}],"wp:featuredmedia":[{"embeddable":true,"href":"https:\/\/butikhome.pl\/index.php\/wp-json\/wp\/v2\/media\/15685"}],"wp:attachment":[{"href":"https:\/\/butikhome.pl\/index.php\/wp-json\/wp\/v2\/media?parent=10099"}],"wp:term":[{"taxonomy":"product_brand","embeddable":true,"href":"https:\/\/butikhome.pl\/index.php\/wp-json\/wp\/v2\/product_brand?post=10099"},{"taxonomy":"product_cat","embeddable":true,"href":"https:\/\/butikhome.pl\/index.php\/wp-json\/wp\/v2\/product_cat?post=10099"},{"taxonomy":"product_tag","embeddable":true,"href":"https:\/\/butikhome.pl\/index.php\/wp-json\/wp\/v2\/product_tag?post=10099"}],"curies":[{"name":"wp","href":"https:\/\/api.w.org\/{rel}","templated":true}]}}