{"id":10154,"date":"2023-03-29T16:06:11","date_gmt":"2023-03-29T14:06:11","guid":{"rendered":"https:\/\/butikhome.pl\/index.php\/produkt\/biustonosz-blanca-k357-czarny\/"},"modified":"2023-06-26T15:06:59","modified_gmt":"2023-06-26T13:06:59","slug":"biustonosz-blanca-k357-czarny","status":"publish","type":"product","link":"https:\/\/butikhome.pl\/index.php\/produkt\/biustonosz-blanca-k357-czarny\/","title":{"rendered":"Biustonosz Blanca K357 Czarny"},"content":{"rendered":"<p>Czarny, p\u00f3\u0142usztywniany biustonosz pokryty delikatn\u0105 koronk\u0105. G\u00f3ra z efektem prze\u015bwitu. Miseczki z fiszbinami. Konstrukcja umo\u017cliwia doskona\u0142e zebranie biustu i odpowiednie jego wymodelowanie. Obw\u00f3d elastyczny, dobrze trzyma. Sk\u0142ad: 71% poliamid, 21&#038; bawe\u0142na, 8% elastan.<\/p>\n","protected":false},"excerpt":{"rendered":"<p>Czarny, p\u00f3\u0142usztywniany biustonosz pokryty delikatn\u0105 koronk\u0105. G\u00f3ra z efektem prze\u015bwitu. Miseczki z fiszbinami. Konstrukcja umo\u017cliwia doskona\u0142e zebranie biustu i odpowiednie jego wymodelowanie. Obw\u00f3d elastyczny, dobrze trzyma. Sk\u0142ad: 71% poliamid, 21&#038; bawe\u0142na, 8% elastan.<\/p>\n","protected":false},"featured_media":15683,"comment_status":"open","ping_status":"closed","template":"","meta":[],"product_brand":[],"product_cat":[629,24],"product_tag":[1707,1640,1641,1644,1645,1646,1712,1713,1718,1922,1923,1967,2010,1982,1604,1605,1606,1610,1611,1792,1793,1624,1968,1978,1599,1482,1483,1484,1485,1486,1487,1625,1626,1692,1969,1489,1490,1491,1492,1493,1494,1628,1629,1882,1496,1497,1498,1499,1500,1630,1631,1632,1883,1502,1503,1504,1505,1633,1635,1693,1507,1508,1509,1637,1704,1638,1639,2120,667,1616,1089,2114,1769,1875,1700,1652,1479,206,1480,1297,2117,1078,1679,664,656,2100,1622,301],"class_list":{"0":"post-10154","1":"product","2":"type-product","3":"status-publish","4":"has-post-thumbnail","6":"product_cat-biustonosze-podkategoria-do-bielizny","7":"product_cat-produkty","8":"product_tag-100-c","9":"product_tag-100-e","10":"product_tag-100-f","11":"product_tag-105-c","12":"product_tag-105-d","13":"product_tag-105-e","14":"product_tag-110-c","15":"product_tag-110-d","16":"product_tag-115-c","17":"product_tag-65-i","18":"product_tag-65-j","19":"product_tag-65-k","20":"product_tag-65-l","21":"product_tag-65-m","22":"product_tag-70-d","23":"product_tag-70-e","24":"product_tag-70-f","25":"product_tag-70-g","26":"product_tag-70-h","27":"product_tag-70-i","28":"product_tag-70-j","29":"product_tag-70-k","30":"product_tag-70-l","31":"product_tag-70-m","32":"product_tag-75-c","33":"product_tag-75-d","34":"product_tag-75-e","35":"product_tag-75-f","36":"product_tag-75-g","37":"product_tag-75-h","38":"product_tag-75-i","39":"product_tag-75-j","40":"product_tag-75-k","41":"product_tag-75-l","42":"product_tag-75-m","43":"product_tag-80-c","44":"product_tag-80-d","45":"product_tag-80-e","46":"product_tag-80-f","47":"product_tag-80-g","48":"product_tag-80-h","49":"product_tag-80-j","50":"product_tag-80-k","51":"product_tag-80-l","52":"product_tag-85-c","53":"product_tag-85-d","54":"product_tag-85-e","55":"product_tag-85-f","56":"product_tag-85-g","57":"product_tag-85-h","58":"product_tag-85-i","59":"product_tag-85-j","60":"product_tag-85-k","61":"product_tag-90-c","62":"product_tag-90-d","63":"product_tag-90-e","64":"product_tag-90-f","65":"product_tag-90-g","66":"product_tag-90-i","67":"product_tag-90-j","68":"product_tag-95-c","69":"product_tag-95-d","70":"product_tag-95-e","71":"product_tag-95-f","72":"product_tag-95-g","73":"product_tag-95-h","74":"product_tag-95-i","75":"product_tag-biustonosz-blanca-k357-czarny","76":"product_tag-biustonosz-polusztywniany","77":"product_tag-biustonosz-zapinany-na-plecach","78":"product_tag-czarny","79":"product_tag-czarny-65-h","80":"product_tag-dolna-czesc-biustonosza-usztywniona","81":"product_tag-fiszbiny-boczne-i-dolne","82":"product_tag-idealne-na-prezent","83":"product_tag-idealny-na-wieksze-piersi","84":"product_tag-kobieca-stylistyka","85":"product_tag-koronkowe-zdobienia","86":"product_tag-nieodpinane-ramiaczka","87":"product_tag-pakowane-w-pudelko","88":"product_tag-polski","89":"product_tag-polski-produkt","90":"product_tag-przyjemna-w-dotyku-miekka-dzianina-tkanina","91":"product_tag-ramiaczka-regulowane","92":"product_tag-regulowany-obwod-biutonosza","93":"product_tag-w-stylu-glamour","94":"product_tag-wewnetrzna-czesc-miseczek-pokryta-bawelna","95":"product_tag-wysoka-jakosc","97":"first","98":"instock","99":"taxable","100":"shipping-taxable","101":"purchasable","102":"product-type-simple"},"_links":{"self":[{"href":"https:\/\/butikhome.pl\/index.php\/wp-json\/wp\/v2\/product\/10154","targetHints":{"allow":["GET"]}}],"collection":[{"href":"https:\/\/butikhome.pl\/index.php\/wp-json\/wp\/v2\/product"}],"about":[{"href":"https:\/\/butikhome.pl\/index.php\/wp-json\/wp\/v2\/types\/product"}],"replies":[{"embeddable":true,"href":"https:\/\/butikhome.pl\/index.php\/wp-json\/wp\/v2\/comments?post=10154"}],"wp:featuredmedia":[{"embeddable":true,"href":"https:\/\/butikhome.pl\/index.php\/wp-json\/wp\/v2\/media\/15683"}],"wp:attachment":[{"href":"https:\/\/butikhome.pl\/index.php\/wp-json\/wp\/v2\/media?parent=10154"}],"wp:term":[{"taxonomy":"product_brand","embeddable":true,"href":"https:\/\/butikhome.pl\/index.php\/wp-json\/wp\/v2\/product_brand?post=10154"},{"taxonomy":"product_cat","embeddable":true,"href":"https:\/\/butikhome.pl\/index.php\/wp-json\/wp\/v2\/product_cat?post=10154"},{"taxonomy":"product_tag","embeddable":true,"href":"https:\/\/butikhome.pl\/index.php\/wp-json\/wp\/v2\/product_tag?post=10154"}],"curies":[{"name":"wp","href":"https:\/\/api.w.org\/{rel}","templated":true}]}}