{"id":10200,"date":"2023-03-29T16:06:40","date_gmt":"2023-03-29T14:06:40","guid":{"rendered":"https:\/\/butikhome.pl\/index.php\/produkt\/biustonosz-blanca-k357-ecru\/"},"modified":"2023-06-26T15:01:34","modified_gmt":"2023-06-26T13:01:34","slug":"biustonosz-blanca-k357-ecru","status":"publish","type":"product","link":"https:\/\/butikhome.pl\/index.php\/produkt\/biustonosz-blanca-k357-ecru\/","title":{"rendered":"Biustonosz Blanca K357 Ecru"},"content":{"rendered":"<p>P\u00f3\u0142usztywniany biustonosz w kolorze ecru, pokryty delikatn\u0105 koronk\u0105. G\u00f3ra z efektem prze\u015bwitu. Miseczki z fiszbinami. Konstrukcja umo\u017cliwia doskona\u0142e zebranie biustu i odpowiednie jego wymodelowanie. Obw\u00f3d elastyczny, dobrze trzyma. Sk\u0142ad: 71% poliamid, 21% bawe\u0142na, 8% elastan.<\/p>\n","protected":false},"excerpt":{"rendered":"<p>P\u00f3\u0142usztywniany biustonosz w kolorze ecru, pokryty delikatn\u0105 koronk\u0105. G\u00f3ra z efektem prze\u015bwitu. Miseczki z fiszbinami. Konstrukcja umo\u017cliwia doskona\u0142e zebranie biustu i odpowiednie jego wymodelowanie. Obw\u00f3d elastyczny, dobrze trzyma. Sk\u0142ad: 71% poliamid, 21% bawe\u0142na, 8% elastan.<\/p>\n","protected":false},"featured_media":15680,"comment_status":"open","ping_status":"closed","template":"","meta":[],"product_brand":[],"product_cat":[629,24],"product_tag":[1706,1707,1708,1640,1641,1709,1645,1646,1711,1712,1713,1717,1718,1791,1605,1606,1610,1611,1792,1793,1599,1482,1483,1484,1486,1487,1625,1489,1490,1491,1492,1493,1494,1627,1628,1495,1496,1497,1498,1499,1500,1630,1631,1501,1502,1503,1504,1505,1633,1634,1506,1507,1508,1509,1637,1704,2119,667,1616,1769,1080,2118,1875,1700,1652,1479,206,1480,1297,2117,1078,1679,664,656,2100,1622,301],"class_list":{"0":"post-10200","1":"product","2":"type-product","3":"status-publish","4":"has-post-thumbnail","6":"product_cat-biustonosze-podkategoria-do-bielizny","7":"product_cat-produkty","8":"product_tag-100-b","9":"product_tag-100-c","10":"product_tag-100-d","11":"product_tag-100-e","12":"product_tag-100-f","13":"product_tag-105-b","14":"product_tag-105-d","15":"product_tag-105-e","16":"product_tag-110-b","17":"product_tag-110-c","18":"product_tag-110-d","19":"product_tag-115-b","20":"product_tag-115-c","21":"product_tag-65-h","22":"product_tag-70-e","23":"product_tag-70-f","24":"product_tag-70-g","25":"product_tag-70-h","26":"product_tag-70-i","27":"product_tag-70-j","28":"product_tag-75-c","29":"product_tag-75-d","30":"product_tag-75-e","31":"product_tag-75-f","32":"product_tag-75-h","33":"product_tag-75-i","34":"product_tag-75-j","35":"product_tag-80-c","36":"product_tag-80-d","37":"product_tag-80-e","38":"product_tag-80-f","39":"product_tag-80-g","40":"product_tag-80-h","41":"product_tag-80-i","42":"product_tag-80-j","43":"product_tag-85-b","44":"product_tag-85-c","45":"product_tag-85-d","46":"product_tag-85-e","47":"product_tag-85-f","48":"product_tag-85-g","49":"product_tag-85-h","50":"product_tag-85-i","51":"product_tag-90-b","52":"product_tag-90-c","53":"product_tag-90-d","54":"product_tag-90-e","55":"product_tag-90-f","56":"product_tag-90-g","57":"product_tag-90-h","58":"product_tag-95-b","59":"product_tag-95-c","60":"product_tag-95-d","61":"product_tag-95-e","62":"product_tag-95-f","63":"product_tag-95-g","64":"product_tag-biustonosz-blanca-k357-ecru","65":"product_tag-biustonosz-polusztywniany","66":"product_tag-biustonosz-zapinany-na-plecach","67":"product_tag-dolna-czesc-biustonosza-usztywniona","68":"product_tag-ecru","69":"product_tag-ecru-65-g","70":"product_tag-fiszbiny-boczne-i-dolne","71":"product_tag-idealne-na-prezent","72":"product_tag-idealny-na-wieksze-piersi","73":"product_tag-kobieca-stylistyka","74":"product_tag-koronkowe-zdobienia","75":"product_tag-nieodpinane-ramiaczka","76":"product_tag-pakowane-w-pudelko","77":"product_tag-polski","78":"product_tag-polski-produkt","79":"product_tag-przyjemna-w-dotyku-miekka-dzianina-tkanina","80":"product_tag-ramiaczka-regulowane","81":"product_tag-regulowany-obwod-biutonosza","82":"product_tag-w-stylu-glamour","83":"product_tag-wewnetrzna-czesc-miseczek-pokryta-bawelna","84":"product_tag-wysoka-jakosc","86":"first","87":"instock","88":"taxable","89":"shipping-taxable","90":"purchasable","91":"product-type-simple"},"_links":{"self":[{"href":"https:\/\/butikhome.pl\/index.php\/wp-json\/wp\/v2\/product\/10200","targetHints":{"allow":["GET"]}}],"collection":[{"href":"https:\/\/butikhome.pl\/index.php\/wp-json\/wp\/v2\/product"}],"about":[{"href":"https:\/\/butikhome.pl\/index.php\/wp-json\/wp\/v2\/types\/product"}],"replies":[{"embeddable":true,"href":"https:\/\/butikhome.pl\/index.php\/wp-json\/wp\/v2\/comments?post=10200"}],"wp:featuredmedia":[{"embeddable":true,"href":"https:\/\/butikhome.pl\/index.php\/wp-json\/wp\/v2\/media\/15680"}],"wp:attachment":[{"href":"https:\/\/butikhome.pl\/index.php\/wp-json\/wp\/v2\/media?parent=10200"}],"wp:term":[{"taxonomy":"product_brand","embeddable":true,"href":"https:\/\/butikhome.pl\/index.php\/wp-json\/wp\/v2\/product_brand?post=10200"},{"taxonomy":"product_cat","embeddable":true,"href":"https:\/\/butikhome.pl\/index.php\/wp-json\/wp\/v2\/product_cat?post=10200"},{"taxonomy":"product_tag","embeddable":true,"href":"https:\/\/butikhome.pl\/index.php\/wp-json\/wp\/v2\/product_tag?post=10200"}],"curies":[{"name":"wp","href":"https:\/\/api.w.org\/{rel}","templated":true}]}}