{"id":10258,"date":"2023-03-29T16:07:23","date_gmt":"2023-03-29T14:07:23","guid":{"rendered":"https:\/\/butikhome.pl\/index.php\/produkt\/biustonosz-blanca-k357-granatowy\/"},"modified":"2023-06-26T14:57:05","modified_gmt":"2023-06-26T12:57:05","slug":"biustonosz-blanca-k357-granatowy","status":"publish","type":"product","link":"https:\/\/butikhome.pl\/index.php\/produkt\/biustonosz-blanca-k357-granatowy\/","title":{"rendered":"Biustonosz Blanca K357 Granatowy"},"content":{"rendered":"<p>    -Biustonosz p\u00f3\u0142usztywniany<br \/>\n    -Biustonosz zapinany na plecach<br \/>\n    -Dolna cz\u0119\u015b\u0107 biustonosza usztywniona<br \/>\n    -Fiszbiny boczne<br \/>\n    -Fiszbiny dolne<br \/>\n    -Idealna tak\u017ce na prezent<br \/>\n    -Kobieca stylistyka<br \/>\n    -Koronkowe zdobienia<br \/>\n    -Na wi\u0119ksze biusty<br \/>\n    -Nieodpinane rami\u0105czka<br \/>\n    -Obw\u00f3d biustonosza regulowany<br \/>\n    -Pakowany w pude\u0142ko<br \/>\n    -Produkt polski<br \/>\n    -Przyjemna w dotyku, mi\u0119kka dzianina\/tkanina<br \/>\n    -Rami\u0105czka regulowane<br \/>\n    -Wewn\u0119trzna cz\u0119\u015b\u0107 miseczek pokryta bawe\u0142n\u0105<br \/>\n    -Wysoka jako\u015b\u0107<br \/>\n    -Zdobienia w stylu Glamour<br \/>\n    -Bawe\u0142na: 21%<br \/>\n    -Elastan: 8%<br \/>\n    -Poliamid: 71%<\/p>\n","protected":false},"excerpt":{"rendered":"<p>-Biustonosz p\u00f3\u0142usztywniany -Biustonosz zapinany na plecach -Dolna cz\u0119\u015b\u0107 biustonosza usztywniona -Fiszbiny boczne -Fiszbiny dolne -Idealna tak\u017ce na prezent -Kobieca stylistyka -Koronkowe zdobienia -Na wi\u0119ksze biusty -Nieodpinane rami\u0105czka -Obw\u00f3d biustonosza regulowany -Pakowany w pude\u0142ko -Produkt polski -Przyjemna w dotyku, mi\u0119kka dzianina\/tkanina -Rami\u0105czka regulowane -Wewn\u0119trzna cz\u0119\u015b\u0107 miseczek pokryta bawe\u0142n\u0105 -Wysoka jako\u015b\u0107 -Zdobienia w stylu Glamour -Bawe\u0142na: 21% &hellip; <\/p>\n","protected":false},"featured_media":15678,"comment_status":"open","ping_status":"closed","template":"","meta":[],"product_brand":[],"product_cat":[629,24],"product_tag":[1706,1707,1708,1640,1641,1642,1709,1644,1645,1646,1647,1711,1712,1713,1717,1718,1790,1791,1922,1923,1605,1606,1610,1611,1792,1793,1599,1482,1483,1484,1485,1486,1487,1625,1626,1489,1490,1491,1492,1493,1494,1627,1628,1629,1495,1496,1497,1498,1499,1500,1630,1631,1632,1501,1502,1503,1504,1505,1633,1634,1635,1506,1507,1508,1509,1637,1704,2116,667,1616,1769,1875,1768,2115,1700,1652,1479,206,1480,1297,2117,1078,1679,664,656,2100,1622,301],"class_list":{"0":"post-10258","1":"product","2":"type-product","3":"status-publish","4":"has-post-thumbnail","6":"product_cat-biustonosze-podkategoria-do-bielizny","7":"product_cat-produkty","8":"product_tag-100-b","9":"product_tag-100-c","10":"product_tag-100-d","11":"product_tag-100-e","12":"product_tag-100-f","13":"product_tag-100-g","14":"product_tag-105-b","15":"product_tag-105-c","16":"product_tag-105-d","17":"product_tag-105-e","18":"product_tag-105-f","19":"product_tag-110-b","20":"product_tag-110-c","21":"product_tag-110-d","22":"product_tag-115-b","23":"product_tag-115-c","24":"product_tag-65-g","25":"product_tag-65-h","26":"product_tag-65-i","27":"product_tag-65-j","28":"product_tag-70-e","29":"product_tag-70-f","30":"product_tag-70-g","31":"product_tag-70-h","32":"product_tag-70-i","33":"product_tag-70-j","34":"product_tag-75-c","35":"product_tag-75-d","36":"product_tag-75-e","37":"product_tag-75-f","38":"product_tag-75-g","39":"product_tag-75-h","40":"product_tag-75-i","41":"product_tag-75-j","42":"product_tag-75-k","43":"product_tag-80-c","44":"product_tag-80-d","45":"product_tag-80-e","46":"product_tag-80-f","47":"product_tag-80-g","48":"product_tag-80-h","49":"product_tag-80-i","50":"product_tag-80-j","51":"product_tag-80-k","52":"product_tag-85-b","53":"product_tag-85-c","54":"product_tag-85-d","55":"product_tag-85-e","56":"product_tag-85-f","57":"product_tag-85-g","58":"product_tag-85-h","59":"product_tag-85-i","60":"product_tag-85-j","61":"product_tag-90-b","62":"product_tag-90-c","63":"product_tag-90-d","64":"product_tag-90-e","65":"product_tag-90-f","66":"product_tag-90-g","67":"product_tag-90-h","68":"product_tag-90-i","69":"product_tag-95-b","70":"product_tag-95-c","71":"product_tag-95-d","72":"product_tag-95-e","73":"product_tag-95-f","74":"product_tag-95-g","75":"product_tag-biustonosz-blanca-k357-granatowy","76":"product_tag-biustonosz-polusztywniany","77":"product_tag-biustonosz-zapinany-na-plecach","78":"product_tag-dolna-czesc-biustonosza-usztywniona","79":"product_tag-fiszbiny-boczne-i-dolne","80":"product_tag-granatowy","81":"product_tag-granatowy-65-f","82":"product_tag-idealne-na-prezent","83":"product_tag-idealny-na-wieksze-piersi","84":"product_tag-kobieca-stylistyka","85":"product_tag-koronkowe-zdobienia","86":"product_tag-nieodpinane-ramiaczka","87":"product_tag-pakowane-w-pudelko","88":"product_tag-polski","89":"product_tag-polski-produkt","90":"product_tag-przyjemna-w-dotyku-miekka-dzianina-tkanina","91":"product_tag-ramiaczka-regulowane","92":"product_tag-regulowany-obwod-biutonosza","93":"product_tag-w-stylu-glamour","94":"product_tag-wewnetrzna-czesc-miseczek-pokryta-bawelna","95":"product_tag-wysoka-jakosc","97":"first","98":"instock","99":"taxable","100":"shipping-taxable","101":"purchasable","102":"product-type-simple"},"_links":{"self":[{"href":"https:\/\/butikhome.pl\/index.php\/wp-json\/wp\/v2\/product\/10258","targetHints":{"allow":["GET"]}}],"collection":[{"href":"https:\/\/butikhome.pl\/index.php\/wp-json\/wp\/v2\/product"}],"about":[{"href":"https:\/\/butikhome.pl\/index.php\/wp-json\/wp\/v2\/types\/product"}],"replies":[{"embeddable":true,"href":"https:\/\/butikhome.pl\/index.php\/wp-json\/wp\/v2\/comments?post=10258"}],"wp:featuredmedia":[{"embeddable":true,"href":"https:\/\/butikhome.pl\/index.php\/wp-json\/wp\/v2\/media\/15678"}],"wp:attachment":[{"href":"https:\/\/butikhome.pl\/index.php\/wp-json\/wp\/v2\/media?parent=10258"}],"wp:term":[{"taxonomy":"product_brand","embeddable":true,"href":"https:\/\/butikhome.pl\/index.php\/wp-json\/wp\/v2\/product_brand?post=10258"},{"taxonomy":"product_cat","embeddable":true,"href":"https:\/\/butikhome.pl\/index.php\/wp-json\/wp\/v2\/product_cat?post=10258"},{"taxonomy":"product_tag","embeddable":true,"href":"https:\/\/butikhome.pl\/index.php\/wp-json\/wp\/v2\/product_tag?post=10258"}],"curies":[{"name":"wp","href":"https:\/\/api.w.org\/{rel}","templated":true}]}}