{"id":10608,"date":"2023-03-29T16:12:47","date_gmt":"2023-03-29T14:12:47","guid":{"rendered":"https:\/\/butikhome.pl\/index.php\/produkt\/biustonosz-celine-k701-czarny\/"},"modified":"2023-06-22T15:06:11","modified_gmt":"2023-06-22T13:06:11","slug":"biustonosz-celine-k701-czarny","status":"publish","type":"product","link":"https:\/\/butikhome.pl\/index.php\/produkt\/biustonosz-celine-k701-czarny\/","title":{"rendered":"Biustonosz Celine K701 Czarny"},"content":{"rendered":"<p>-Biustonosz zapinany na plecach<br \/>\n-Brak usztywnienia w miseczkach<br \/>\n-Fiszbiny boczne<br \/>\n-Na wi\u0119ksze biusty<br \/>\n-Nieodpinane ozdobne paski na dekolcie<br \/>\n-Nieodpinane rami\u0105czka<br \/>\n-Ozdobne paski na dekolcie<br \/>\n-Pakowany w pude\u0142ko<br \/>\n-Produkt polski<br \/>\n-Przyjemna w dotyku, mi\u0119kka dzianina\/tkanina<br \/>\n-Rami\u0105czka regulowane<br \/>\n-Wysoka jako\u015b\u0107<br \/>\n-Elastan: 7%<br \/>\n-Poliamid: 90%<br \/>\n-Poliester: 3%<\/p>\n","protected":false},"excerpt":{"rendered":"<p>-Biustonosz zapinany na plecach -Brak usztywnienia w miseczkach -Fiszbiny boczne -Na wi\u0119ksze biusty -Nieodpinane ozdobne paski na dekolcie -Nieodpinane rami\u0105czka -Ozdobne paski na dekolcie -Pakowany w pude\u0142ko -Produkt polski -Przyjemna w dotyku, mi\u0119kka dzianina\/tkanina -Rami\u0105czka regulowane -Wysoka jako\u015b\u0107 -Elastan: 7% -Poliamid: 90% -Poliester: 3%<\/p>\n","protected":false},"featured_media":15669,"comment_status":"open","ping_status":"closed","template":"","meta":[],"product_brand":[],"product_cat":[629,24],"product_tag":[1724,2106,1089,2105,1469,1984,660,1785,1480,1516,1297,1078,1679,664,301,1468],"class_list":{"0":"post-10608","1":"product","2":"type-product","3":"status-publish","4":"has-post-thumbnail","6":"product_cat-biustonosze-podkategoria-do-bielizny","7":"product_cat-produkty","8":"product_tag-bez-usztywnien","9":"product_tag-biustnosz-celine-k701-czarny","10":"product_tag-czarny","11":"product_tag-czarny-70-j","12":"product_tag-fiszbiny-boczne","13":"product_tag-gorsenia","14":"product_tag-na-wiekszy-biust","15":"product_tag-nieodpinane-ozdobne-paski-na-biuscie","16":"product_tag-nieodpinane-ramiaczka","17":"product_tag-ozdobne-paski-na-dekoldzie","18":"product_tag-pakowane-w-pudelko","19":"product_tag-polski-produkt","20":"product_tag-przyjemna-w-dotyku-miekka-dzianina-tkanina","21":"product_tag-ramiaczka-regulowane","22":"product_tag-wysoka-jakosc","23":"product_tag-zapinany-na-plecach","25":"first","26":"instock","27":"taxable","28":"shipping-taxable","29":"purchasable","30":"product-type-simple"},"_links":{"self":[{"href":"https:\/\/butikhome.pl\/index.php\/wp-json\/wp\/v2\/product\/10608","targetHints":{"allow":["GET"]}}],"collection":[{"href":"https:\/\/butikhome.pl\/index.php\/wp-json\/wp\/v2\/product"}],"about":[{"href":"https:\/\/butikhome.pl\/index.php\/wp-json\/wp\/v2\/types\/product"}],"replies":[{"embeddable":true,"href":"https:\/\/butikhome.pl\/index.php\/wp-json\/wp\/v2\/comments?post=10608"}],"wp:featuredmedia":[{"embeddable":true,"href":"https:\/\/butikhome.pl\/index.php\/wp-json\/wp\/v2\/media\/15669"}],"wp:attachment":[{"href":"https:\/\/butikhome.pl\/index.php\/wp-json\/wp\/v2\/media?parent=10608"}],"wp:term":[{"taxonomy":"product_brand","embeddable":true,"href":"https:\/\/butikhome.pl\/index.php\/wp-json\/wp\/v2\/product_brand?post=10608"},{"taxonomy":"product_cat","embeddable":true,"href":"https:\/\/butikhome.pl\/index.php\/wp-json\/wp\/v2\/product_cat?post=10608"},{"taxonomy":"product_tag","embeddable":true,"href":"https:\/\/butikhome.pl\/index.php\/wp-json\/wp\/v2\/product_tag?post=10608"}],"curies":[{"name":"wp","href":"https:\/\/api.w.org\/{rel}","templated":true}]}}