{"id":10614,"date":"2023-03-29T16:12:52","date_gmt":"2023-03-29T14:12:52","guid":{"rendered":"https:\/\/butikhome.pl\/index.php\/produkt\/biustonosz-charlotte-k546\/"},"modified":"2023-06-22T14:54:49","modified_gmt":"2023-06-22T12:54:49","slug":"biustonosz-charlotte-k546","status":"publish","type":"product","link":"https:\/\/butikhome.pl\/index.php\/produkt\/biustonosz-charlotte-k546\/","title":{"rendered":"Biustonosz Charlotte K546"},"content":{"rendered":"<p>Pi\u0119kny, pudrowor\u00f3\u017cowy biustonosz w konstrukcji soft, na fiszbinach, inspirowany stylem Glamour. W delikatnej, kolorystyce, z lekko b\u0142yszcz\u0105cym, srebrzystym haftem na dekolcie. Wyj\u0105tkowy, z pewno\u015bci\u0105 sprawi, \u017ce poczujesz si\u0119 w nim bardzo kobieco. G\u00f3rna cz\u0119\u015b\u0107 z lekkim prze\u015bwitem, boki misek wykonane z g\u0142adkiej tkaniny. Fason na fiszbinach, dobrze zbiera piersi i odpowiednio je modeluje. Sk\u0142ad: 90% poliamid, 7% elastan, 3% poliester.p><\/p>\n","protected":false},"excerpt":{"rendered":"<p>Pi\u0119kny, pudrowor\u00f3\u017cowy biustonosz w konstrukcji soft, na fiszbinach, inspirowany stylem Glamour. W delikatnej, kolorystyce, z lekko b\u0142yszcz\u0105cym, srebrzystym haftem na dekolcie. Wyj\u0105tkowy, z pewno\u015bci\u0105 sprawi, \u017ce poczujesz si\u0119 w nim bardzo kobieco. G\u00f3rna cz\u0119\u015b\u0107 z lekkim prze\u015bwitem, boki misek wykonane z g\u0142adkiej tkaniny. Fason na fiszbinach, dobrze zbiera piersi i odpowiednio je modeluje. Sk\u0142ad: 90% &hellip; <\/p>\n","protected":false},"featured_media":15666,"comment_status":"open","ping_status":"closed","template":"","meta":[],"product_brand":[],"product_cat":[629,24],"product_tag":[1947,2098,2103,1963,2104,1984,2101,76,1297,1078,2099,2097,2102,2100],"class_list":{"0":"post-10614","1":"product","2":"type-product","3":"status-publish","4":"has-post-thumbnail","6":"product_cat-biustonosze-podkategoria-do-bielizny","7":"product_cat-produkty","8":"product_tag-bardzo-kobiecy","9":"product_tag-biustonosz-charlotte-k546","10":"product_tag-boki-miseczek-wykonane-z-gladkiej-tkaniny","11":"product_tag-dobrze-zbiera-unosi-i-modeluje-piersi","12":"product_tag-fason-na-fiszbinach","13":"product_tag-gorsenia","14":"product_tag-lekko-blyszczacy-srebrzysty-haft-na-dekolcie","15":"product_tag-miekka-linia-soft","16":"product_tag-pakowane-w-pudelko","17":"product_tag-polski-produkt","18":"product_tag-pudroworozowy","19":"product_tag-pudrowy-roz-70-l","20":"product_tag-w-gornej-czesci-lekki-przeswit","21":"product_tag-w-stylu-glamour","23":"first","24":"instock","25":"taxable","26":"shipping-taxable","27":"purchasable","28":"product-type-simple"},"_links":{"self":[{"href":"https:\/\/butikhome.pl\/index.php\/wp-json\/wp\/v2\/product\/10614","targetHints":{"allow":["GET"]}}],"collection":[{"href":"https:\/\/butikhome.pl\/index.php\/wp-json\/wp\/v2\/product"}],"about":[{"href":"https:\/\/butikhome.pl\/index.php\/wp-json\/wp\/v2\/types\/product"}],"replies":[{"embeddable":true,"href":"https:\/\/butikhome.pl\/index.php\/wp-json\/wp\/v2\/comments?post=10614"}],"wp:featuredmedia":[{"embeddable":true,"href":"https:\/\/butikhome.pl\/index.php\/wp-json\/wp\/v2\/media\/15666"}],"wp:attachment":[{"href":"https:\/\/butikhome.pl\/index.php\/wp-json\/wp\/v2\/media?parent=10614"}],"wp:term":[{"taxonomy":"product_brand","embeddable":true,"href":"https:\/\/butikhome.pl\/index.php\/wp-json\/wp\/v2\/product_brand?post=10614"},{"taxonomy":"product_cat","embeddable":true,"href":"https:\/\/butikhome.pl\/index.php\/wp-json\/wp\/v2\/product_cat?post=10614"},{"taxonomy":"product_tag","embeddable":true,"href":"https:\/\/butikhome.pl\/index.php\/wp-json\/wp\/v2\/product_tag?post=10614"}],"curies":[{"name":"wp","href":"https:\/\/api.w.org\/{rel}","templated":true}]}}