{"id":10616,"date":"2023-03-29T16:12:52","date_gmt":"2023-03-29T14:12:52","guid":{"rendered":"https:\/\/butikhome.pl\/index.php\/produkt\/biustonosz-chiara-k755-czarny\/"},"modified":"2023-06-21T13:59:22","modified_gmt":"2023-06-21T11:59:22","slug":"biustonosz-chiara-k755-czarny","status":"publish","type":"product","link":"https:\/\/butikhome.pl\/index.php\/produkt\/biustonosz-chiara-k755-czarny\/","title":{"rendered":"Biustonosz Chiara K755 Czarny"},"content":{"rendered":"<p>    -Biustonosz zapinany na plecach<br \/>\n    -Brak usztywnienia w miseczkach<br \/>\n    -Fiszbiny boczne<br \/>\n    -Fiszbiny dolne<br \/>\n    -G\u0142\u0119bokie, wygodne miseczki<br \/>\n    -Idealna tak\u017ce na prezent<br \/>\n    -Kobieca stylistyka<br \/>\n    -Koronkowe zdobienia<br \/>\n    -Obw\u00f3d biustonosza regulowany<br \/>\n    -Ozdobne przeszycia na biustonoszu<br \/>\n    -Pakowany w pude\u0142ko<br \/>\n    -Produkt polski<br \/>\n    -Przy rami\u0105czkach ozdobne kokardki<br \/>\n    -Rami\u0105czka regulowane<br \/>\n    -Siateczkowe zdobienia<br \/>\n    -Wysoka jako\u015b\u0107<br \/>\n    -Zdobienia w stylu Glamour<br \/>\n    -Elastan: 7%<br \/>\n    -Poliamid: 90%<br \/>\n    -Poliester: 3%<\/p>\n","protected":false},"excerpt":{"rendered":"<p>-Biustonosz zapinany na plecach -Brak usztywnienia w miseczkach -Fiszbiny boczne -Fiszbiny dolne -G\u0142\u0119bokie, wygodne miseczki -Idealna tak\u017ce na prezent -Kobieca stylistyka -Koronkowe zdobienia -Obw\u00f3d biustonosza regulowany -Ozdobne przeszycia na biustonoszu -Pakowany w pude\u0142ko -Produkt polski -Przy rami\u0105czkach ozdobne kokardki -Rami\u0105czka regulowane -Siateczkowe zdobienia -Wysoka jako\u015b\u0107 -Zdobienia w stylu Glamour -Elastan: 7% -Poliamid: 90% -Poliester: 3%<\/p>\n","protected":false},"featured_media":15664,"comment_status":"open","ping_status":"closed","template":"","meta":[],"product_brand":[],"product_cat":[629,24],"product_tag":[1724,2095,1616,1089,2094,1875,685,1618,1781,1479,206,2096,661,1786,1517,1297,1078,664,665,301,1306],"class_list":{"0":"post-10616","1":"product","2":"type-product","3":"status-publish","4":"has-post-thumbnail","6":"product_cat-biustonosze-podkategoria-do-bielizny","7":"product_cat-produkty","8":"product_tag-bez-usztywnien","9":"product_tag-biustonosz-chiara-k755-czarny","10":"product_tag-biustonosz-zapinany-na-plecach","11":"product_tag-czarny","12":"product_tag-czarny-95-j","13":"product_tag-fiszbiny-boczne-i-dolne","14":"product_tag-glamour","15":"product_tag-glebokie-wygodne-miseczki","16":"product_tag-idealna-na-prezent","17":"product_tag-kobieca-stylistyka","18":"product_tag-koronkowe-zdobienia","19":"product_tag-kwiecisty","20":"product_tag-obwod-biustonosza-regulowany","21":"product_tag-ozdobne-kokardki-na-ramiaczkach","22":"product_tag-ozdobne-przeszycia-na-biustonoszu","23":"product_tag-pakowane-w-pudelko","24":"product_tag-polski-produkt","25":"product_tag-ramiaczka-regulowane","26":"product_tag-siateczkowe-zdobienia","27":"product_tag-wysoka-jakosc","28":"product_tag-zdobienia-w-stylu-glamour","30":"first","31":"instock","32":"taxable","33":"shipping-taxable","34":"purchasable","35":"product-type-simple"},"_links":{"self":[{"href":"https:\/\/butikhome.pl\/index.php\/wp-json\/wp\/v2\/product\/10616","targetHints":{"allow":["GET"]}}],"collection":[{"href":"https:\/\/butikhome.pl\/index.php\/wp-json\/wp\/v2\/product"}],"about":[{"href":"https:\/\/butikhome.pl\/index.php\/wp-json\/wp\/v2\/types\/product"}],"replies":[{"embeddable":true,"href":"https:\/\/butikhome.pl\/index.php\/wp-json\/wp\/v2\/comments?post=10616"}],"wp:featuredmedia":[{"embeddable":true,"href":"https:\/\/butikhome.pl\/index.php\/wp-json\/wp\/v2\/media\/15664"}],"wp:attachment":[{"href":"https:\/\/butikhome.pl\/index.php\/wp-json\/wp\/v2\/media?parent=10616"}],"wp:term":[{"taxonomy":"product_brand","embeddable":true,"href":"https:\/\/butikhome.pl\/index.php\/wp-json\/wp\/v2\/product_brand?post=10616"},{"taxonomy":"product_cat","embeddable":true,"href":"https:\/\/butikhome.pl\/index.php\/wp-json\/wp\/v2\/product_cat?post=10616"},{"taxonomy":"product_tag","embeddable":true,"href":"https:\/\/butikhome.pl\/index.php\/wp-json\/wp\/v2\/product_tag?post=10616"}],"curies":[{"name":"wp","href":"https:\/\/api.w.org\/{rel}","templated":true}]}}