{"id":10661,"date":"2023-03-29T16:13:39","date_gmt":"2023-03-29T14:13:39","guid":{"rendered":"https:\/\/butikhome.pl\/index.php\/produkt\/biustonosz-christina-k680-bezowy\/"},"modified":"2023-06-21T13:04:30","modified_gmt":"2023-06-21T11:04:30","slug":"biustonosz-christina-k680-bezowy","status":"publish","type":"product","link":"https:\/\/butikhome.pl\/index.php\/produkt\/biustonosz-christina-k680-bezowy\/","title":{"rendered":"Biustonosz Christina K680 Be\u017cowy"},"content":{"rendered":"<p>    -Biustonosz p\u00f3\u0142usztywniany<br \/>\n    -Na wi\u0119ksze biusty<br \/>\n    -Nieodpinane rami\u0105czka<br \/>\n    -Pakowany w pude\u0142ko<br \/>\n    -Produkt polski<br \/>\n    -Rami\u0105czka regulowane<br \/>\n    -Bawe\u0142na: 21%<br \/>\n    -Elastan: 8%<br \/>\n    -Poliamid: 71%<\/p>\n","protected":false},"excerpt":{"rendered":"<p>-Biustonosz p\u00f3\u0142usztywniany -Na wi\u0119ksze biusty -Nieodpinane rami\u0105czka -Pakowany w pude\u0142ko -Produkt polski -Rami\u0105czka regulowane -Bawe\u0142na: 21% -Elastan: 8% -Poliamid: 71%<\/p>\n","protected":false},"featured_media":15662,"comment_status":"open","ping_status":"closed","template":"","meta":[],"product_brand":[],"product_cat":[629,24],"product_tag":[1615,2092,667,2093,1618,2089,2076,671,1480,1517,1297,1078,664,203],"class_list":{"0":"post-10661","1":"product","2":"type-product","3":"status-publish","4":"has-post-thumbnail","6":"product_cat-biustonosze-podkategoria-do-bielizny","7":"product_cat-produkty","8":"product_tag-bezowy","9":"product_tag-bezowy-75-k","10":"product_tag-biustonosz-polusztywniany","11":"product_tag-biusztonosz-christina-k680-bezowy","12":"product_tag-glebokie-wygodne-miseczki","13":"product_tag-idealnie-zbiera-piersi","14":"product_tag-idealny-na-wiekszy-biust","15":"product_tag-kobiecy","16":"product_tag-nieodpinane-ramiaczka","17":"product_tag-ozdobne-przeszycia-na-biustonoszu","18":"product_tag-pakowane-w-pudelko","19":"product_tag-polski-produkt","20":"product_tag-ramiaczka-regulowane","21":"product_tag-transparentne-wstawki","23":"first","24":"instock","25":"taxable","26":"shipping-taxable","27":"purchasable","28":"product-type-simple"},"_links":{"self":[{"href":"https:\/\/butikhome.pl\/index.php\/wp-json\/wp\/v2\/product\/10661","targetHints":{"allow":["GET"]}}],"collection":[{"href":"https:\/\/butikhome.pl\/index.php\/wp-json\/wp\/v2\/product"}],"about":[{"href":"https:\/\/butikhome.pl\/index.php\/wp-json\/wp\/v2\/types\/product"}],"replies":[{"embeddable":true,"href":"https:\/\/butikhome.pl\/index.php\/wp-json\/wp\/v2\/comments?post=10661"}],"wp:featuredmedia":[{"embeddable":true,"href":"https:\/\/butikhome.pl\/index.php\/wp-json\/wp\/v2\/media\/15662"}],"wp:attachment":[{"href":"https:\/\/butikhome.pl\/index.php\/wp-json\/wp\/v2\/media?parent=10661"}],"wp:term":[{"taxonomy":"product_brand","embeddable":true,"href":"https:\/\/butikhome.pl\/index.php\/wp-json\/wp\/v2\/product_brand?post=10661"},{"taxonomy":"product_cat","embeddable":true,"href":"https:\/\/butikhome.pl\/index.php\/wp-json\/wp\/v2\/product_cat?post=10661"},{"taxonomy":"product_tag","embeddable":true,"href":"https:\/\/butikhome.pl\/index.php\/wp-json\/wp\/v2\/product_tag?post=10661"}],"curies":[{"name":"wp","href":"https:\/\/api.w.org\/{rel}","templated":true}]}}