{"id":10664,"date":"2023-03-29T16:13:42","date_gmt":"2023-03-29T14:13:42","guid":{"rendered":"https:\/\/butikhome.pl\/index.php\/produkt\/biustonosz-destiny-k500-bialy\/"},"modified":"2023-06-21T12:57:02","modified_gmt":"2023-06-21T10:57:02","slug":"biustonosz-destiny-k500-bialy","status":"publish","type":"product","link":"https:\/\/butikhome.pl\/index.php\/produkt\/biustonosz-destiny-k500-bialy\/","title":{"rendered":"Biustonosz Destiny K500 Bia\u0142y"},"content":{"rendered":"<p>Biustonosz w konstrukcji soft w bazowym, bia\u0142ym kolorze. Zdobiony stylowym haftem, kt\u00f3ry idealnie komponuje si\u0119 z ca\u0142o\u015bci\u0105. Biustonosz wykonano z dzianiny siateczkowej, o zmys\u0142owym, lekkim prze\u015bwicie. G\u00f3rna kraw\u0119d\u017a zdobiona tasiemk\u0105. Rami\u0105czka z kokardkami. \u015arodek biustonosza ze z\u0142ot\u0105 przywieszk\u0105. Konstrukcja idealnie zbiera piersi z bok\u00f3w, unosi je i doskonale prezentuje w dekolcie, tworzy pi\u0119kny, zaokr\u0105glony biust. Sk\u0142ad: 90% poliamid, 7% elastan, 3% poliester. <\/p>\n","protected":false},"excerpt":{"rendered":"<p>Biustonosz w konstrukcji soft w bazowym, bia\u0142ym kolorze. Zdobiony stylowym haftem, kt\u00f3ry idealnie komponuje si\u0119 z ca\u0142o\u015bci\u0105. Biustonosz wykonano z dzianiny siateczkowej, o zmys\u0142owym, lekkim prze\u015bwicie. G\u00f3rna kraw\u0119d\u017a zdobiona tasiemk\u0105. Rami\u0105czka z kokardkami. \u015arodek biustonosza ze z\u0142ot\u0105 przywieszk\u0105. Konstrukcja idealnie zbiera piersi z bok\u00f3w, unosi je i doskonale prezentuje w dekolcie, tworzy pi\u0119kny, zaokr\u0105glony biust. &hellip; <\/p>\n","protected":false},"featured_media":15658,"comment_status":"open","ping_status":"closed","template":"","meta":[],"product_brand":[],"product_cat":[629,24],"product_tag":[672,2082,2083,2090,2087,1984,2089,76,1956,2091,1685,2085,2084,2088,2086],"class_list":{"0":"post-10664","1":"product","2":"type-product","3":"status-publish","4":"has-post-thumbnail","6":"product_cat-biustonosze-podkategoria-do-bielizny","7":"product_cat-produkty","8":"product_tag-bialy","9":"product_tag-bialy-65-j","10":"product_tag-biustonosz-destiny-k500-bialy","11":"product_tag-doskonale-prezentuje-piersi-w-dekolcie","12":"product_tag-gorna-krawedz-zdobiona-tasiemka","13":"product_tag-gorsenia","14":"product_tag-idealnie-zbiera-piersi","15":"product_tag-miekka-linia-soft","16":"product_tag-ramiaczka-z-kokardkami","17":"product_tag-tworzy-piekny-zaokraglony-biust","18":"product_tag-unosi-piersi","19":"product_tag-z-dzianiny-siateczkowej","20":"product_tag-zdobiony-stylowym-haftem","21":"product_tag-zlota-przywieszka-na-srodku-biustonosza","22":"product_tag-zmyslowy-lekki-przeswit","24":"first","25":"instock","26":"taxable","27":"shipping-taxable","28":"purchasable","29":"product-type-simple"},"_links":{"self":[{"href":"https:\/\/butikhome.pl\/index.php\/wp-json\/wp\/v2\/product\/10664","targetHints":{"allow":["GET"]}}],"collection":[{"href":"https:\/\/butikhome.pl\/index.php\/wp-json\/wp\/v2\/product"}],"about":[{"href":"https:\/\/butikhome.pl\/index.php\/wp-json\/wp\/v2\/types\/product"}],"replies":[{"embeddable":true,"href":"https:\/\/butikhome.pl\/index.php\/wp-json\/wp\/v2\/comments?post=10664"}],"wp:featuredmedia":[{"embeddable":true,"href":"https:\/\/butikhome.pl\/index.php\/wp-json\/wp\/v2\/media\/15658"}],"wp:attachment":[{"href":"https:\/\/butikhome.pl\/index.php\/wp-json\/wp\/v2\/media?parent=10664"}],"wp:term":[{"taxonomy":"product_brand","embeddable":true,"href":"https:\/\/butikhome.pl\/index.php\/wp-json\/wp\/v2\/product_brand?post=10664"},{"taxonomy":"product_cat","embeddable":true,"href":"https:\/\/butikhome.pl\/index.php\/wp-json\/wp\/v2\/product_cat?post=10664"},{"taxonomy":"product_tag","embeddable":true,"href":"https:\/\/butikhome.pl\/index.php\/wp-json\/wp\/v2\/product_tag?post=10664"}],"curies":[{"name":"wp","href":"https:\/\/api.w.org\/{rel}","templated":true}]}}