{"id":10704,"date":"2023-03-29T16:14:21","date_gmt":"2023-03-29T14:14:21","guid":{"rendered":"https:\/\/butikhome.pl\/index.php\/produkt\/biustonosz-gloria-k392-czarny\/"},"modified":"2023-06-21T12:18:53","modified_gmt":"2023-06-21T10:18:53","slug":"biustonosz-gloria-k392-czarny","status":"publish","type":"product","link":"https:\/\/butikhome.pl\/index.php\/produkt\/biustonosz-gloria-k392-czarny\/","title":{"rendered":"Biustonosz Gloria K392 Czarny"},"content":{"rendered":"<p>Wyj\u0105tkowy biustonosz z kolekcji Top &#8211; jeden z najlepszych od Gorsenii. \u015awietna, sprawdzona konstrukcja, dedykowana szczeg\u00f3lnie na wi\u0119ksze biusty. Do tego zmys\u0142owy, czarny, intryguj\u0105cy haft na be\u017cowym tiulu (siateczce), kt\u00f3ry wy\u015bmienicie zdobi obie miseczki. Wspania\u0142y model w wersji soft. Wybierz go i ciesz si\u0119 pi\u0119knie zebranym, uniesionym, uj\u0119drnionym i uj\u0119tym we w\u0142a\u015bciwym miejscu biustem. Nie czekaj a\u017c go zabraknie, ten model warto mie\u0107. Rami\u0105czka o regulowanej d\u0142ugo\u015bci, dopasowane do rozmiaru biustonosza. Obw\u00f3d, kt\u00f3ry dobrze trzyma si\u0119 cia\u0142a i zapobiega przesuwaniu si\u0119 bielizny. Fiszbiny pionowe we wszystkich rozmiarach biustonosza. Sk\u0142ad: 90% poliamid, 7% elastan, 3% poliester.<\/p>\n","protected":false},"excerpt":{"rendered":"<p>Wyj\u0105tkowy biustonosz z kolekcji Top &#8211; jeden z najlepszych od Gorsenii. \u015awietna, sprawdzona konstrukcja, dedykowana szczeg\u00f3lnie na wi\u0119ksze biusty. Do tego zmys\u0142owy, czarny, intryguj\u0105cy haft na be\u017cowym tiulu (siateczce), kt\u00f3ry wy\u015bmienicie zdobi obie miseczki. Wspania\u0142y model w wersji soft. Wybierz go i ciesz si\u0119 pi\u0119knie zebranym, uniesionym, uj\u0119drnionym i uj\u0119tym we w\u0142a\u015bciwym miejscu biustem. Nie &hellip; <\/p>\n","protected":false},"featured_media":15655,"comment_status":"open","ping_status":"closed","template":"","meta":[],"product_brand":[],"product_cat":[1550,629,24],"product_tag":[2075,1089,1739,1904,2081,1984,2076,2078,2079,664,2080,2077],"class_list":{"0":"post-10704","1":"product","2":"type-product","3":"status-publish","4":"has-post-thumbnail","6":"product_cat-70-f","7":"product_cat-biustonosze-podkategoria-do-bielizny","8":"product_cat-produkty","9":"product_tag-biustonosz-gloria-k392-czarny","10":"product_tag-czarny","11":"product_tag-czarny-70-f","12":"product_tag-elastyczny-obwod-ktory-dobrze-trzyma","13":"product_tag-fiszbiny-pionowe","14":"product_tag-gorsenia","15":"product_tag-idealny-na-wiekszy-biust","16":"product_tag-intrygujacy-haft-na-bezowym-tiulu","17":"product_tag-model-w-wersji-soft","18":"product_tag-ramiaczka-regulowane","19":"product_tag-zbiera-unosi-ujedrnia-i-utrzymuje-biust-we-wlasciwym-miejscu","20":"product_tag-zmyslowy","22":"first","23":"instock","24":"taxable","25":"shipping-taxable","26":"purchasable","27":"product-type-simple"},"_links":{"self":[{"href":"https:\/\/butikhome.pl\/index.php\/wp-json\/wp\/v2\/product\/10704","targetHints":{"allow":["GET"]}}],"collection":[{"href":"https:\/\/butikhome.pl\/index.php\/wp-json\/wp\/v2\/product"}],"about":[{"href":"https:\/\/butikhome.pl\/index.php\/wp-json\/wp\/v2\/types\/product"}],"replies":[{"embeddable":true,"href":"https:\/\/butikhome.pl\/index.php\/wp-json\/wp\/v2\/comments?post=10704"}],"wp:featuredmedia":[{"embeddable":true,"href":"https:\/\/butikhome.pl\/index.php\/wp-json\/wp\/v2\/media\/15655"}],"wp:attachment":[{"href":"https:\/\/butikhome.pl\/index.php\/wp-json\/wp\/v2\/media?parent=10704"}],"wp:term":[{"taxonomy":"product_brand","embeddable":true,"href":"https:\/\/butikhome.pl\/index.php\/wp-json\/wp\/v2\/product_brand?post=10704"},{"taxonomy":"product_cat","embeddable":true,"href":"https:\/\/butikhome.pl\/index.php\/wp-json\/wp\/v2\/product_cat?post=10704"},{"taxonomy":"product_tag","embeddable":true,"href":"https:\/\/butikhome.pl\/index.php\/wp-json\/wp\/v2\/product_tag?post=10704"}],"curies":[{"name":"wp","href":"https:\/\/api.w.org\/{rel}","templated":true}]}}