{"id":10707,"date":"2023-03-29T16:14:22","date_gmt":"2023-03-29T14:14:22","guid":{"rendered":"https:\/\/butikhome.pl\/index.php\/produkt\/biustonosz-granada-k656-granatowy\/"},"modified":"2023-06-21T11:54:39","modified_gmt":"2023-06-21T09:54:39","slug":"biustonosz-granada-k656-granatowy","status":"publish","type":"product","link":"https:\/\/butikhome.pl\/index.php\/produkt\/biustonosz-granada-k656-granatowy\/","title":{"rendered":"Biustonosz Granada K656 Granatowy"},"content":{"rendered":"<p>Granatowy, elegancki biustonosz, kt\u00f3ry doskonale modeluje, unosi i utrzymuje biust na swoim miejscu. G\u0142adki u podstawy, \u015bwietny do jesienno-zimowych stylizacji, \u0142adnie ukryje si\u0119 pod sweterkiem czy bluzeczk\u0105, z finezyjnie zaakcentowan\u0105 lini\u0105 dekoltu. G\u00f3ra z delikatnego tiulu dope\u0142niona wstawk\u0105 z przepi\u0119knej koronki. Szeroko\u015b\u0107 rami\u0105czek dopasowana do rozmiaru biustonosza. U podstawy fiszbiny. Sk\u0142ad: 90% poliamid, 7% elastan, 3% poliester.<\/p>\n","protected":false},"excerpt":{"rendered":"<p>Granatowy, elegancki biustonosz, kt\u00f3ry doskonale modeluje, unosi i utrzymuje biust na swoim miejscu. G\u0142adki u podstawy, \u015bwietny do jesienno-zimowych stylizacji, \u0142adnie ukryje si\u0119 pod sweterkiem czy bluzeczk\u0105, z finezyjnie zaakcentowan\u0105 lini\u0105 dekoltu. G\u00f3ra z delikatnego tiulu dope\u0142niona wstawk\u0105 z przepi\u0119knej koronki. Szeroko\u015b\u0107 rami\u0105czek dopasowana do rozmiaru biustonosza. U podstawy fiszbiny. Sk\u0142ad: 90% poliamid, 7% elastan, &hellip; <\/p>\n","protected":false},"featured_media":15653,"comment_status":"open","ping_status":"closed","template":"","meta":[],"product_brand":[],"product_cat":[1549,1557,629,24],"product_tag":[1482,2069,2070,1734,681,2071,2074,1768,2068,2072,2000,1685,1870,2073],"class_list":{"0":"post-10707","1":"product","2":"type-product","3":"status-publish","4":"has-post-thumbnail","6":"product_cat-70-e","7":"product_cat-75-d","8":"product_cat-biustonosze-podkategoria-do-bielizny","9":"product_cat-produkty","10":"product_tag-75-d","11":"product_tag-biustonosz-granada-k656-granatowy","12":"product_tag-doskonale-modeluje","13":"product_tag-elegancki","14":"product_tag-fiszbiny-dolne","15":"product_tag-gladki-w-dole","16":"product_tag-gora-z-delikatnego-tiulu-i-pieknej-koronki","17":"product_tag-granatowy","18":"product_tag-granatowy-70-e","19":"product_tag-idealny-do-jesienno-zimowych-stylizacji","20":"product_tag-szerokosc-ramiaczek-dostosowana-do-rozmiaru","21":"product_tag-unosi-piersi","22":"product_tag-utrzymuje-biust-na-wlasciwym-miejscu","23":"product_tag-zaakcentowany-dekolt","25":"first","26":"instock","27":"taxable","28":"shipping-taxable","29":"purchasable","30":"product-type-simple"},"_links":{"self":[{"href":"https:\/\/butikhome.pl\/index.php\/wp-json\/wp\/v2\/product\/10707","targetHints":{"allow":["GET"]}}],"collection":[{"href":"https:\/\/butikhome.pl\/index.php\/wp-json\/wp\/v2\/product"}],"about":[{"href":"https:\/\/butikhome.pl\/index.php\/wp-json\/wp\/v2\/types\/product"}],"replies":[{"embeddable":true,"href":"https:\/\/butikhome.pl\/index.php\/wp-json\/wp\/v2\/comments?post=10707"}],"wp:featuredmedia":[{"embeddable":true,"href":"https:\/\/butikhome.pl\/index.php\/wp-json\/wp\/v2\/media\/15653"}],"wp:attachment":[{"href":"https:\/\/butikhome.pl\/index.php\/wp-json\/wp\/v2\/media?parent=10707"}],"wp:term":[{"taxonomy":"product_brand","embeddable":true,"href":"https:\/\/butikhome.pl\/index.php\/wp-json\/wp\/v2\/product_brand?post=10707"},{"taxonomy":"product_cat","embeddable":true,"href":"https:\/\/butikhome.pl\/index.php\/wp-json\/wp\/v2\/product_cat?post=10707"},{"taxonomy":"product_tag","embeddable":true,"href":"https:\/\/butikhome.pl\/index.php\/wp-json\/wp\/v2\/product_tag?post=10707"}],"curies":[{"name":"wp","href":"https:\/\/api.w.org\/{rel}","templated":true}]}}