{"id":10709,"date":"2023-03-29T16:14:23","date_gmt":"2023-03-29T14:14:23","guid":{"rendered":"https:\/\/butikhome.pl\/index.php\/produkt\/biustonosz-koktajlowy-g025-bezowy\/"},"modified":"2023-06-21T11:43:23","modified_gmt":"2023-06-21T09:43:23","slug":"biustonosz-koktajlowy-g025-bezowy","status":"publish","type":"product","link":"https:\/\/butikhome.pl\/index.php\/produkt\/biustonosz-koktajlowy-g025-bezowy\/","title":{"rendered":"Biustonosz Koktajlowy G025 Be\u017cowy"},"content":{"rendered":"<p>Bardzo funkcjonalny, g\u0142adki biustonosz w konstrukcji stworzonej bezpo\u015brednio do g\u0142\u0119bokich dekolt\u00f3w. Idealny do sukienek, \u015bwietny na szczeg\u00f3lne okazje, bardzo przydatny. Miseczki zosta\u0142y usztywnione, wzmocnione bocznymi fiszbinami i wyposa\u017cone w wype\u0142nienie push-up, dzi\u0119ki kt\u00f3remu Tw\u00f3j biust b\u0119dzie sexy (push-up bez mo\u017cliwo\u015bci wyj\u0119cia z modelu). Rami\u0105czka odpinane, mog\u0105 by\u0107 przepinane na rozmaite sposoby. Biustonosz dost\u0119pny jest tak\u017ce w klasycznym, czarnym kolorze. Sk\u0142ad: 90% poliamid, 7% elastan, 3% poliester.<\/p>\n","protected":false},"excerpt":{"rendered":"<p>Bardzo funkcjonalny, g\u0142adki biustonosz w konstrukcji stworzonej bezpo\u015brednio do g\u0142\u0119bokich dekolt\u00f3w. Idealny do sukienek, \u015bwietny na szczeg\u00f3lne okazje, bardzo przydatny. Miseczki zosta\u0142y usztywnione, wzmocnione bocznymi fiszbinami i wyposa\u017cone w wype\u0142nienie push-up, dzi\u0119ki kt\u00f3remu Tw\u00f3j biust b\u0119dzie sexy (push-up bez mo\u017cliwo\u015bci wyj\u0119cia z modelu). Rami\u0105czka odpinane, mog\u0105 by\u0107 przepinane na rozmaite sposoby. Biustonosz dost\u0119pny jest tak\u017ce &hellip; <\/p>\n","protected":false},"featured_media":15652,"comment_status":"open","ping_status":"closed","template":"","meta":[],"product_brand":[],"product_cat":[1547,1548,1554,1556,629,24],"product_tag":[1604,1809,1599,2063,2067,680,2060,463,1984,2061,2062,2064,2065,2066,1990],"class_list":{"0":"post-10709","1":"product","2":"type-product","3":"status-publish","4":"has-post-thumbnail","6":"product_cat-70-c","7":"product_cat-70-d","8":"product_cat-75-a","9":"product_cat-75-c","10":"product_cat-biustonosze-podkategoria-do-bielizny","11":"product_cat-produkty","12":"product_tag-70-d","13":"product_tag-75-a","14":"product_tag-75-c","15":"product_tag-bardzo-przydatny","16":"product_tag-bezowy-70-c","17":"product_tag-biustonosz-push-up","18":"product_tag-funkcjonalny","19":"product_tag-gladki","20":"product_tag-gorsenia","21":"product_tag-idealny-do-glebokich-dekoltow","22":"product_tag-idealny-do-sukienek","23":"product_tag-miseczki-usztywnione","24":"product_tag-miseczki-wzmocnione-bocznymi-fiszbinami","25":"product_tag-ramiaczka-moga-byc-przepinane-na-rozne-sposoby","26":"product_tag-ramiaczka-odpinane","28":"first","29":"instock","30":"taxable","31":"shipping-taxable","32":"purchasable","33":"product-type-simple"},"_links":{"self":[{"href":"https:\/\/butikhome.pl\/index.php\/wp-json\/wp\/v2\/product\/10709","targetHints":{"allow":["GET"]}}],"collection":[{"href":"https:\/\/butikhome.pl\/index.php\/wp-json\/wp\/v2\/product"}],"about":[{"href":"https:\/\/butikhome.pl\/index.php\/wp-json\/wp\/v2\/types\/product"}],"replies":[{"embeddable":true,"href":"https:\/\/butikhome.pl\/index.php\/wp-json\/wp\/v2\/comments?post=10709"}],"wp:featuredmedia":[{"embeddable":true,"href":"https:\/\/butikhome.pl\/index.php\/wp-json\/wp\/v2\/media\/15652"}],"wp:attachment":[{"href":"https:\/\/butikhome.pl\/index.php\/wp-json\/wp\/v2\/media?parent=10709"}],"wp:term":[{"taxonomy":"product_brand","embeddable":true,"href":"https:\/\/butikhome.pl\/index.php\/wp-json\/wp\/v2\/product_brand?post=10709"},{"taxonomy":"product_cat","embeddable":true,"href":"https:\/\/butikhome.pl\/index.php\/wp-json\/wp\/v2\/product_cat?post=10709"},{"taxonomy":"product_tag","embeddable":true,"href":"https:\/\/butikhome.pl\/index.php\/wp-json\/wp\/v2\/product_tag?post=10709"}],"curies":[{"name":"wp","href":"https:\/\/api.w.org\/{rel}","templated":true}]}}