{"id":10720,"date":"2023-03-29T16:14:33","date_gmt":"2023-03-29T14:14:33","guid":{"rendered":"https:\/\/butikhome.pl\/index.php\/produkt\/biustonosz-koktajlowy-g025-czarny\/"},"modified":"2023-06-21T11:39:01","modified_gmt":"2023-06-21T09:39:01","slug":"biustonosz-koktajlowy-g025-czarny","status":"publish","type":"product","link":"https:\/\/butikhome.pl\/index.php\/produkt\/biustonosz-koktajlowy-g025-czarny\/","title":{"rendered":"Biustonosz Koktajlowy G025 Czarny"},"content":{"rendered":"<p>Bardzo funkcjonalny, g\u0142adki biustonosz w konstrukcji stworzonej bezpo\u015brednio do g\u0142\u0119bokich dekolt\u00f3w. Idealny do sukienek, \u015bwietny na szczeg\u00f3lne okazje, bardzo przydatny. Miseczki zosta\u0142y usztywnione, wzmocnione bocznymi fiszbinami i wyposa\u017cone w wype\u0142nienie push-up, dzi\u0119ki kt\u00f3remu Tw\u00f3j biust b\u0119dzie sexy (push-up bez mo\u017cliwo\u015bci wyj\u0119cia z modelu). Rami\u0105czka odpinane, mog\u0105 by\u0107 przepinane na rozmaite sposoby. Biustonosz dost\u0119pny jest tak\u017ce w pi\u0119knym, be\u017cowym kolorze. Sk\u0142ad: 90% poliamid, 7% elastan, 3% poliester.<\/p>\n","protected":false},"excerpt":{"rendered":"<p>Bardzo funkcjonalny, g\u0142adki biustonosz w konstrukcji stworzonej bezpo\u015brednio do g\u0142\u0119bokich dekolt\u00f3w. Idealny do sukienek, \u015bwietny na szczeg\u00f3lne okazje, bardzo przydatny. Miseczki zosta\u0142y usztywnione, wzmocnione bocznymi fiszbinami i wyposa\u017cone w wype\u0142nienie push-up, dzi\u0119ki kt\u00f3remu Tw\u00f3j biust b\u0119dzie sexy (push-up bez mo\u017cliwo\u015bci wyj\u0119cia z modelu). Rami\u0105czka odpinane, mog\u0105 by\u0107 przepinane na rozmaite sposoby. Biustonosz dost\u0119pny jest tak\u017ce &hellip; <\/p>\n","protected":false},"featured_media":15646,"comment_status":"open","ping_status":"closed","template":"","meta":[],"product_brand":[],"product_cat":[1546,1547,1548,1549,1554,1555,1556,1557,1558,1564,1565,1566,629,24],"product_tag":[1750,1604,1605,1809,1751,1599,1482,1483,1488,1489,1490,2063,2059,680,1089,2058,2060,463,1984,2061,2062,2064,2065,2066,1990],"class_list":{"0":"post-10720","1":"product","2":"type-product","3":"status-publish","4":"has-post-thumbnail","6":"product_cat-70-b","7":"product_cat-70-c","8":"product_cat-70-d","9":"product_cat-70-e","10":"product_cat-75-a","11":"product_cat-75-b","12":"product_cat-75-c","13":"product_cat-75-d","14":"product_cat-75-e","15":"product_cat-80-b","16":"product_cat-80-c","17":"product_cat-80-d","18":"product_cat-biustonosze-podkategoria-do-bielizny","19":"product_cat-produkty","20":"product_tag-70-c","21":"product_tag-70-d","22":"product_tag-70-e","23":"product_tag-75-a","24":"product_tag-75-b","25":"product_tag-75-c","26":"product_tag-75-d","27":"product_tag-75-e","28":"product_tag-80-b","29":"product_tag-80-c","30":"product_tag-80-d","31":"product_tag-bardzo-przydatny","32":"product_tag-biustonosz-koktajlowy-g025-czarny","33":"product_tag-biustonosz-push-up","34":"product_tag-czarny","35":"product_tag-czarny-70-b","36":"product_tag-funkcjonalny","37":"product_tag-gladki","38":"product_tag-gorsenia","39":"product_tag-idealny-do-glebokich-dekoltow","40":"product_tag-idealny-do-sukienek","41":"product_tag-miseczki-usztywnione","42":"product_tag-miseczki-wzmocnione-bocznymi-fiszbinami","43":"product_tag-ramiaczka-moga-byc-przepinane-na-rozne-sposoby","44":"product_tag-ramiaczka-odpinane","46":"first","47":"instock","48":"taxable","49":"shipping-taxable","50":"purchasable","51":"product-type-simple"},"_links":{"self":[{"href":"https:\/\/butikhome.pl\/index.php\/wp-json\/wp\/v2\/product\/10720","targetHints":{"allow":["GET"]}}],"collection":[{"href":"https:\/\/butikhome.pl\/index.php\/wp-json\/wp\/v2\/product"}],"about":[{"href":"https:\/\/butikhome.pl\/index.php\/wp-json\/wp\/v2\/types\/product"}],"replies":[{"embeddable":true,"href":"https:\/\/butikhome.pl\/index.php\/wp-json\/wp\/v2\/comments?post=10720"}],"wp:featuredmedia":[{"embeddable":true,"href":"https:\/\/butikhome.pl\/index.php\/wp-json\/wp\/v2\/media\/15646"}],"wp:attachment":[{"href":"https:\/\/butikhome.pl\/index.php\/wp-json\/wp\/v2\/media?parent=10720"}],"wp:term":[{"taxonomy":"product_brand","embeddable":true,"href":"https:\/\/butikhome.pl\/index.php\/wp-json\/wp\/v2\/product_brand?post=10720"},{"taxonomy":"product_cat","embeddable":true,"href":"https:\/\/butikhome.pl\/index.php\/wp-json\/wp\/v2\/product_cat?post=10720"},{"taxonomy":"product_tag","embeddable":true,"href":"https:\/\/butikhome.pl\/index.php\/wp-json\/wp\/v2\/product_tag?post=10720"}],"curies":[{"name":"wp","href":"https:\/\/api.w.org\/{rel}","templated":true}]}}