{"id":10861,"date":"2023-03-29T16:16:54","date_gmt":"2023-03-29T14:16:54","guid":{"rendered":"https:\/\/butikhome.pl\/index.php\/produkt\/biustonosz-luisse-k441-czarny\/"},"modified":"2023-06-20T15:52:57","modified_gmt":"2023-06-20T13:52:57","slug":"biustonosz-luisse-k441-czarny","status":"publish","type":"product","link":"https:\/\/butikhome.pl\/index.php\/produkt\/biustonosz-luisse-k441-czarny\/","title":{"rendered":"Biustonosz Luisse K441 Czarny"},"content":{"rendered":"<p>Elegancki, czarny biustonosz typu soft, z fiszbinami. Dobry na \u015brednie i wi\u0119ksze piersi. Bardzo \u0142adnie zdobi dekolt, szczeg\u00f3lnie dzi\u0119ki delikatnej koronce w duecie z lekkim tiulem, kt\u00f3re wyka\u0144czaj\u0105 dekolt. Rami\u0105czka o regulowanej d\u0142ugo\u015bci, dopasowane do rozmiaru. Sk\u0142ad: 90% poliamid, 7% elastan, 3% poliester.<\/p>\n","protected":false},"excerpt":{"rendered":"<p>Elegancki, czarny biustonosz typu soft, z fiszbinami. Dobry na \u015brednie i wi\u0119ksze piersi. Bardzo \u0142adnie zdobi dekolt, szczeg\u00f3lnie dzi\u0119ki delikatnej koronce w duecie z lekkim tiulem, kt\u00f3re wyka\u0144czaj\u0105 dekolt. Rami\u0105czka o regulowanej d\u0142ugo\u015bci, dopasowane do rozmiaru. Sk\u0142ad: 90% poliamid, 7% elastan, 3% poliester.<\/p>\n","protected":false},"featured_media":15641,"comment_status":"open","ping_status":"closed","template":"","meta":[],"product_brand":[],"product_cat":[629,24],"product_tag":[1708,1640,1641,1645,1646,1713,1789,1790,1791,1922,1923,1967,2010,1982,1605,1606,1610,1611,1792,1793,1624,1968,1978,1482,1483,1484,1485,1486,1487,1625,1626,1692,1969,1490,1491,1492,1493,1494,1627,1628,1629,1970,1497,1498,1499,1500,1630,1631,1632,1883,1896,1503,1504,1505,1633,1634,1635,1693,1636,1508,1509,1637,1704,1638,1639,1705,2056,1089,1966,2048,1984,909,2053,2021,660,1390,2050,2051,1078,2049,2052,2047,1825,324],"class_list":{"0":"post-10861","1":"product","2":"type-product","3":"status-publish","4":"has-post-thumbnail","6":"product_cat-biustonosze-podkategoria-do-bielizny","7":"product_cat-produkty","8":"product_tag-100-d","9":"product_tag-100-e","10":"product_tag-100-f","11":"product_tag-105-d","12":"product_tag-105-e","13":"product_tag-110-d","14":"product_tag-65-f","15":"product_tag-65-g","16":"product_tag-65-h","17":"product_tag-65-i","18":"product_tag-65-j","19":"product_tag-65-k","20":"product_tag-65-l","21":"product_tag-65-m","22":"product_tag-70-e","23":"product_tag-70-f","24":"product_tag-70-g","25":"product_tag-70-h","26":"product_tag-70-i","27":"product_tag-70-j","28":"product_tag-70-k","29":"product_tag-70-l","30":"product_tag-70-m","31":"product_tag-75-d","32":"product_tag-75-e","33":"product_tag-75-f","34":"product_tag-75-g","35":"product_tag-75-h","36":"product_tag-75-i","37":"product_tag-75-j","38":"product_tag-75-k","39":"product_tag-75-l","40":"product_tag-75-m","41":"product_tag-80-d","42":"product_tag-80-e","43":"product_tag-80-f","44":"product_tag-80-g","45":"product_tag-80-h","46":"product_tag-80-i","47":"product_tag-80-j","48":"product_tag-80-k","49":"product_tag-80-m","50":"product_tag-85-d","51":"product_tag-85-e","52":"product_tag-85-f","53":"product_tag-85-g","54":"product_tag-85-h","55":"product_tag-85-i","56":"product_tag-85-j","57":"product_tag-85-k","58":"product_tag-85-l","59":"product_tag-90-d","60":"product_tag-90-e","61":"product_tag-90-f","62":"product_tag-90-g","63":"product_tag-90-h","64":"product_tag-90-i","65":"product_tag-90-j","66":"product_tag-90-k","67":"product_tag-95-d","68":"product_tag-95-e","69":"product_tag-95-f","70":"product_tag-95-g","71":"product_tag-95-h","72":"product_tag-95-i","73":"product_tag-95-j","74":"product_tag-biustonosz-luisse-k441-czarny","75":"product_tag-czarny","76":"product_tag-czarny-65-e","77":"product_tag-delikatna-koronka-w-duecie-z-lekkim-tiulem","78":"product_tag-gorsenia","79":"product_tag-komfort-noszenia","80":"product_tag-luisse-k441","81":"product_tag-na-sredni-biust","82":"product_tag-na-wiekszy-biust","83":"product_tag-pakowany-w-pudelko","84":"product_tag-piersi-sa-idealnie-zebrane-do-srodka","85":"product_tag-piersi-sa-podniesione-i-utrzymany-piekny-zaokraglony-ksztalt","86":"product_tag-polski-produkt","87":"product_tag-poszerzane-ramiaczka","88":"product_tag-smietankowy","89":"product_tag-typu-soft","90":"product_tag-z-fiszbinami","91":"product_tag-zdobi-cialo","93":"first","94":"instock","95":"taxable","96":"shipping-taxable","97":"purchasable","98":"product-type-simple"},"_links":{"self":[{"href":"https:\/\/butikhome.pl\/index.php\/wp-json\/wp\/v2\/product\/10861","targetHints":{"allow":["GET"]}}],"collection":[{"href":"https:\/\/butikhome.pl\/index.php\/wp-json\/wp\/v2\/product"}],"about":[{"href":"https:\/\/butikhome.pl\/index.php\/wp-json\/wp\/v2\/types\/product"}],"replies":[{"embeddable":true,"href":"https:\/\/butikhome.pl\/index.php\/wp-json\/wp\/v2\/comments?post=10861"}],"wp:featuredmedia":[{"embeddable":true,"href":"https:\/\/butikhome.pl\/index.php\/wp-json\/wp\/v2\/media\/15641"}],"wp:attachment":[{"href":"https:\/\/butikhome.pl\/index.php\/wp-json\/wp\/v2\/media?parent=10861"}],"wp:term":[{"taxonomy":"product_brand","embeddable":true,"href":"https:\/\/butikhome.pl\/index.php\/wp-json\/wp\/v2\/product_brand?post=10861"},{"taxonomy":"product_cat","embeddable":true,"href":"https:\/\/butikhome.pl\/index.php\/wp-json\/wp\/v2\/product_cat?post=10861"},{"taxonomy":"product_tag","embeddable":true,"href":"https:\/\/butikhome.pl\/index.php\/wp-json\/wp\/v2\/product_tag?post=10861"}],"curies":[{"name":"wp","href":"https:\/\/api.w.org\/{rel}","templated":true}]}}