{"id":10921,"date":"2023-03-29T16:17:56","date_gmt":"2023-03-29T14:17:56","guid":{"rendered":"https:\/\/butikhome.pl\/index.php\/produkt\/biustonosz-luisse-k441-granatowy\/"},"modified":"2023-06-20T15:38:02","modified_gmt":"2023-06-20T13:38:02","slug":"biustonosz-luisse-k441-granatowy","status":"publish","type":"product","link":"https:\/\/butikhome.pl\/index.php\/produkt\/biustonosz-luisse-k441-granatowy\/","title":{"rendered":"Biustonosz Luisse K441 Granatowy"},"content":{"rendered":"<p>Rewelacyjny, bardzo wygodny biustonosz Luisse K441, w nowym, granatowym, eleganckim kolorze. Typu soft, z fiszbinami. Doskona\u0142y na \u015brednie i wi\u0119ksze piersi. Bardzo \u0142adnie zdobi cia\u0142o, szczeg\u00f3lnie dzi\u0119ki delikatnej koronce w duecie z lekkim tiulem. Du\u017c\u0105 zalet\u0105 biustonosza s\u0105 poszerzone rami\u0105czka, kt\u00f3re zapewniaj\u0105 komfort w noszeniu. Ich szeroko\u015b\u0107 uzale\u017cniona jest od rozmiaru. Ca\u0142o\u015b\u0107 sprawia, \u017ce piersi s\u0105 idealnie zebrane do \u015brodka, podniesione i utrzymuj\u0105 pi\u0119kny, zaokr\u0105glony kszta\u0142t. Sk\u0142ad: 90% poliamid, 7% elastan, 3% poliester.<\/p>\n","protected":false},"excerpt":{"rendered":"<p>Rewelacyjny, bardzo wygodny biustonosz Luisse K441, w nowym, granatowym, eleganckim kolorze. Typu soft, z fiszbinami. Doskona\u0142y na \u015brednie i wi\u0119ksze piersi. Bardzo \u0142adnie zdobi cia\u0142o, szczeg\u00f3lnie dzi\u0119ki delikatnej koronce w duecie z lekkim tiulem. Du\u017c\u0105 zalet\u0105 biustonosza s\u0105 poszerzone rami\u0105czka, kt\u00f3re zapewniaj\u0105 komfort w noszeniu. Ich szeroko\u015b\u0107 uzale\u017cniona jest od rozmiaru. Ca\u0142o\u015b\u0107 sprawia, \u017ce piersi &hellip; <\/p>\n","protected":false},"featured_media":15640,"comment_status":"open","ping_status":"closed","template":"","meta":[],"product_brand":[],"product_cat":[629,24],"product_tag":[1708,1641,1646,1789,1790,1791,1922,1923,1605,1606,1610,1793,1624,1968,1978,1482,1483,1484,1485,1487,1969,1490,1491,1492,1493,1494,1627,1628,1882,1497,1499,1631,1505,1633,1634,1635,1639,2054,2048,1984,1768,2055,909,2053,2021,660,1390,2050,2051,1078,2049,2052,2047,1825,324],"class_list":{"0":"post-10921","1":"product","2":"type-product","3":"status-publish","4":"has-post-thumbnail","6":"product_cat-biustonosze-podkategoria-do-bielizny","7":"product_cat-produkty","8":"product_tag-100-d","9":"product_tag-100-f","10":"product_tag-105-e","11":"product_tag-65-f","12":"product_tag-65-g","13":"product_tag-65-h","14":"product_tag-65-i","15":"product_tag-65-j","16":"product_tag-70-e","17":"product_tag-70-f","18":"product_tag-70-g","19":"product_tag-70-j","20":"product_tag-70-k","21":"product_tag-70-l","22":"product_tag-70-m","23":"product_tag-75-d","24":"product_tag-75-e","25":"product_tag-75-f","26":"product_tag-75-g","27":"product_tag-75-i","28":"product_tag-75-m","29":"product_tag-80-d","30":"product_tag-80-e","31":"product_tag-80-f","32":"product_tag-80-g","33":"product_tag-80-h","34":"product_tag-80-i","35":"product_tag-80-j","36":"product_tag-80-l","37":"product_tag-85-d","38":"product_tag-85-f","39":"product_tag-85-i","40":"product_tag-90-f","41":"product_tag-90-g","42":"product_tag-90-h","43":"product_tag-90-i","44":"product_tag-95-i","45":"product_tag-biustonosz-luisse-k441-granatowy","46":"product_tag-delikatna-koronka-w-duecie-z-lekkim-tiulem","47":"product_tag-gorsenia","48":"product_tag-granatowy","49":"product_tag-granatowy-65-e","50":"product_tag-komfort-noszenia","51":"product_tag-luisse-k441","52":"product_tag-na-sredni-biust","53":"product_tag-na-wiekszy-biust","54":"product_tag-pakowany-w-pudelko","55":"product_tag-piersi-sa-idealnie-zebrane-do-srodka","56":"product_tag-piersi-sa-podniesione-i-utrzymany-piekny-zaokraglony-ksztalt","57":"product_tag-polski-produkt","58":"product_tag-poszerzane-ramiaczka","59":"product_tag-smietankowy","60":"product_tag-typu-soft","61":"product_tag-z-fiszbinami","62":"product_tag-zdobi-cialo","64":"first","65":"instock","66":"taxable","67":"shipping-taxable","68":"purchasable","69":"product-type-simple"},"_links":{"self":[{"href":"https:\/\/butikhome.pl\/index.php\/wp-json\/wp\/v2\/product\/10921","targetHints":{"allow":["GET"]}}],"collection":[{"href":"https:\/\/butikhome.pl\/index.php\/wp-json\/wp\/v2\/product"}],"about":[{"href":"https:\/\/butikhome.pl\/index.php\/wp-json\/wp\/v2\/types\/product"}],"replies":[{"embeddable":true,"href":"https:\/\/butikhome.pl\/index.php\/wp-json\/wp\/v2\/comments?post=10921"}],"wp:featuredmedia":[{"embeddable":true,"href":"https:\/\/butikhome.pl\/index.php\/wp-json\/wp\/v2\/media\/15640"}],"wp:attachment":[{"href":"https:\/\/butikhome.pl\/index.php\/wp-json\/wp\/v2\/media?parent=10921"}],"wp:term":[{"taxonomy":"product_brand","embeddable":true,"href":"https:\/\/butikhome.pl\/index.php\/wp-json\/wp\/v2\/product_brand?post=10921"},{"taxonomy":"product_cat","embeddable":true,"href":"https:\/\/butikhome.pl\/index.php\/wp-json\/wp\/v2\/product_cat?post=10921"},{"taxonomy":"product_tag","embeddable":true,"href":"https:\/\/butikhome.pl\/index.php\/wp-json\/wp\/v2\/product_tag?post=10921"}],"curies":[{"name":"wp","href":"https:\/\/api.w.org\/{rel}","templated":true}]}}