{"id":10970,"date":"2023-03-29T16:18:48","date_gmt":"2023-03-29T14:18:48","guid":{"rendered":"https:\/\/butikhome.pl\/index.php\/produkt\/biustonosz-luisse-k441-smietanowy\/"},"modified":"2023-06-20T15:30:43","modified_gmt":"2023-06-20T13:30:43","slug":"biustonosz-luisse-k441-smietanowy","status":"publish","type":"product","link":"https:\/\/butikhome.pl\/index.php\/produkt\/biustonosz-luisse-k441-smietanowy\/","title":{"rendered":"Biustonosz Luisse K441 \u015amietanowy"},"content":{"rendered":"<p>Rewelacyjny, bardzo wygodny biustonosz Luisse K441, w nowym, \u015bmietanowym, eleganckim kolorze. Typu soft, z fiszbinami. Doskona\u0142y na \u015brednie i wi\u0119ksze piersi. Bardzo \u0142adnie zdobi cia\u0142o, szczeg\u00f3lnie dzi\u0119ki delikatnej koronce w duecie z lekkim tiulem. Du\u017c\u0105 zalet\u0105 biustonosza s\u0105 poszerzone rami\u0105czka, kt\u00f3re zapewniaj\u0105 komfort w noszeniu. Ich szeroko\u015b\u0107 uzale\u017cniona jest od rozmiaru. Ca\u0142o\u015b\u0107 sprawia, \u017ce piersi s\u0105 idealnie zebrane do \u015brodka, podniesione i utrzymuj\u0105 pi\u0119kny, zaokr\u0105glony kszta\u0142t. Sk\u0142ad: 90% poliamid, 7% elastan, 3% poliester.<\/p>\n","protected":false},"excerpt":{"rendered":"<p>Rewelacyjny, bardzo wygodny biustonosz Luisse K441, w nowym, \u015bmietanowym, eleganckim kolorze. Typu soft, z fiszbinami. Doskona\u0142y na \u015brednie i wi\u0119ksze piersi. Bardzo \u0142adnie zdobi cia\u0142o, szczeg\u00f3lnie dzi\u0119ki delikatnej koronce w duecie z lekkim tiulem. Du\u017c\u0105 zalet\u0105 biustonosza s\u0105 poszerzone rami\u0105czka, kt\u00f3re zapewniaj\u0105 komfort w noszeniu. Ich szeroko\u015b\u0107 uzale\u017cniona jest od rozmiaru. Ca\u0142o\u015b\u0107 sprawia, \u017ce piersi &hellip; <\/p>\n","protected":false},"featured_media":15638,"comment_status":"open","ping_status":"closed","template":"","meta":[],"product_brand":[],"product_cat":[629,24],"product_tag":[1708,1640,1713,1790,1791,1922,1923,1967,2010,1982,1605,1610,1611,1792,1793,1624,1968,1978,1482,1483,1484,1485,1486,1487,1625,1626,1692,1969,1490,1492,1493,1494,1627,1628,1629,1882,1970,1497,1498,1499,1500,1630,1631,1632,1883,1503,1504,1505,1633,1634,1635,1693,1508,1509,1637,1638,1943,2046,2048,1984,909,2053,2021,660,1390,2050,2051,1078,2049,2052,2045,2047,1825,324],"class_list":{"0":"post-10970","1":"product","2":"type-product","3":"status-publish","4":"has-post-thumbnail","6":"product_cat-biustonosze-podkategoria-do-bielizny","7":"product_cat-produkty","8":"product_tag-100-d","9":"product_tag-100-e","10":"product_tag-110-d","11":"product_tag-65-g","12":"product_tag-65-h","13":"product_tag-65-i","14":"product_tag-65-j","15":"product_tag-65-k","16":"product_tag-65-l","17":"product_tag-65-m","18":"product_tag-70-e","19":"product_tag-70-g","20":"product_tag-70-h","21":"product_tag-70-i","22":"product_tag-70-j","23":"product_tag-70-k","24":"product_tag-70-l","25":"product_tag-70-m","26":"product_tag-75-d","27":"product_tag-75-e","28":"product_tag-75-f","29":"product_tag-75-g","30":"product_tag-75-h","31":"product_tag-75-i","32":"product_tag-75-j","33":"product_tag-75-k","34":"product_tag-75-l","35":"product_tag-75-m","36":"product_tag-80-d","37":"product_tag-80-f","38":"product_tag-80-g","39":"product_tag-80-h","40":"product_tag-80-i","41":"product_tag-80-j","42":"product_tag-80-k","43":"product_tag-80-l","44":"product_tag-80-m","45":"product_tag-85-d","46":"product_tag-85-e","47":"product_tag-85-f","48":"product_tag-85-g","49":"product_tag-85-h","50":"product_tag-85-i","51":"product_tag-85-j","52":"product_tag-85-k","53":"product_tag-90-d","54":"product_tag-90-e","55":"product_tag-90-f","56":"product_tag-90-g","57":"product_tag-90-h","58":"product_tag-90-i","59":"product_tag-90-j","60":"product_tag-95-d","61":"product_tag-95-e","62":"product_tag-95-f","63":"product_tag-95-h","64":"product_tag-bardzo-wygodny","65":"product_tag-biustonosz-luisse-k441-smietankowy","66":"product_tag-delikatna-koronka-w-duecie-z-lekkim-tiulem","67":"product_tag-gorsenia","68":"product_tag-komfort-noszenia","69":"product_tag-luisse-k441","70":"product_tag-na-sredni-biust","71":"product_tag-na-wiekszy-biust","72":"product_tag-pakowany-w-pudelko","73":"product_tag-piersi-sa-idealnie-zebrane-do-srodka","74":"product_tag-piersi-sa-podniesione-i-utrzymany-piekny-zaokraglony-ksztalt","75":"product_tag-polski-produkt","76":"product_tag-poszerzane-ramiaczka","77":"product_tag-smietankowy","78":"product_tag-smietankowy-65-e","79":"product_tag-typu-soft","80":"product_tag-z-fiszbinami","81":"product_tag-zdobi-cialo","83":"first","84":"instock","85":"taxable","86":"shipping-taxable","87":"purchasable","88":"product-type-simple"},"_links":{"self":[{"href":"https:\/\/butikhome.pl\/index.php\/wp-json\/wp\/v2\/product\/10970","targetHints":{"allow":["GET"]}}],"collection":[{"href":"https:\/\/butikhome.pl\/index.php\/wp-json\/wp\/v2\/product"}],"about":[{"href":"https:\/\/butikhome.pl\/index.php\/wp-json\/wp\/v2\/types\/product"}],"replies":[{"embeddable":true,"href":"https:\/\/butikhome.pl\/index.php\/wp-json\/wp\/v2\/comments?post=10970"}],"wp:featuredmedia":[{"embeddable":true,"href":"https:\/\/butikhome.pl\/index.php\/wp-json\/wp\/v2\/media\/15638"}],"wp:attachment":[{"href":"https:\/\/butikhome.pl\/index.php\/wp-json\/wp\/v2\/media?parent=10970"}],"wp:term":[{"taxonomy":"product_brand","embeddable":true,"href":"https:\/\/butikhome.pl\/index.php\/wp-json\/wp\/v2\/product_brand?post=10970"},{"taxonomy":"product_cat","embeddable":true,"href":"https:\/\/butikhome.pl\/index.php\/wp-json\/wp\/v2\/product_cat?post=10970"},{"taxonomy":"product_tag","embeddable":true,"href":"https:\/\/butikhome.pl\/index.php\/wp-json\/wp\/v2\/product_tag?post=10970"}],"curies":[{"name":"wp","href":"https:\/\/api.w.org\/{rel}","templated":true}]}}