{"id":11095,"date":"2023-03-29T16:21:02","date_gmt":"2023-03-29T14:21:02","guid":{"rendered":"https:\/\/butikhome.pl\/index.php\/produkt\/biustonosz-mey-mk14-dla-mam-karmiacych\/"},"modified":"2023-06-20T14:24:30","modified_gmt":"2023-06-20T12:24:30","slug":"biustonosz-mey-mk14-dla-mam-karmiacych","status":"publish","type":"product","link":"https:\/\/butikhome.pl\/index.php\/produkt\/biustonosz-mey-mk14-dla-mam-karmiacych\/","title":{"rendered":"Biustonosz Mey MK14 dla mam karmi\u0105cych"},"content":{"rendered":"<p>P\u00f3\u0142usztywniany biustonosz na fiszbinach z systemem quick &#8211; click stworzony dla \u015bwie\u017co upieczonych mam. Wykonany z mi\u0119kkiej dzianiny w be\u017cowym kolorze, podszyty bawe\u0142n\u0105. Miseczki zwie\u0144czone koronk\u0105 o \u015blicznym, kwiecistym motywie. Biustonosz dzi\u0119ki szybkiemu odpinaniu rami\u0105czek umo\u017cliwia karmienie na \u017c\u0105danie przy jednoczesnym zachowaniu wysokiego poziomu komfortu dla karmi\u0105cej kobiety. Sk\u0142ad: 71% poliamid, 21% bawe\u0142na, 8% elastan.<\/p>\n","protected":false},"excerpt":{"rendered":"<p>P\u00f3\u0142usztywniany biustonosz na fiszbinach z systemem quick &#8211; click stworzony dla \u015bwie\u017co upieczonych mam. Wykonany z mi\u0119kkiej dzianiny w be\u017cowym kolorze, podszyty bawe\u0142n\u0105. Miseczki zwie\u0144czone koronk\u0105 o \u015blicznym, kwiecistym motywie. Biustonosz dzi\u0119ki szybkiemu odpinaniu rami\u0105czek umo\u017cliwia karmienie na \u017c\u0105danie przy jednoczesnym zachowaniu wysokiego poziomu komfortu dla karmi\u0105cej kobiety. Sk\u0142ad: 71% poliamid, 21% bawe\u0142na, 8% elastan.<\/p>\n","protected":false},"featured_media":15635,"comment_status":"open","ping_status":"closed","template":"","meta":[],"product_brand":[],"product_cat":[629,24],"product_tag":[1708,1640,1641,1642,1713,1790,1923,1605,1606,1610,1611,1482,1483,1484,1485,1486,1487,1625,1491,1492,1627,1497,1498,1499,1631,1503,1504,1505,1634,1508,1509,1637,1704,2036,2038,667,2037,1984,1962,2042,2041,1078,2039,2043,301,2044,2040],"class_list":{"0":"post-11095","1":"product","2":"type-product","3":"status-publish","4":"has-post-thumbnail","6":"product_cat-biustonosze-podkategoria-do-bielizny","7":"product_cat-produkty","8":"product_tag-100-d","9":"product_tag-100-e","10":"product_tag-100-f","11":"product_tag-100-g","12":"product_tag-110-d","13":"product_tag-65-g","14":"product_tag-65-j","15":"product_tag-70-e","16":"product_tag-70-f","17":"product_tag-70-g","18":"product_tag-70-h","19":"product_tag-75-d","20":"product_tag-75-e","21":"product_tag-75-f","22":"product_tag-75-g","23":"product_tag-75-h","24":"product_tag-75-i","25":"product_tag-75-j","26":"product_tag-80-e","27":"product_tag-80-f","28":"product_tag-80-i","29":"product_tag-85-d","30":"product_tag-85-e","31":"product_tag-85-f","32":"product_tag-85-i","33":"product_tag-90-d","34":"product_tag-90-e","35":"product_tag-90-f","36":"product_tag-90-h","37":"product_tag-95-d","38":"product_tag-95-e","39":"product_tag-95-f","40":"product_tag-95-g","41":"product_tag-bezowy-65-f","42":"product_tag-biustonosz-mey-mk14-dla-mam-karmiacych","43":"product_tag-biustonosz-polusztywniany","44":"product_tag-dla-karmiacych","45":"product_tag-gorsenia","46":"product_tag-konstrukcja-na-fiszbinach","47":"product_tag-miseczki-z-koronka-o-kwiecistym-motywie","48":"product_tag-podszyty-bawelna","49":"product_tag-polski-produkt","50":"product_tag-system-quick-click","51":"product_tag-szybkie-odpinanie","52":"product_tag-wysoka-jakosc","53":"product_tag-wysoki-poziom-komfortu-dla-karmiacej-mamy","54":"product_tag-z-miekkiej-dzianiny","56":"first","57":"instock","58":"taxable","59":"shipping-taxable","60":"purchasable","61":"product-type-simple"},"_links":{"self":[{"href":"https:\/\/butikhome.pl\/index.php\/wp-json\/wp\/v2\/product\/11095","targetHints":{"allow":["GET"]}}],"collection":[{"href":"https:\/\/butikhome.pl\/index.php\/wp-json\/wp\/v2\/product"}],"about":[{"href":"https:\/\/butikhome.pl\/index.php\/wp-json\/wp\/v2\/types\/product"}],"replies":[{"embeddable":true,"href":"https:\/\/butikhome.pl\/index.php\/wp-json\/wp\/v2\/comments?post=11095"}],"wp:featuredmedia":[{"embeddable":true,"href":"https:\/\/butikhome.pl\/index.php\/wp-json\/wp\/v2\/media\/15635"}],"wp:attachment":[{"href":"https:\/\/butikhome.pl\/index.php\/wp-json\/wp\/v2\/media?parent=11095"}],"wp:term":[{"taxonomy":"product_brand","embeddable":true,"href":"https:\/\/butikhome.pl\/index.php\/wp-json\/wp\/v2\/product_brand?post=11095"},{"taxonomy":"product_cat","embeddable":true,"href":"https:\/\/butikhome.pl\/index.php\/wp-json\/wp\/v2\/product_cat?post=11095"},{"taxonomy":"product_tag","embeddable":true,"href":"https:\/\/butikhome.pl\/index.php\/wp-json\/wp\/v2\/product_tag?post=11095"}],"curies":[{"name":"wp","href":"https:\/\/api.w.org\/{rel}","templated":true}]}}