{"id":11185,"date":"2023-03-29T16:22:49","date_gmt":"2023-03-29T14:22:49","guid":{"rendered":"https:\/\/butikhome.pl\/index.php\/produkt\/biustonosz-paradise-k496-czarny\/"},"modified":"2023-06-20T13:34:46","modified_gmt":"2023-06-20T11:34:46","slug":"biustonosz-paradise-k496-czarny","status":"publish","type":"product","link":"https:\/\/butikhome.pl\/index.php\/produkt\/biustonosz-paradise-k496-czarny\/","title":{"rendered":"Biustonosz Paradise K496 Czarny"},"content":{"rendered":"<p>Wyj\u0105tkowy, czarno-be\u017cowy biustonosz w konstrukcji soft, z fiszbinami (dolnymi i bocznymi). Model Paradise K496, skierowany na \u015brednie i du\u017ce biusty. Wykonany z podw\u00f3jnego, siateczkowego tiulu, z ozdobnym paskiem na dekolcie, dope\u0142niony szykown\u0105, czarn\u0105 koronk\u0105. Biustonosz wspaniale zbiera piersi z bok\u00f3w i umiej\u0119tnie modeluje je, zgrabnie prezentuj\u0105c je w dekolcie. Szeroko\u015b\u0107 rami\u0105czek r\u00f3\u017cna, w zale\u017cno\u015bci od rozmiaru. Sk\u0142ad: 90% poliamid, 7% elastan, 3% poliester.<\/p>\n","protected":false},"excerpt":{"rendered":"<p>Wyj\u0105tkowy, czarno-be\u017cowy biustonosz w konstrukcji soft, z fiszbinami (dolnymi i bocznymi). Model Paradise K496, skierowany na \u015brednie i du\u017ce biusty. Wykonany z podw\u00f3jnego, siateczkowego tiulu, z ozdobnym paskiem na dekolcie, dope\u0142niony szykown\u0105, czarn\u0105 koronk\u0105. Biustonosz wspaniale zbiera piersi z bok\u00f3w i umiej\u0119tnie modeluje je, zgrabnie prezentuj\u0105c je w dekolcie. Szeroko\u015b\u0107 rami\u0105czek r\u00f3\u017cna, w zale\u017cno\u015bci od &hellip; <\/p>\n","protected":false},"featured_media":15628,"comment_status":"open","ping_status":"closed","template":"","meta":[],"product_brand":[],"product_cat":[629,24],"product_tag":[1708,1640,1641,1790,1791,1922,1605,1606,1610,1611,1792,1793,1624,1968,1482,1483,1484,1485,1486,1487,1625,1626,1692,1490,1491,1492,1493,1494,1627,1628,1629,1882,1497,1498,1499,1500,1630,1631,1632,1883,1896,1503,1504,1505,1633,1634,1635,1693,1508,1509,1637,1704,1638,1639,1089,2033,1984,2022,2028,1824,1686,2029,1687,2018,1986,2030,1471],"class_list":{"0":"post-11185","1":"product","2":"type-product","3":"status-publish","4":"has-post-thumbnail","6":"product_cat-biustonosze-podkategoria-do-bielizny","7":"product_cat-produkty","8":"product_tag-100-d","9":"product_tag-100-e","10":"product_tag-100-f","11":"product_tag-65-g","12":"product_tag-65-h","13":"product_tag-65-i","14":"product_tag-70-e","15":"product_tag-70-f","16":"product_tag-70-g","17":"product_tag-70-h","18":"product_tag-70-i","19":"product_tag-70-j","20":"product_tag-70-k","21":"product_tag-70-l","22":"product_tag-75-d","23":"product_tag-75-e","24":"product_tag-75-f","25":"product_tag-75-g","26":"product_tag-75-h","27":"product_tag-75-i","28":"product_tag-75-j","29":"product_tag-75-k","30":"product_tag-75-l","31":"product_tag-80-d","32":"product_tag-80-e","33":"product_tag-80-f","34":"product_tag-80-g","35":"product_tag-80-h","36":"product_tag-80-i","37":"product_tag-80-j","38":"product_tag-80-k","39":"product_tag-80-l","40":"product_tag-85-d","41":"product_tag-85-e","42":"product_tag-85-f","43":"product_tag-85-g","44":"product_tag-85-h","45":"product_tag-85-i","46":"product_tag-85-j","47":"product_tag-85-k","48":"product_tag-85-l","49":"product_tag-90-d","50":"product_tag-90-e","51":"product_tag-90-f","52":"product_tag-90-g","53":"product_tag-90-h","54":"product_tag-90-i","55":"product_tag-90-j","56":"product_tag-95-d","57":"product_tag-95-e","58":"product_tag-95-f","59":"product_tag-95-g","60":"product_tag-95-h","61":"product_tag-95-i","62":"product_tag-czarny","63":"product_tag-czarny-65-f","64":"product_tag-gorsenia","65":"product_tag-miszeczki-wykonane-z-podwojnego-tiulu","66":"product_tag-model-paradise-k496","67":"product_tag-model-w-konstrukcji-soft","68":"product_tag-modeluje-piersi","69":"product_tag-ozdobny-pasek-przy-dekolcie","70":"product_tag-remiaczka-dostosowane-do-szerokoscia-do-rozmiaru","71":"product_tag-robi-piekny-dekolt","72":"product_tag-z-fiszbinami-bocznymi-i-dolnymi","73":"product_tag-z-szykowna-czarna-koronka","74":"product_tag-zbiera-piersi-z-bokow-do-srodka-dekoltu","76":"first","77":"instock","78":"taxable","79":"shipping-taxable","80":"purchasable","81":"product-type-simple"},"_links":{"self":[{"href":"https:\/\/butikhome.pl\/index.php\/wp-json\/wp\/v2\/product\/11185","targetHints":{"allow":["GET"]}}],"collection":[{"href":"https:\/\/butikhome.pl\/index.php\/wp-json\/wp\/v2\/product"}],"about":[{"href":"https:\/\/butikhome.pl\/index.php\/wp-json\/wp\/v2\/types\/product"}],"replies":[{"embeddable":true,"href":"https:\/\/butikhome.pl\/index.php\/wp-json\/wp\/v2\/comments?post=11185"}],"wp:featuredmedia":[{"embeddable":true,"href":"https:\/\/butikhome.pl\/index.php\/wp-json\/wp\/v2\/media\/15628"}],"wp:attachment":[{"href":"https:\/\/butikhome.pl\/index.php\/wp-json\/wp\/v2\/media?parent=11185"}],"wp:term":[{"taxonomy":"product_brand","embeddable":true,"href":"https:\/\/butikhome.pl\/index.php\/wp-json\/wp\/v2\/product_brand?post=11185"},{"taxonomy":"product_cat","embeddable":true,"href":"https:\/\/butikhome.pl\/index.php\/wp-json\/wp\/v2\/product_cat?post=11185"},{"taxonomy":"product_tag","embeddable":true,"href":"https:\/\/butikhome.pl\/index.php\/wp-json\/wp\/v2\/product_tag?post=11185"}],"curies":[{"name":"wp","href":"https:\/\/api.w.org\/{rel}","templated":true}]}}