{"id":11238,"date":"2023-03-29T16:23:54","date_gmt":"2023-03-29T14:23:54","guid":{"rendered":"https:\/\/butikhome.pl\/index.php\/produkt\/biustonosz-paradise-k496-granatowy\/"},"modified":"2023-06-20T13:28:49","modified_gmt":"2023-06-20T11:28:49","slug":"biustonosz-paradise-k496-granatowy","status":"publish","type":"product","link":"https:\/\/butikhome.pl\/index.php\/produkt\/biustonosz-paradise-k496-granatowy\/","title":{"rendered":"Biustonosz Paradise K496 Granatowy"},"content":{"rendered":"<p>Wyj\u0105tkowy, granatowy biustonosz w konstrukcji soft, z fiszbinami (dolnymi i bocznymi). Model Paradise K496, skierowany na \u015brednie i du\u017ce biusty. Wykonany z podw\u00f3jnego, siateczkowego tiulu, z ozdobnym paskiem na dekolcie, dope\u0142niony szykown\u0105, czarn\u0105 koronk\u0105. Biustonosz wspaniale zbiera piersi z bok\u00f3w i umiej\u0119tnie modeluje je, zgrabnie prezentuj\u0105c je w dekolcie. Szeroko\u015b\u0107 rami\u0105czek r\u00f3\u017cna, w zale\u017cno\u015bci od rozmiaru. Sk\u0142ad: 90% poliamid, 7% elastan, 3% poliester.<\/p>\n","protected":false},"excerpt":{"rendered":"<p>Wyj\u0105tkowy, granatowy biustonosz w konstrukcji soft, z fiszbinami (dolnymi i bocznymi). Model Paradise K496, skierowany na \u015brednie i du\u017ce biusty. Wykonany z podw\u00f3jnego, siateczkowego tiulu, z ozdobnym paskiem na dekolcie, dope\u0142niony szykown\u0105, czarn\u0105 koronk\u0105. Biustonosz wspaniale zbiera piersi z bok\u00f3w i umiej\u0119tnie modeluje je, zgrabnie prezentuj\u0105c je w dekolcie. Szeroko\u015b\u0107 rami\u0105czek r\u00f3\u017cna, w zale\u017cno\u015bci od &hellip; <\/p>\n","protected":false},"featured_media":15625,"comment_status":"open","ping_status":"closed","template":"","meta":[],"product_brand":[],"product_cat":[629,24],"product_tag":[1708,2010,1605,1606,1968,1482,1626,1692,1490,1494,1627,1970,1499,1630,1631,1632,1883,1503,1504,1505,1633,1635,1693,1508,1638,1984,1768,2031,2022,2028,2032,1824,1686,2029,1687,2018,1986,2030,1471],"class_list":{"0":"post-11238","1":"product","2":"type-product","3":"status-publish","4":"has-post-thumbnail","6":"product_cat-biustonosze-podkategoria-do-bielizny","7":"product_cat-produkty","8":"product_tag-100-d","9":"product_tag-65-l","10":"product_tag-70-e","11":"product_tag-70-f","12":"product_tag-70-l","13":"product_tag-75-d","14":"product_tag-75-k","15":"product_tag-75-l","16":"product_tag-80-d","17":"product_tag-80-h","18":"product_tag-80-i","19":"product_tag-80-m","20":"product_tag-85-f","21":"product_tag-85-h","22":"product_tag-85-i","23":"product_tag-85-j","24":"product_tag-85-k","25":"product_tag-90-d","26":"product_tag-90-e","27":"product_tag-90-f","28":"product_tag-90-g","29":"product_tag-90-i","30":"product_tag-90-j","31":"product_tag-95-d","32":"product_tag-95-h","33":"product_tag-gorsenia","34":"product_tag-granatowy","35":"product_tag-granatowy-65-h","36":"product_tag-miszeczki-wykonane-z-podwojnego-tiulu","37":"product_tag-model-paradise-k496","38":"product_tag-model-paradise-k496-granatowy","39":"product_tag-model-w-konstrukcji-soft","40":"product_tag-modeluje-piersi","41":"product_tag-ozdobny-pasek-przy-dekolcie","42":"product_tag-remiaczka-dostosowane-do-szerokoscia-do-rozmiaru","43":"product_tag-robi-piekny-dekolt","44":"product_tag-z-fiszbinami-bocznymi-i-dolnymi","45":"product_tag-z-szykowna-czarna-koronka","46":"product_tag-zbiera-piersi-z-bokow-do-srodka-dekoltu","48":"first","49":"instock","50":"taxable","51":"shipping-taxable","52":"purchasable","53":"product-type-simple"},"_links":{"self":[{"href":"https:\/\/butikhome.pl\/index.php\/wp-json\/wp\/v2\/product\/11238","targetHints":{"allow":["GET"]}}],"collection":[{"href":"https:\/\/butikhome.pl\/index.php\/wp-json\/wp\/v2\/product"}],"about":[{"href":"https:\/\/butikhome.pl\/index.php\/wp-json\/wp\/v2\/types\/product"}],"replies":[{"embeddable":true,"href":"https:\/\/butikhome.pl\/index.php\/wp-json\/wp\/v2\/comments?post=11238"}],"wp:featuredmedia":[{"embeddable":true,"href":"https:\/\/butikhome.pl\/index.php\/wp-json\/wp\/v2\/media\/15625"}],"wp:attachment":[{"href":"https:\/\/butikhome.pl\/index.php\/wp-json\/wp\/v2\/media?parent=11238"}],"wp:term":[{"taxonomy":"product_brand","embeddable":true,"href":"https:\/\/butikhome.pl\/index.php\/wp-json\/wp\/v2\/product_brand?post=11238"},{"taxonomy":"product_cat","embeddable":true,"href":"https:\/\/butikhome.pl\/index.php\/wp-json\/wp\/v2\/product_cat?post=11238"},{"taxonomy":"product_tag","embeddable":true,"href":"https:\/\/butikhome.pl\/index.php\/wp-json\/wp\/v2\/product_tag?post=11238"}],"curies":[{"name":"wp","href":"https:\/\/api.w.org\/{rel}","templated":true}]}}