{"id":11287,"date":"2023-03-29T16:24:54","date_gmt":"2023-03-29T14:24:54","guid":{"rendered":"https:\/\/butikhome.pl\/index.php\/produkt\/biustonosz-pasadena-k607-granatowy\/"},"modified":"2023-06-20T11:15:20","modified_gmt":"2023-06-20T09:15:20","slug":"biustonosz-pasadena-k607-granatowy","status":"publish","type":"product","link":"https:\/\/butikhome.pl\/index.php\/produkt\/biustonosz-pasadena-k607-granatowy\/","title":{"rendered":"Biustonosz Pasadena K607 Granatowy"},"content":{"rendered":"<p>Niezwykle elegancki, granatowy biustonosz stworzony na \u015brednie i wi\u0119ksze biusty. Mowa o Pasadenie K607 &#8211; najnowszej propozycji marki Gorsenia. Miseczki wykonane z podw\u00f3jnego tiulu, pokryte dodatkowo dekoracyjn\u0105 koronk\u0105 po kolor stylowo zdobi\u0105 cia\u0142o zachwycaj\u0105c spojrzenie. Dekolt z paseczkami, kt\u00f3re dodatkowo stanowi\u0105 element stylizacji. Konstrukcja soft, z fiszbinami, \u015bwietnie zbiera i wspaniale prezentuje piersi w dekolcie, tworzy efektown\u0105, kobiec\u0105 ca\u0142o\u015b\u0107. Sku\u015b si\u0119 bo warto! Sk\u0142ad: 90% poliamid, 7% elastan, 3% poliester.<\/p>\n","protected":false},"excerpt":{"rendered":"<p>Niezwykle elegancki, granatowy biustonosz stworzony na \u015brednie i wi\u0119ksze biusty. Mowa o Pasadenie K607 &#8211; najnowszej propozycji marki Gorsenia. Miseczki wykonane z podw\u00f3jnego tiulu, pokryte dodatkowo dekoracyjn\u0105 koronk\u0105 po kolor stylowo zdobi\u0105 cia\u0142o zachwycaj\u0105c spojrzenie. Dekolt z paseczkami, kt\u00f3re dodatkowo stanowi\u0105 element stylizacji. Konstrukcja soft, z fiszbinami, \u015bwietnie zbiera i wspaniale prezentuje piersi w dekolcie, &hellip; <\/p>\n","protected":false},"featured_media":15619,"comment_status":"open","ping_status":"closed","template":"","meta":[],"product_brand":[],"product_cat":[1588,24],"product_tag":[1634,147,2020,2024,1734,1984,1768,2019,1949,2023,2022,2021,660,1297,1078,2025,1825],"class_list":{"0":"post-11287","1":"product","2":"type-product","3":"status-publish","4":"has-post-thumbnail","6":"product_cat-90-h","7":"product_cat-produkty","8":"product_tag-90-h","9":"product_tag-bardzo-kobiece","10":"product_tag-biustonosz-pasadena-k607-granatowy","11":"product_tag-dekolt-z-paseczkami","12":"product_tag-elegancki","13":"product_tag-gorsenia","14":"product_tag-granatowy","15":"product_tag-granatowy-70-l","16":"product_tag-konstrukcja-soft","17":"product_tag-miseczki-pokryte-dekoracyjna-koronka","18":"product_tag-miszeczki-wykonane-z-podwojnego-tiulu","19":"product_tag-na-sredni-biust","20":"product_tag-na-wiekszy-biust","21":"product_tag-pakowane-w-pudelko","22":"product_tag-polski-produkt","23":"product_tag-wspaniale-zbiera-i-prezentuje-piersi-w-dekolcie","24":"product_tag-z-fiszbinami","26":"first","27":"instock","28":"taxable","29":"shipping-taxable","30":"purchasable","31":"product-type-simple"},"_links":{"self":[{"href":"https:\/\/butikhome.pl\/index.php\/wp-json\/wp\/v2\/product\/11287","targetHints":{"allow":["GET"]}}],"collection":[{"href":"https:\/\/butikhome.pl\/index.php\/wp-json\/wp\/v2\/product"}],"about":[{"href":"https:\/\/butikhome.pl\/index.php\/wp-json\/wp\/v2\/types\/product"}],"replies":[{"embeddable":true,"href":"https:\/\/butikhome.pl\/index.php\/wp-json\/wp\/v2\/comments?post=11287"}],"wp:featuredmedia":[{"embeddable":true,"href":"https:\/\/butikhome.pl\/index.php\/wp-json\/wp\/v2\/media\/15619"}],"wp:attachment":[{"href":"https:\/\/butikhome.pl\/index.php\/wp-json\/wp\/v2\/media?parent=11287"}],"wp:term":[{"taxonomy":"product_brand","embeddable":true,"href":"https:\/\/butikhome.pl\/index.php\/wp-json\/wp\/v2\/product_brand?post=11287"},{"taxonomy":"product_cat","embeddable":true,"href":"https:\/\/butikhome.pl\/index.php\/wp-json\/wp\/v2\/product_cat?post=11287"},{"taxonomy":"product_tag","embeddable":true,"href":"https:\/\/butikhome.pl\/index.php\/wp-json\/wp\/v2\/product_tag?post=11287"}],"curies":[{"name":"wp","href":"https:\/\/api.w.org\/{rel}","templated":true}]}}