{"id":11291,"date":"2023-03-29T16:24:57","date_gmt":"2023-03-29T14:24:57","guid":{"rendered":"https:\/\/butikhome.pl\/index.php\/produkt\/biustonosz-rimini-k633-zielony\/"},"modified":"2023-06-19T16:01:26","modified_gmt":"2023-06-19T14:01:26","slug":"biustonosz-rimini-k633-zielony","status":"publish","type":"product","link":"https:\/\/butikhome.pl\/index.php\/produkt\/biustonosz-rimini-k633-zielony\/","title":{"rendered":"Biustonosz Rimini K633 Zielony"},"content":{"rendered":"<p>Ciemne odcienie zielonego koloru s\u0105 obecnie niesamowicie modne, st\u0105d te\u017c nie dziwi nas fakt, \u017ce pojawi\u0142 si\u0119 on r\u00f3wnie\u017c u Gorsenii. Rimini to biustonosz w intryguj\u0105cej, g\u0142\u0119bokiej zieleni, wykonany z delikatnej, podw\u00f3jnej siateczki, zdobiony kwiecistym dekorem w\u0142a\u015bciwie na ca\u0142ych miskach. Konstrukcja wzmocniona, na fiszbinach, \u015bwietnie unosi i modeluje piersi, pi\u0119knie prezentuj\u0105c je w dekolcie. Sk\u0142ad: 90% poliamid, 7% elastan, 3% poliester.<\/p>\n","protected":false},"excerpt":{"rendered":"<p>Ciemne odcienie zielonego koloru s\u0105 obecnie niesamowicie modne, st\u0105d te\u017c nie dziwi nas fakt, \u017ce pojawi\u0142 si\u0119 on r\u00f3wnie\u017c u Gorsenii. Rimini to biustonosz w intryguj\u0105cej, g\u0142\u0119bokiej zieleni, wykonany z delikatnej, podw\u00f3jnej siateczki, zdobiony kwiecistym dekorem w\u0142a\u015bciwie na ca\u0142ych miskach. Konstrukcja wzmocniona, na fiszbinach, \u015bwietnie unosi i modeluje piersi, pi\u0119knie prezentuj\u0105c je w dekolcie. Sk\u0142ad: &hellip; <\/p>\n","protected":false},"featured_media":15617,"comment_status":"open","ping_status":"closed","template":"","meta":[],"product_brand":[],"product_cat":[629,24],"product_tag":[2010,1982,1968,1978,1692,2011,2015,1963,2014,1984,2017,2016,2013,1664,2018,301,2012,2009],"class_list":{"0":"post-11291","1":"product","2":"type-product","3":"status-publish","4":"has-post-thumbnail","6":"product_cat-biustonosze-podkategoria-do-bielizny","7":"product_cat-produkty","8":"product_tag-65-l","9":"product_tag-65-m","10":"product_tag-70-l","11":"product_tag-70-m","12":"product_tag-75-l","13":"product_tag-biustonosz-rimini-k633-zielony","14":"product_tag-delikatna-podwojna-siateczka","15":"product_tag-dobrze-zbiera-unosi-i-modeluje-piersi","16":"product_tag-gleboka-zielen","17":"product_tag-gorsenia","18":"product_tag-konstrukcja-wzmocniona","19":"product_tag-kwiecisty-dekor","20":"product_tag-modny-kolor","21":"product_tag-na-fiszbinach","22":"product_tag-robi-piekny-dekolt","23":"product_tag-wysoka-jakosc","24":"product_tag-zielony","25":"product_tag-zielony-65-k","27":"first","28":"instock","29":"taxable","30":"shipping-taxable","31":"purchasable","32":"product-type-simple"},"_links":{"self":[{"href":"https:\/\/butikhome.pl\/index.php\/wp-json\/wp\/v2\/product\/11291","targetHints":{"allow":["GET"]}}],"collection":[{"href":"https:\/\/butikhome.pl\/index.php\/wp-json\/wp\/v2\/product"}],"about":[{"href":"https:\/\/butikhome.pl\/index.php\/wp-json\/wp\/v2\/types\/product"}],"replies":[{"embeddable":true,"href":"https:\/\/butikhome.pl\/index.php\/wp-json\/wp\/v2\/comments?post=11291"}],"wp:featuredmedia":[{"embeddable":true,"href":"https:\/\/butikhome.pl\/index.php\/wp-json\/wp\/v2\/media\/15617"}],"wp:attachment":[{"href":"https:\/\/butikhome.pl\/index.php\/wp-json\/wp\/v2\/media?parent=11291"}],"wp:term":[{"taxonomy":"product_brand","embeddable":true,"href":"https:\/\/butikhome.pl\/index.php\/wp-json\/wp\/v2\/product_brand?post=11291"},{"taxonomy":"product_cat","embeddable":true,"href":"https:\/\/butikhome.pl\/index.php\/wp-json\/wp\/v2\/product_cat?post=11291"},{"taxonomy":"product_tag","embeddable":true,"href":"https:\/\/butikhome.pl\/index.php\/wp-json\/wp\/v2\/product_tag?post=11291"}],"curies":[{"name":"wp","href":"https:\/\/api.w.org\/{rel}","templated":true}]}}