{"id":11297,"date":"2023-03-29T16:25:03","date_gmt":"2023-03-29T14:25:03","guid":{"rendered":"https:\/\/butikhome.pl\/index.php\/produkt\/biustonosz-rita-k686-morski\/"},"modified":"2023-06-19T15:44:56","modified_gmt":"2023-06-19T13:44:56","slug":"biustonosz-rita-k686-morski","status":"publish","type":"product","link":"https:\/\/butikhome.pl\/index.php\/produkt\/biustonosz-rita-k686-morski\/","title":{"rendered":"Biustonosz Rita K686 Morski"},"content":{"rendered":"<p>    -Biustonosz mi\u0119kki (soft)<br \/>\n    -Kobieca stylistyka<br \/>\n    -Koronkowe zdobienia<br \/>\n    -Modna kolorystyka<br \/>\n    -Na wi\u0119ksze biusty<br \/>\n    -Nieodpinane rami\u0105czka<br \/>\n    -Pakowany w pude\u0142ko<br \/>\n    -Produkt polski<br \/>\n    -Wysoka jako\u015b\u0107<\/p>\n","protected":false},"excerpt":{"rendered":"<p>-Biustonosz mi\u0119kki (soft) -Kobieca stylistyka -Koronkowe zdobienia -Modna kolorystyka -Na wi\u0119ksze biusty -Nieodpinane rami\u0105czka -Pakowany w pude\u0142ko -Produkt polski -Wysoka jako\u015b\u0107<\/p>\n","protected":false},"featured_media":15614,"comment_status":"open","ping_status":"closed","template":"","meta":[],"product_brand":[],"product_cat":[629,24],"product_tag":[2007,1984,1479,206,1938,2008,2006,660,1480,1390,1078,301],"class_list":{"0":"post-11297","1":"product","2":"type-product","3":"status-publish","4":"has-post-thumbnail","6":"product_cat-biustonosze-podkategoria-do-bielizny","7":"product_cat-produkty","8":"product_tag-biustonosz-rita-k686-morski","9":"product_tag-gorsenia","10":"product_tag-kobieca-stylistyka","11":"product_tag-koronkowe-zdobienia","12":"product_tag-model-w-konstrukcji-semi-soft","13":"product_tag-morski","14":"product_tag-morski-65-g","15":"product_tag-na-wiekszy-biust","16":"product_tag-nieodpinane-ramiaczka","17":"product_tag-pakowany-w-pudelko","18":"product_tag-polski-produkt","19":"product_tag-wysoka-jakosc","21":"first","22":"instock","23":"taxable","24":"shipping-taxable","25":"purchasable","26":"product-type-simple"},"_links":{"self":[{"href":"https:\/\/butikhome.pl\/index.php\/wp-json\/wp\/v2\/product\/11297","targetHints":{"allow":["GET"]}}],"collection":[{"href":"https:\/\/butikhome.pl\/index.php\/wp-json\/wp\/v2\/product"}],"about":[{"href":"https:\/\/butikhome.pl\/index.php\/wp-json\/wp\/v2\/types\/product"}],"replies":[{"embeddable":true,"href":"https:\/\/butikhome.pl\/index.php\/wp-json\/wp\/v2\/comments?post=11297"}],"wp:featuredmedia":[{"embeddable":true,"href":"https:\/\/butikhome.pl\/index.php\/wp-json\/wp\/v2\/media\/15614"}],"wp:attachment":[{"href":"https:\/\/butikhome.pl\/index.php\/wp-json\/wp\/v2\/media?parent=11297"}],"wp:term":[{"taxonomy":"product_brand","embeddable":true,"href":"https:\/\/butikhome.pl\/index.php\/wp-json\/wp\/v2\/product_brand?post=11297"},{"taxonomy":"product_cat","embeddable":true,"href":"https:\/\/butikhome.pl\/index.php\/wp-json\/wp\/v2\/product_cat?post=11297"},{"taxonomy":"product_tag","embeddable":true,"href":"https:\/\/butikhome.pl\/index.php\/wp-json\/wp\/v2\/product_tag?post=11297"}],"curies":[{"name":"wp","href":"https:\/\/api.w.org\/{rel}","templated":true}]}}