{"id":11300,"date":"2023-03-29T16:25:06","date_gmt":"2023-03-29T14:25:06","guid":{"rendered":"https:\/\/butikhome.pl\/index.php\/produkt\/biustonosz-saanvi-k758-czarny\/"},"modified":"2023-06-19T15:20:34","modified_gmt":"2023-06-19T13:20:34","slug":"biustonosz-saanvi-k758-czarny","status":"publish","type":"product","link":"https:\/\/butikhome.pl\/index.php\/produkt\/biustonosz-saanvi-k758-czarny\/","title":{"rendered":"Biustonosz Saanvi K758 Czarny"},"content":{"rendered":"<p>    -Brak usztywnienia w miseczkach<br \/>\n    -Fiszbiny boczne<br \/>\n    -Fiszbiny dolne<br \/>\n    -G\u0142\u0119bokie, wygodne miseczki<br \/>\n    -Koronkowe zdobienia<br \/>\n    -Kr\u00f3j, kt\u00f3ry podkre\u015bla sylwetk\u0119<br \/>\n    -Na wi\u0119ksze biusty<br \/>\n    -Obw\u00f3d biustonosza regulowany<br \/>\n    -Ozdobne przeszycia na biustonoszu<br \/>\n    -Pakowany w pude\u0142ko<br \/>\n    -Produkt polski<br \/>\n    -Rami\u0105czka regulowane<br \/>\n    -Rami\u0105czka szersze, dopasowane do rozmiaru<br \/>\n    -Siateczkowe zdobienia<br \/>\n    -Wysoka jako\u015b\u0107<br \/>\n    -Zbiera piersi z bok\u00f3w do \u015brodka dekoltu<br \/>\n    -Elastan: 7%<br \/>\n    -Poliamid: 90%<br \/>\n    -Poliester: 3%<\/p>\n","protected":false},"excerpt":{"rendered":"<p>-Brak usztywnienia w miseczkach -Fiszbiny boczne -Fiszbiny dolne -G\u0142\u0119bokie, wygodne miseczki -Koronkowe zdobienia -Kr\u00f3j, kt\u00f3ry podkre\u015bla sylwetk\u0119 -Na wi\u0119ksze biusty -Obw\u00f3d biustonosza regulowany -Ozdobne przeszycia na biustonoszu -Pakowany w pude\u0142ko -Produkt polski -Rami\u0105czka regulowane -Rami\u0105czka szersze, dopasowane do rozmiaru -Siateczkowe zdobienia -Wysoka jako\u015b\u0107 -Zbiera piersi z bok\u00f3w do \u015brodka dekoltu -Elastan: 7% -Poliamid: 90% -Poliester: &hellip; <\/p>\n","protected":false},"featured_media":15611,"comment_status":"open","ping_status":"closed","template":"","meta":[],"product_brand":[],"product_cat":[629,24],"product_tag":[1705,1724,2005,1089,2004,1875,1515,1984,206,659,660,1517,1390,1078,656,665,1702,301,1471],"class_list":{"0":"post-11300","1":"product","2":"type-product","3":"status-publish","4":"has-post-thumbnail","6":"product_cat-biustonosze-podkategoria-do-bielizny","7":"product_cat-produkty","8":"product_tag-95-j","9":"product_tag-bez-usztywnien","10":"product_tag-biustonosz-saanvi-k758-czarny","11":"product_tag-czarny","12":"product_tag-czarny-90-i","13":"product_tag-fiszbiny-boczne-i-dolne","14":"product_tag-glebokie-wysokie-miseczki","15":"product_tag-gorsenia","16":"product_tag-koronkowe-zdobienia","17":"product_tag-kroj-podkreslajacy-sylwetke","18":"product_tag-na-wiekszy-biust","19":"product_tag-ozdobne-przeszycia-na-biustonoszu","20":"product_tag-pakowany-w-pudelko","21":"product_tag-polski-produkt","22":"product_tag-regulowany-obwod-biutonosza","23":"product_tag-siateczkowe-zdobienia","24":"product_tag-szersze-ramiaczka-dostosowane-do-rozmiaru","25":"product_tag-wysoka-jakosc","26":"product_tag-zbiera-piersi-z-bokow-do-srodka-dekoltu","28":"first","29":"instock","30":"taxable","31":"shipping-taxable","32":"purchasable","33":"product-type-simple"},"_links":{"self":[{"href":"https:\/\/butikhome.pl\/index.php\/wp-json\/wp\/v2\/product\/11300","targetHints":{"allow":["GET"]}}],"collection":[{"href":"https:\/\/butikhome.pl\/index.php\/wp-json\/wp\/v2\/product"}],"about":[{"href":"https:\/\/butikhome.pl\/index.php\/wp-json\/wp\/v2\/types\/product"}],"replies":[{"embeddable":true,"href":"https:\/\/butikhome.pl\/index.php\/wp-json\/wp\/v2\/comments?post=11300"}],"wp:featuredmedia":[{"embeddable":true,"href":"https:\/\/butikhome.pl\/index.php\/wp-json\/wp\/v2\/media\/15611"}],"wp:attachment":[{"href":"https:\/\/butikhome.pl\/index.php\/wp-json\/wp\/v2\/media?parent=11300"}],"wp:term":[{"taxonomy":"product_brand","embeddable":true,"href":"https:\/\/butikhome.pl\/index.php\/wp-json\/wp\/v2\/product_brand?post=11300"},{"taxonomy":"product_cat","embeddable":true,"href":"https:\/\/butikhome.pl\/index.php\/wp-json\/wp\/v2\/product_cat?post=11300"},{"taxonomy":"product_tag","embeddable":true,"href":"https:\/\/butikhome.pl\/index.php\/wp-json\/wp\/v2\/product_tag?post=11300"}],"curies":[{"name":"wp","href":"https:\/\/api.w.org\/{rel}","templated":true}]}}