{"id":11377,"date":"2023-03-29T16:26:50","date_gmt":"2023-03-29T14:26:50","guid":{"rendered":"https:\/\/butikhome.pl\/index.php\/produkt\/biustonosz-sara-k359-bezowy\/"},"modified":"2023-06-19T14:51:05","modified_gmt":"2023-06-19T12:51:05","slug":"biustonosz-sara-k359-bezowy","status":"publish","type":"product","link":"https:\/\/butikhome.pl\/index.php\/produkt\/biustonosz-sara-k359-bezowy\/","title":{"rendered":"Biustonosz Sara K359 Be\u017cowy"},"content":{"rendered":"<p><span>Elegancki biustonosz w kolorze be\u017cowym. Wykonany z ekskluzywnej koronki. Pi\u0119kny i wyj\u0105tkowo kobiecy. Miseczki z fiszbinami, usztywniane, wspaniale unosz\u0105 biust, podtrzymuj\u0105 go i zbieraj\u0105 do dekoltu. Rami\u0105czka o regulowanej d\u0142ugo\u015bci, bez mo\u017cliwo\u015bci odpi\u0119cia, szeroko\u015bci\u0105 dostosowane do rozmiaru. Boki z fiszbinami. Zapi\u0119cie na dwu i trzyrz\u0119dow\u0105 haftk\u0119, z potr\u00f3jn\u0105 regulacj\u0105 obwodu.<\/span><\/p>\n<p><span>\u00a0<\/span><\/p>\n","protected":false},"excerpt":{"rendered":"<p>Elegancki biustonosz w kolorze be\u017cowym. Wykonany z ekskluzywnej koronki. Pi\u0119kny i wyj\u0105tkowo kobiecy. Miseczki z fiszbinami, usztywniane, wspaniale unosz\u0105 biust, podtrzymuj\u0105 go i zbieraj\u0105 do dekoltu. Rami\u0105czka o regulowanej d\u0142ugo\u015bci, bez mo\u017cliwo\u015bci odpi\u0119cia, szeroko\u015bci\u0105 dostosowane do rozmiaru. Boki z fiszbinami. Zapi\u0119cie na dwu i trzyrz\u0119dow\u0105 haftk\u0119, z potr\u00f3jn\u0105 regulacj\u0105 obwodu. \u00a0<\/p>\n","protected":false},"featured_media":15610,"comment_status":"open","ping_status":"closed","template":"","meta":[],"product_brand":[],"product_cat":[1549,629,24],"product_tag":[1615,1993,1994,2001,2002,1734,1984,1972,1996,1998,2003,1999,664,2000,1997,1754,1995,1974],"class_list":{"0":"post-11377","1":"product","2":"type-product","3":"status-publish","4":"has-post-thumbnail","6":"product_cat-70-e","7":"product_cat-biustonosze-podkategoria-do-bielizny","8":"product_cat-produkty","9":"product_tag-bezowy","10":"product_tag-bezowy-70-e","11":"product_tag-biustonosz-sara-k359-bezowy","12":"product_tag-boki-z-fiszbinami","13":"product_tag-dwu-i-trzyrzedowa-haftke","14":"product_tag-elegancki","15":"product_tag-gorsenia","16":"product_tag-miseczki-z-fiszbinami","17":"product_tag-piekny-i-kobiecy","18":"product_tag-podtrzymuja-biust","19":"product_tag-podwojna-regulacja-obwodu","20":"product_tag-ramiaczka-nieodpinane","21":"product_tag-ramiaczka-regulowane","22":"product_tag-szerokosc-ramiaczek-dostosowana-do-rozmiaru","23":"product_tag-unosza-biust","24":"product_tag-usztywniany","25":"product_tag-z-ekskluzywnej-koronki","26":"product_tag-zbieraja-i-modeluja-biust","28":"first","29":"instock","30":"taxable","31":"shipping-taxable","32":"purchasable","33":"product-type-simple"},"_links":{"self":[{"href":"https:\/\/butikhome.pl\/index.php\/wp-json\/wp\/v2\/product\/11377","targetHints":{"allow":["GET"]}}],"collection":[{"href":"https:\/\/butikhome.pl\/index.php\/wp-json\/wp\/v2\/product"}],"about":[{"href":"https:\/\/butikhome.pl\/index.php\/wp-json\/wp\/v2\/types\/product"}],"replies":[{"embeddable":true,"href":"https:\/\/butikhome.pl\/index.php\/wp-json\/wp\/v2\/comments?post=11377"}],"wp:featuredmedia":[{"embeddable":true,"href":"https:\/\/butikhome.pl\/index.php\/wp-json\/wp\/v2\/media\/15610"}],"wp:attachment":[{"href":"https:\/\/butikhome.pl\/index.php\/wp-json\/wp\/v2\/media?parent=11377"}],"wp:term":[{"taxonomy":"product_brand","embeddable":true,"href":"https:\/\/butikhome.pl\/index.php\/wp-json\/wp\/v2\/product_brand?post=11377"},{"taxonomy":"product_cat","embeddable":true,"href":"https:\/\/butikhome.pl\/index.php\/wp-json\/wp\/v2\/product_cat?post=11377"},{"taxonomy":"product_tag","embeddable":true,"href":"https:\/\/butikhome.pl\/index.php\/wp-json\/wp\/v2\/product_tag?post=11377"}],"curies":[{"name":"wp","href":"https:\/\/api.w.org\/{rel}","templated":true}]}}