{"id":11421,"date":"2023-03-29T16:27:46","date_gmt":"2023-03-29T14:27:46","guid":{"rendered":"https:\/\/butikhome.pl\/index.php\/produkt\/biustonosz-toscana-k156-1-bezowy\/"},"modified":"2023-06-19T14:28:40","modified_gmt":"2023-06-19T12:28:40","slug":"biustonosz-toscana-k156-1-bezowy","status":"publish","type":"product","link":"https:\/\/butikhome.pl\/index.php\/produkt\/biustonosz-toscana-k156-1-bezowy\/","title":{"rendered":"Biustonosz Toscana K156\/1 Be\u017cowy"},"content":{"rendered":"<p><span>Toscana K156\/1 &#8211; g\u0142adki biustonosz marki Gorsenia w konstrukcji usztywnianej z fiszbinam (dolnymi i bocznymi). Zaprojektowany z my\u015bl\u0105 o codziennej wygodzie. Konstrukcja biustonosza pozwala idealnie zebra\u0107 piersi, unie\u015b\u0107 je i obowi\u0105zkowo wymodelowa\u0107 w dekolcie. Miseczki z efektem per\u0142y, wygl\u0105daj\u0105 elegancko. Rami\u0105czka z mo\u017cliwo\u015bci\u0105 odpi\u0119cia. Sk\u0142ad: 90% poliamid, 7% elastan, 3% poliester.<\/span><\/p>\n<p><span>\u00a0<\/span><\/p>\n","protected":false},"excerpt":{"rendered":"<p>Toscana K156\/1 &#8211; g\u0142adki biustonosz marki Gorsenia w konstrukcji usztywnianej z fiszbinam (dolnymi i bocznymi). Zaprojektowany z my\u015bl\u0105 o codziennej wygodzie. Konstrukcja biustonosza pozwala idealnie zebra\u0107 piersi, unie\u015b\u0107 je i obowi\u0105zkowo wymodelowa\u0107 w dekolcie. Miseczki z efektem per\u0142y, wygl\u0105daj\u0105 elegancko. Rami\u0105czka z mo\u017cliwo\u015bci\u0105 odpi\u0119cia. Sk\u0142ad: 90% poliamid, 7% elastan, 3% poliester. \u00a0<\/p>\n","protected":false},"featured_media":15609,"comment_status":"open","ping_status":"closed","template":"","meta":[],"product_brand":[],"product_cat":[629,24],"product_tag":[1791,1750,1604,1605,1606,1610,1611,1751,1599,1482,1483,1484,1485,1486,1488,1489,1490,1491,1492,1493,1494,1495,1496,1497,1498,1499,1500,1630,1501,1502,1503,1504,1505,1506,1507,1508,1509,1615,1992,1991,1987,1734,1984,1989,1990,1988,1986,1853],"class_list":{"0":"post-11421","1":"product","2":"type-product","3":"status-publish","4":"has-post-thumbnail","6":"product_cat-biustonosze-podkategoria-do-bielizny","7":"product_cat-produkty","8":"product_tag-65-h","9":"product_tag-70-c","10":"product_tag-70-d","11":"product_tag-70-e","12":"product_tag-70-f","13":"product_tag-70-g","14":"product_tag-70-h","15":"product_tag-75-b","16":"product_tag-75-c","17":"product_tag-75-d","18":"product_tag-75-e","19":"product_tag-75-f","20":"product_tag-75-g","21":"product_tag-75-h","22":"product_tag-80-b","23":"product_tag-80-c","24":"product_tag-80-d","25":"product_tag-80-e","26":"product_tag-80-f","27":"product_tag-80-g","28":"product_tag-80-h","29":"product_tag-85-b","30":"product_tag-85-c","31":"product_tag-85-d","32":"product_tag-85-e","33":"product_tag-85-f","34":"product_tag-85-g","35":"product_tag-85-h","36":"product_tag-90-b","37":"product_tag-90-c","38":"product_tag-90-d","39":"product_tag-90-e","40":"product_tag-90-f","41":"product_tag-95-b","42":"product_tag-95-c","43":"product_tag-95-d","44":"product_tag-95-e","45":"product_tag-bezowy","46":"product_tag-bezowy-65-g","47":"product_tag-biustonosz-toscana-k156-1-bezowy","48":"product_tag-dla-codziennej-wygody","49":"product_tag-elegancki","50":"product_tag-gorsenia","51":"product_tag-miseczki-z-efektem-perly","52":"product_tag-ramiaczka-odpinane","53":"product_tag-unosi-i-modeluje-biust","54":"product_tag-z-fiszbinami-bocznymi-i-dolnymi","55":"product_tag-zbiera-piersi","57":"first","58":"instock","59":"taxable","60":"shipping-taxable","61":"purchasable","62":"product-type-simple"},"_links":{"self":[{"href":"https:\/\/butikhome.pl\/index.php\/wp-json\/wp\/v2\/product\/11421","targetHints":{"allow":["GET"]}}],"collection":[{"href":"https:\/\/butikhome.pl\/index.php\/wp-json\/wp\/v2\/product"}],"about":[{"href":"https:\/\/butikhome.pl\/index.php\/wp-json\/wp\/v2\/types\/product"}],"replies":[{"embeddable":true,"href":"https:\/\/butikhome.pl\/index.php\/wp-json\/wp\/v2\/comments?post=11421"}],"wp:featuredmedia":[{"embeddable":true,"href":"https:\/\/butikhome.pl\/index.php\/wp-json\/wp\/v2\/media\/15609"}],"wp:attachment":[{"href":"https:\/\/butikhome.pl\/index.php\/wp-json\/wp\/v2\/media?parent=11421"}],"wp:term":[{"taxonomy":"product_brand","embeddable":true,"href":"https:\/\/butikhome.pl\/index.php\/wp-json\/wp\/v2\/product_brand?post=11421"},{"taxonomy":"product_cat","embeddable":true,"href":"https:\/\/butikhome.pl\/index.php\/wp-json\/wp\/v2\/product_cat?post=11421"},{"taxonomy":"product_tag","embeddable":true,"href":"https:\/\/butikhome.pl\/index.php\/wp-json\/wp\/v2\/product_tag?post=11421"}],"curies":[{"name":"wp","href":"https:\/\/api.w.org\/{rel}","templated":true}]}}