{"id":11476,"date":"2023-03-29T16:28:56","date_gmt":"2023-03-29T14:28:56","guid":{"rendered":"https:\/\/butikhome.pl\/index.php\/produkt\/biustonosz-victoria-k378-bezowy\/"},"modified":"2023-06-19T14:04:17","modified_gmt":"2023-06-19T12:04:17","slug":"biustonosz-victoria-k378-bezowy","status":"publish","type":"product","link":"https:\/\/butikhome.pl\/index.php\/produkt\/biustonosz-victoria-k378-bezowy\/","title":{"rendered":"Biustonosz Victoria K378 Be\u017cowy"},"content":{"rendered":"<p><span>Be\u017cowy biustonosz typu soft, z pi\u0119kn\u0105, koronkow\u0105 g\u00f3r\u0105. Miseczki z fiszbinami, o profesjonalnym podkroju, bardzo dobrze zbieraj\u0105 i modeluj\u0105 piersi. \u015arodek z gustown\u0105 przywieszk\u0105. Rami\u0105czka o regulowanej d\u0142ugo\u015bci. Obw\u00f3d elastyczny, zapinany na haftki. Sk\u0142ad: 90% poliamid, 7% elastan, 3% poliester.<\/span><\/p>\n<p><span>\u00a0<\/span><\/p>\n","protected":false},"excerpt":{"rendered":"<p>Be\u017cowy biustonosz typu soft, z pi\u0119kn\u0105, koronkow\u0105 g\u00f3r\u0105. Miseczki z fiszbinami, o profesjonalnym podkroju, bardzo dobrze zbieraj\u0105 i modeluj\u0105 piersi. \u015arodek z gustown\u0105 przywieszk\u0105. Rami\u0105czka o regulowanej d\u0142ugo\u015bci. Obw\u00f3d elastyczny, zapinany na haftki. Sk\u0142ad: 90% poliamid, 7% elastan, 3% poliester. \u00a0<\/p>\n","protected":false},"featured_media":15607,"comment_status":"open","ping_status":"closed","template":"","meta":[],"product_brand":[],"product_cat":[629,24],"product_tag":[1707,1708,1640,1641,1645,1646,1712,1713,1718,1789,1790,1791,1922,1923,1982,1605,1606,1610,1611,1792,1793,1599,1482,1483,1484,1486,1487,1625,1626,1969,1489,1490,1493,1494,1627,1628,1629,1496,1497,1500,1630,1631,1632,1883,1896,1502,1503,1504,1505,1633,1634,1635,1693,1636,1508,1509,1637,1704,1638,1639,1705,1615,1981,1980,1603,1975,1441,1972,1824,1976,1297,1078,1973,664,1974],"class_list":{"0":"post-11476","1":"product","2":"type-product","3":"status-publish","4":"has-post-thumbnail","6":"product_cat-biustonosze-podkategoria-do-bielizny","7":"product_cat-produkty","8":"product_tag-100-c","9":"product_tag-100-d","10":"product_tag-100-e","11":"product_tag-100-f","12":"product_tag-105-d","13":"product_tag-105-e","14":"product_tag-110-c","15":"product_tag-110-d","16":"product_tag-115-c","17":"product_tag-65-f","18":"product_tag-65-g","19":"product_tag-65-h","20":"product_tag-65-i","21":"product_tag-65-j","22":"product_tag-65-m","23":"product_tag-70-e","24":"product_tag-70-f","25":"product_tag-70-g","26":"product_tag-70-h","27":"product_tag-70-i","28":"product_tag-70-j","29":"product_tag-75-c","30":"product_tag-75-d","31":"product_tag-75-e","32":"product_tag-75-f","33":"product_tag-75-h","34":"product_tag-75-i","35":"product_tag-75-j","36":"product_tag-75-k","37":"product_tag-75-m","38":"product_tag-80-c","39":"product_tag-80-d","40":"product_tag-80-g","41":"product_tag-80-h","42":"product_tag-80-i","43":"product_tag-80-j","44":"product_tag-80-k","45":"product_tag-85-c","46":"product_tag-85-d","47":"product_tag-85-g","48":"product_tag-85-h","49":"product_tag-85-i","50":"product_tag-85-j","51":"product_tag-85-k","52":"product_tag-85-l","53":"product_tag-90-c","54":"product_tag-90-d","55":"product_tag-90-e","56":"product_tag-90-f","57":"product_tag-90-g","58":"product_tag-90-h","59":"product_tag-90-i","60":"product_tag-90-j","61":"product_tag-90-k","62":"product_tag-95-d","63":"product_tag-95-e","64":"product_tag-95-f","65":"product_tag-95-g","66":"product_tag-95-h","67":"product_tag-95-i","68":"product_tag-95-j","69":"product_tag-bezowy","70":"product_tag-bezowy-65-e","71":"product_tag-biustonosz-victoria-k378-bezowy","72":"product_tag-gaia","73":"product_tag-gustowna-przywieszka","74":"product_tag-koronkowa-gora","75":"product_tag-miseczki-z-fiszbinami","76":"product_tag-model-w-konstrukcji-soft","77":"product_tag-obwod-elastyczny-zapinany-na-haftki","78":"product_tag-pakowane-w-pudelko","79":"product_tag-polski-produkt","80":"product_tag-profesjonalny-podkroj","81":"product_tag-ramiaczka-regulowane","82":"product_tag-zbieraja-i-modeluja-biust","84":"first","85":"instock","86":"taxable","87":"shipping-taxable","88":"purchasable","89":"product-type-simple"},"_links":{"self":[{"href":"https:\/\/butikhome.pl\/index.php\/wp-json\/wp\/v2\/product\/11476","targetHints":{"allow":["GET"]}}],"collection":[{"href":"https:\/\/butikhome.pl\/index.php\/wp-json\/wp\/v2\/product"}],"about":[{"href":"https:\/\/butikhome.pl\/index.php\/wp-json\/wp\/v2\/types\/product"}],"replies":[{"embeddable":true,"href":"https:\/\/butikhome.pl\/index.php\/wp-json\/wp\/v2\/comments?post=11476"}],"wp:featuredmedia":[{"embeddable":true,"href":"https:\/\/butikhome.pl\/index.php\/wp-json\/wp\/v2\/media\/15607"}],"wp:attachment":[{"href":"https:\/\/butikhome.pl\/index.php\/wp-json\/wp\/v2\/media?parent=11476"}],"wp:term":[{"taxonomy":"product_brand","embeddable":true,"href":"https:\/\/butikhome.pl\/index.php\/wp-json\/wp\/v2\/product_brand?post=11476"},{"taxonomy":"product_cat","embeddable":true,"href":"https:\/\/butikhome.pl\/index.php\/wp-json\/wp\/v2\/product_cat?post=11476"},{"taxonomy":"product_tag","embeddable":true,"href":"https:\/\/butikhome.pl\/index.php\/wp-json\/wp\/v2\/product_tag?post=11476"}],"curies":[{"name":"wp","href":"https:\/\/api.w.org\/{rel}","templated":true}]}}