{"id":11544,"date":"2023-03-29T16:30:22","date_gmt":"2023-03-29T14:30:22","guid":{"rendered":"https:\/\/butikhome.pl\/index.php\/produkt\/biustonosz-victoria-k378-bialy\/"},"modified":"2023-06-19T13:56:35","modified_gmt":"2023-06-19T11:56:35","slug":"biustonosz-victoria-k378-bialy","status":"publish","type":"product","link":"https:\/\/butikhome.pl\/index.php\/produkt\/biustonosz-victoria-k378-bialy\/","title":{"rendered":"Biustonosz Victoria K378 Bia\u0142y"},"content":{"rendered":"<p><span>Bia\u0142y biustonosz typu soft, z pi\u0119kn\u0105, koronkow\u0105 g\u00f3r\u0105. Miseczki z fiszbinami, o profesjonalnym podkroju, bardzo dobrze zbieraj\u0105 i modeluj\u0105 piersi. \u015arodek z gustown\u0105 przywieszk\u0105. Rami\u0105czka o regulowanej d\u0142ugo\u015bci. Obw\u00f3d elastyczny, zapinany na haftki. Sk\u0142ad: 90% poliamid, 7% elastan, 3% poliester.<\/span><\/p>\n<p><span>\u00a0<\/span><\/p>\n","protected":false},"excerpt":{"rendered":"<p>Bia\u0142y biustonosz typu soft, z pi\u0119kn\u0105, koronkow\u0105 g\u00f3r\u0105. Miseczki z fiszbinami, o profesjonalnym podkroju, bardzo dobrze zbieraj\u0105 i modeluj\u0105 piersi. \u015arodek z gustown\u0105 przywieszk\u0105. Rami\u0105czka o regulowanej d\u0142ugo\u015bci. Obw\u00f3d elastyczny, zapinany na haftki. Sk\u0142ad: 90% poliamid, 7% elastan, 3% poliester. \u00a0<\/p>\n","protected":false},"featured_media":15604,"comment_status":"open","ping_status":"closed","template":"","meta":[],"product_brand":[],"product_cat":[629,24],"product_tag":[1707,1708,1640,1641,1644,1645,1646,1712,1713,1718,1789,1790,1791,1922,1923,1967,1606,1610,1611,1792,1793,1624,1968,1978,1599,1482,1483,1484,1485,1486,1487,1625,1626,1692,1489,1490,1491,1492,1493,1494,1627,1628,1629,1882,1970,1496,1497,1498,1499,1500,1630,1631,1632,1883,1896,1502,1503,1504,1505,1633,1634,1635,1693,1636,1507,1508,1509,1637,1704,1638,1639,1705,672,1977,1979,1603,1975,1441,1972,1824,1976,1297,1078,1973,664,1974],"class_list":{"0":"post-11544","1":"product","2":"type-product","3":"status-publish","4":"has-post-thumbnail","6":"product_cat-biustonosze-podkategoria-do-bielizny","7":"product_cat-produkty","8":"product_tag-100-c","9":"product_tag-100-d","10":"product_tag-100-e","11":"product_tag-100-f","12":"product_tag-105-c","13":"product_tag-105-d","14":"product_tag-105-e","15":"product_tag-110-c","16":"product_tag-110-d","17":"product_tag-115-c","18":"product_tag-65-f","19":"product_tag-65-g","20":"product_tag-65-h","21":"product_tag-65-i","22":"product_tag-65-j","23":"product_tag-65-k","24":"product_tag-70-f","25":"product_tag-70-g","26":"product_tag-70-h","27":"product_tag-70-i","28":"product_tag-70-j","29":"product_tag-70-k","30":"product_tag-70-l","31":"product_tag-70-m","32":"product_tag-75-c","33":"product_tag-75-d","34":"product_tag-75-e","35":"product_tag-75-f","36":"product_tag-75-g","37":"product_tag-75-h","38":"product_tag-75-i","39":"product_tag-75-j","40":"product_tag-75-k","41":"product_tag-75-l","42":"product_tag-80-c","43":"product_tag-80-d","44":"product_tag-80-e","45":"product_tag-80-f","46":"product_tag-80-g","47":"product_tag-80-h","48":"product_tag-80-i","49":"product_tag-80-j","50":"product_tag-80-k","51":"product_tag-80-l","52":"product_tag-80-m","53":"product_tag-85-c","54":"product_tag-85-d","55":"product_tag-85-e","56":"product_tag-85-f","57":"product_tag-85-g","58":"product_tag-85-h","59":"product_tag-85-i","60":"product_tag-85-j","61":"product_tag-85-k","62":"product_tag-85-l","63":"product_tag-90-c","64":"product_tag-90-d","65":"product_tag-90-e","66":"product_tag-90-f","67":"product_tag-90-g","68":"product_tag-90-h","69":"product_tag-90-i","70":"product_tag-90-j","71":"product_tag-90-k","72":"product_tag-95-c","73":"product_tag-95-d","74":"product_tag-95-e","75":"product_tag-95-f","76":"product_tag-95-g","77":"product_tag-95-h","78":"product_tag-95-i","79":"product_tag-95-j","80":"product_tag-bialy","81":"product_tag-bialy-65-e","82":"product_tag-biustonosz-victoria-k378-bialy","83":"product_tag-gaia","84":"product_tag-gustowna-przywieszka","85":"product_tag-koronkowa-gora","86":"product_tag-miseczki-z-fiszbinami","87":"product_tag-model-w-konstrukcji-soft","88":"product_tag-obwod-elastyczny-zapinany-na-haftki","89":"product_tag-pakowane-w-pudelko","90":"product_tag-polski-produkt","91":"product_tag-profesjonalny-podkroj","92":"product_tag-ramiaczka-regulowane","93":"product_tag-zbieraja-i-modeluja-biust","95":"first","96":"instock","97":"taxable","98":"shipping-taxable","99":"purchasable","100":"product-type-simple"},"_links":{"self":[{"href":"https:\/\/butikhome.pl\/index.php\/wp-json\/wp\/v2\/product\/11544","targetHints":{"allow":["GET"]}}],"collection":[{"href":"https:\/\/butikhome.pl\/index.php\/wp-json\/wp\/v2\/product"}],"about":[{"href":"https:\/\/butikhome.pl\/index.php\/wp-json\/wp\/v2\/types\/product"}],"replies":[{"embeddable":true,"href":"https:\/\/butikhome.pl\/index.php\/wp-json\/wp\/v2\/comments?post=11544"}],"wp:featuredmedia":[{"embeddable":true,"href":"https:\/\/butikhome.pl\/index.php\/wp-json\/wp\/v2\/media\/15604"}],"wp:attachment":[{"href":"https:\/\/butikhome.pl\/index.php\/wp-json\/wp\/v2\/media?parent=11544"}],"wp:term":[{"taxonomy":"product_brand","embeddable":true,"href":"https:\/\/butikhome.pl\/index.php\/wp-json\/wp\/v2\/product_brand?post=11544"},{"taxonomy":"product_cat","embeddable":true,"href":"https:\/\/butikhome.pl\/index.php\/wp-json\/wp\/v2\/product_cat?post=11544"},{"taxonomy":"product_tag","embeddable":true,"href":"https:\/\/butikhome.pl\/index.php\/wp-json\/wp\/v2\/product_tag?post=11544"}],"curies":[{"name":"wp","href":"https:\/\/api.w.org\/{rel}","templated":true}]}}