{"id":11617,"date":"2023-03-29T16:32:20","date_gmt":"2023-03-29T14:32:20","guid":{"rendered":"https:\/\/butikhome.pl\/index.php\/produkt\/biustonosz-victoria-k378-czarny\/"},"modified":"2023-06-19T13:29:05","modified_gmt":"2023-06-19T11:29:05","slug":"biustonosz-victoria-k378-czarny","status":"publish","type":"product","link":"https:\/\/butikhome.pl\/index.php\/produkt\/biustonosz-victoria-k378-czarny\/","title":{"rendered":"Biustonosz Victoria K378 Czarny"},"content":{"rendered":"<p><span>Czarny biustonosz typu soft, z pi\u0119kn\u0105, koronkow\u0105 g\u00f3r\u0105. Miseczki z fiszbinami, o profesjonalnym podkroju, bardzo dobrze zbieraj\u0105 i modeluj\u0105 piersi. \u015arodek z gustown\u0105 przywieszk\u0105. Rami\u0105czka o regulowanej d\u0142ugo\u015bci. Obw\u00f3d elastyczny, zapinany na haftki. Sk\u0142ad: 90% poliamid, 7% elastan, 3% poliester.<\/span><\/p>\n","protected":false},"excerpt":{"rendered":"<p>Czarny biustonosz typu soft, z pi\u0119kn\u0105, koronkow\u0105 g\u00f3r\u0105. Miseczki z fiszbinami, o profesjonalnym podkroju, bardzo dobrze zbieraj\u0105 i modeluj\u0105 piersi. \u015arodek z gustown\u0105 przywieszk\u0105. Rami\u0105czka o regulowanej d\u0142ugo\u015bci. Obw\u00f3d elastyczny, zapinany na haftki. Sk\u0142ad: 90% poliamid, 7% elastan, 3% poliester.<\/p>\n","protected":false},"featured_media":15602,"comment_status":"open","ping_status":"closed","template":"","meta":[],"product_brand":[],"product_cat":[629,24],"product_tag":[1707,1708,1640,1644,1646,1718,1789,1923,1967,1605,1606,1610,1611,1792,1624,1968,1599,1482,1483,1484,1485,1486,1487,1625,1626,1692,1969,1489,1490,1492,1493,1494,1627,1628,1629,1970,1496,1497,1500,1632,1883,1502,1503,1504,1633,1634,1635,1693,1507,1509,1704,1638,1639,1705,1971,1089,1966,1603,1975,1441,1972,1824,1976,1297,1078,1973,664,1974],"class_list":{"0":"post-11617","1":"product","2":"type-product","3":"status-publish","4":"has-post-thumbnail","6":"product_cat-biustonosze-podkategoria-do-bielizny","7":"product_cat-produkty","8":"product_tag-100-c","9":"product_tag-100-d","10":"product_tag-100-e","11":"product_tag-105-c","12":"product_tag-105-e","13":"product_tag-115-c","14":"product_tag-65-f","15":"product_tag-65-j","16":"product_tag-65-k","17":"product_tag-70-e","18":"product_tag-70-f","19":"product_tag-70-g","20":"product_tag-70-h","21":"product_tag-70-i","22":"product_tag-70-k","23":"product_tag-70-l","24":"product_tag-75-c","25":"product_tag-75-d","26":"product_tag-75-e","27":"product_tag-75-f","28":"product_tag-75-g","29":"product_tag-75-h","30":"product_tag-75-i","31":"product_tag-75-j","32":"product_tag-75-k","33":"product_tag-75-l","34":"product_tag-75-m","35":"product_tag-80-c","36":"product_tag-80-d","37":"product_tag-80-f","38":"product_tag-80-g","39":"product_tag-80-h","40":"product_tag-80-i","41":"product_tag-80-j","42":"product_tag-80-k","43":"product_tag-80-m","44":"product_tag-85-c","45":"product_tag-85-d","46":"product_tag-85-g","47":"product_tag-85-j","48":"product_tag-85-k","49":"product_tag-90-c","50":"product_tag-90-d","51":"product_tag-90-e","52":"product_tag-90-g","53":"product_tag-90-h","54":"product_tag-90-i","55":"product_tag-90-j","56":"product_tag-95-c","57":"product_tag-95-e","58":"product_tag-95-g","59":"product_tag-95-h","60":"product_tag-95-i","61":"product_tag-95-j","62":"product_tag-biustonosz-victoria-k378-czarny","63":"product_tag-czarny","64":"product_tag-czarny-65-e","65":"product_tag-gaia","66":"product_tag-gustowna-przywieszka","67":"product_tag-koronkowa-gora","68":"product_tag-miseczki-z-fiszbinami","69":"product_tag-model-w-konstrukcji-soft","70":"product_tag-obwod-elastyczny-zapinany-na-haftki","71":"product_tag-pakowane-w-pudelko","72":"product_tag-polski-produkt","73":"product_tag-profesjonalny-podkroj","74":"product_tag-ramiaczka-regulowane","75":"product_tag-zbieraja-i-modeluja-biust","77":"first","78":"instock","79":"taxable","80":"shipping-taxable","81":"purchasable","82":"product-type-simple"},"_links":{"self":[{"href":"https:\/\/butikhome.pl\/index.php\/wp-json\/wp\/v2\/product\/11617","targetHints":{"allow":["GET"]}}],"collection":[{"href":"https:\/\/butikhome.pl\/index.php\/wp-json\/wp\/v2\/product"}],"about":[{"href":"https:\/\/butikhome.pl\/index.php\/wp-json\/wp\/v2\/types\/product"}],"replies":[{"embeddable":true,"href":"https:\/\/butikhome.pl\/index.php\/wp-json\/wp\/v2\/comments?post=11617"}],"wp:featuredmedia":[{"embeddable":true,"href":"https:\/\/butikhome.pl\/index.php\/wp-json\/wp\/v2\/media\/15602"}],"wp:attachment":[{"href":"https:\/\/butikhome.pl\/index.php\/wp-json\/wp\/v2\/media?parent=11617"}],"wp:term":[{"taxonomy":"product_brand","embeddable":true,"href":"https:\/\/butikhome.pl\/index.php\/wp-json\/wp\/v2\/product_brand?post=11617"},{"taxonomy":"product_cat","embeddable":true,"href":"https:\/\/butikhome.pl\/index.php\/wp-json\/wp\/v2\/product_cat?post=11617"},{"taxonomy":"product_tag","embeddable":true,"href":"https:\/\/butikhome.pl\/index.php\/wp-json\/wp\/v2\/product_tag?post=11617"}],"curies":[{"name":"wp","href":"https:\/\/api.w.org\/{rel}","templated":true}]}}