{"id":12046,"date":"2023-03-29T16:42:22","date_gmt":"2023-03-29T14:42:22","guid":{"rendered":"https:\/\/butikhome.pl\/index.php\/produkt\/koszulka-camisole-gatta-610-na-ramaczkach\/"},"modified":"2023-07-07T14:20:23","modified_gmt":"2023-07-07T12:20:23","slug":"koszulka-camisole-gatta-610-na-ramaczkach","status":"publish","type":"product","link":"https:\/\/butikhome.pl\/index.php\/produkt\/koszulka-camisole-gatta-610-na-ramaczkach\/","title":{"rendered":"Koszulka Camisole Gatta 610 na ram\u0105czkach"},"content":{"rendered":"<p>Je\u015bli lubisz aktywnie sp\u0119dza\u0107 czas, b\u0105d\u017a po prostu cenisz sobie wygodny aczkolwiek elegancki wygl\u0105d &#8211; oto co\u015b dla Ciebie. W najnowszej kolekcji znanego producenta Gatta dostrzec mo\u017cna propozycje odzie\u017cy, kt\u00f3ra wspaniale sprawdzi si\u0119 zar\u00f3wno na zaj\u0119ciach fitness i nie tylko&#8230; Mi\u0119kka dzianina nie pilinguje si\u0119 oraz co najwa\u017cniejsze nie trzeba jej prasowa\u0107. Tutaj w wersji na rami\u0105czkach.<\/p>\n<p>Sk\u0142ad: 93% poliamid, 7% elastan. Koszulka otrzyma\u0142a znak jako\u015bci &#8222;Confidence in Textiles&#8221;.<\/p>\n<p>S &#8211; 34\/36 &#8211; wym.kl.piersiowej 82-88<br \/>\nM &#8211; 38\/40 &#8211; wym.kl.piersiowej 88-96<br \/>\nL &#8211; 42\/44 &#8211; wym.kl.piersiowej 96-104<br \/>\nXL- 46\/48 &#8211; wym.kl.piersiowej 104-112<\/p>\n<p>Bamboo (ziele\u0144 Bambusowa): XL<br \/>\nBia\u0142y: S, M, L, XL<br \/>\nBlack: S, M, L, XL<br \/>\nDeep Navy: M, L, XL<br \/>\nDubbary: XL<br \/>\nGrigio (odc. \u015bredniej szaro\u015bci): XL<br \/>\nLawn Green: XL<br \/>\nNatural (odc. naturalny): S, M, L, XL<br \/>\nOrange 1: XL<br \/>\nPastel Pink: XL<br \/>\nPink: XL<br \/>\nPinko: XL<br \/>\nPumpkin: S, M, L, XL<br \/>\nVinaccia (odc. ciemnoczerwony): XL<\/p>\n","protected":false},"excerpt":{"rendered":"<p>Je\u015bli lubisz aktywnie sp\u0119dza\u0107 czas, b\u0105d\u017a po prostu cenisz sobie wygodny aczkolwiek elegancki wygl\u0105d &#8211; oto co\u015b dla Ciebie. W najnowszej kolekcji znanego producenta Gatta dostrzec mo\u017cna propozycje odzie\u017cy, kt\u00f3ra wspaniale sprawdzi si\u0119 zar\u00f3wno na zaj\u0119ciach fitness i nie tylko&#8230; Mi\u0119kka dzianina nie pilinguje si\u0119 oraz co najwa\u017cniejsze nie trzeba jej prasowa\u0107. Tutaj w wersji &hellip; <\/p>\n","protected":false},"featured_media":15783,"comment_status":"open","ping_status":"closed","template":"","meta":[],"product_brand":[],"product_cat":[1000,24],"product_tag":[2312,699,97,2318,2319,2277,2299,2320,2321,2313,2314,2315,2316,2317],"class_list":{"0":"post-12046","1":"product","2":"type-product","3":"status-publish","4":"has-post-thumbnail","6":"product_cat-koszulka-damska","7":"product_cat-produkty","8":"product_tag-bamboo-zielen-bambusowa-xl-bialy-s","9":"product_tag-gatta","10":"product_tag-gladka","11":"product_tag-idealna-dla-aktywnych","12":"product_tag-koszulka-camisole-gatta-610-na-ramiaczkach","13":"product_tag-l","14":"product_tag-m","15":"product_tag-na-fitness-i-nie-tylko","16":"product_tag-nie-trzeba-prasowac","17":"product_tag-xl-black-s","18":"product_tag-xl-deep-navy-m","19":"product_tag-xl-dubbary-xl-grigio-odc-sredniej-szarosci-xl-lawn-green-xl-natural-odc-naturalny-s","20":"product_tag-xl-orange-1-xl-pastel-pink-xl-pink-xl-pinko-xl-pumpkin-s","21":"product_tag-xl-vinaccia-odc-ciemnoczerwony-xl","23":"first","24":"instock","25":"taxable","26":"shipping-taxable","27":"purchasable","28":"product-type-simple"},"_links":{"self":[{"href":"https:\/\/butikhome.pl\/index.php\/wp-json\/wp\/v2\/product\/12046","targetHints":{"allow":["GET"]}}],"collection":[{"href":"https:\/\/butikhome.pl\/index.php\/wp-json\/wp\/v2\/product"}],"about":[{"href":"https:\/\/butikhome.pl\/index.php\/wp-json\/wp\/v2\/types\/product"}],"replies":[{"embeddable":true,"href":"https:\/\/butikhome.pl\/index.php\/wp-json\/wp\/v2\/comments?post=12046"}],"wp:featuredmedia":[{"embeddable":true,"href":"https:\/\/butikhome.pl\/index.php\/wp-json\/wp\/v2\/media\/15783"}],"wp:attachment":[{"href":"https:\/\/butikhome.pl\/index.php\/wp-json\/wp\/v2\/media?parent=12046"}],"wp:term":[{"taxonomy":"product_brand","embeddable":true,"href":"https:\/\/butikhome.pl\/index.php\/wp-json\/wp\/v2\/product_brand?post=12046"},{"taxonomy":"product_cat","embeddable":true,"href":"https:\/\/butikhome.pl\/index.php\/wp-json\/wp\/v2\/product_cat?post=12046"},{"taxonomy":"product_tag","embeddable":true,"href":"https:\/\/butikhome.pl\/index.php\/wp-json\/wp\/v2\/product_tag?post=12046"}],"curies":[{"name":"wp","href":"https:\/\/api.w.org\/{rel}","templated":true}]}}