{"id":12068,"date":"2023-03-29T16:42:57","date_gmt":"2023-03-29T14:42:57","guid":{"rendered":"https:\/\/butikhome.pl\/index.php\/produkt\/koszulka-tan-2786\/"},"modified":"2023-04-27T15:42:10","modified_gmt":"2023-04-27T13:42:10","slug":"koszulka-tan-2786","status":"publish","type":"product","link":"https:\/\/butikhome.pl\/index.php\/produkt\/koszulka-tan-2786\/","title":{"rendered":"Koszulka Tan 2786"},"content":{"rendered":"<p>Koszulka damska z mikrofibry na szerokich rami\u0105czkach, z du\u017cym dekoltem. Wykonana z mi\u0119kkiej, przewiewnej mikrofibry bez bocznych szw\u00f3w. Koszulka zapewnia luksusowe samopoczucie, przylega do cia\u0142a jak druga sk\u00f3ra. Sk\u0142ad: poliamid 93%, elastan 7%.<\/p>\n","protected":false},"excerpt":{"rendered":"<p>Koszulka damska z mikrofibry na szerokich rami\u0105czkach, z du\u017cym dekoltem. Wykonana z mi\u0119kkiej, przewiewnej mikrofibry bez bocznych szw\u00f3w. Koszulka zapewnia luksusowe samopoczucie, przylega do cia\u0142a jak druga sk\u00f3ra. Sk\u0142ad: poliamid 93%, elastan 7%.<\/p>\n","protected":false},"featured_media":15161,"comment_status":"open","ping_status":"closed","template":"","meta":[],"product_brand":[],"product_cat":[991,24,41],"product_tag":[996,672,994,999,992,997,995,998,993],"class_list":{"0":"post-12068","1":"product","2":"type-product","3":"status-publish","4":"has-post-thumbnail","6":"product_cat-koszulki-damskie","7":"product_cat-produkty","8":"product_cat-l","9":"product_tag-bez-boczych-szwow","10":"product_tag-bialy","11":"product_tag-duzy-dekolt","12":"product_tag-jak-druga-skora","13":"product_tag-koszulka-damska","14":"product_tag-luksusowe-samopoczucie","15":"product_tag-miekka-przewiewna-mikrofibra","16":"product_tag-przylegajaca-do-ciala","17":"product_tag-szerokie-ramiaczka","19":"first","20":"instock","21":"taxable","22":"shipping-taxable","23":"purchasable","24":"product-type-simple"},"_links":{"self":[{"href":"https:\/\/butikhome.pl\/index.php\/wp-json\/wp\/v2\/product\/12068","targetHints":{"allow":["GET"]}}],"collection":[{"href":"https:\/\/butikhome.pl\/index.php\/wp-json\/wp\/v2\/product"}],"about":[{"href":"https:\/\/butikhome.pl\/index.php\/wp-json\/wp\/v2\/types\/product"}],"replies":[{"embeddable":true,"href":"https:\/\/butikhome.pl\/index.php\/wp-json\/wp\/v2\/comments?post=12068"}],"wp:featuredmedia":[{"embeddable":true,"href":"https:\/\/butikhome.pl\/index.php\/wp-json\/wp\/v2\/media\/15161"}],"wp:attachment":[{"href":"https:\/\/butikhome.pl\/index.php\/wp-json\/wp\/v2\/media?parent=12068"}],"wp:term":[{"taxonomy":"product_brand","embeddable":true,"href":"https:\/\/butikhome.pl\/index.php\/wp-json\/wp\/v2\/product_brand?post=12068"},{"taxonomy":"product_cat","embeddable":true,"href":"https:\/\/butikhome.pl\/index.php\/wp-json\/wp\/v2\/product_cat?post=12068"},{"taxonomy":"product_tag","embeddable":true,"href":"https:\/\/butikhome.pl\/index.php\/wp-json\/wp\/v2\/product_tag?post=12068"}],"curies":[{"name":"wp","href":"https:\/\/api.w.org\/{rel}","templated":true}]}}