{"id":12091,"date":"2023-03-29T16:43:35","date_gmt":"2023-03-29T14:43:35","guid":{"rendered":"https:\/\/butikhome.pl\/index.php\/produkt\/leginsy-gatta-leggins-100den\/"},"modified":"2023-04-27T15:19:30","modified_gmt":"2023-04-27T13:19:30","slug":"leginsy-gatta-leggins-100den","status":"publish","type":"product","link":"https:\/\/butikhome.pl\/index.php\/produkt\/leginsy-gatta-leggins-100den\/","title":{"rendered":"Leginsy Gatta Leggins 100den"},"content":{"rendered":"<p>Gatta Leggins czyli modny akcent, kt\u00f3ry wyr\u00f3\u017cni Ci\u0119 w\u015br\u00f3d innych os\u00f3b.\u00a0Matowe, elastyczne, o grubo\u015bci 100den. Po prostu pozw\u00f3l sobie na\u00a0niezapomniany wygl\u0105d!<\/p>\n<p>Kolor topino to odcie\u0144 ciemnego br\u0105zu, nero to kolor\u00a0czarny.<\/p>\n<p>&nbsp;<\/p>\n","protected":false},"excerpt":{"rendered":"<p>Gatta Leggins czyli modny akcent, kt\u00f3ry wyr\u00f3\u017cni Ci\u0119 w\u015br\u00f3d innych os\u00f3b.\u00a0Matowe, elastyczne, o grubo\u015bci 100den. Po prostu pozw\u00f3l sobie na\u00a0niezapomniany wygl\u0105d! Kolor topino to odcie\u0144 ciemnego br\u0105zu, nero to kolor\u00a0czarny. &nbsp;<\/p>\n","protected":false},"featured_media":15160,"comment_status":"open","ping_status":"closed","template":"","meta":[],"product_brand":[],"product_cat":[24,628,41,40,39],"product_tag":[708,709,710,985,986,370,910,989,984,987,903,988],"class_list":{"0":"post-12091","1":"product","2":"type-product","3":"status-publish","4":"has-post-thumbnail","6":"product_cat-produkty","7":"product_cat-rajstopy-podkategoria-do-bielizny","8":"product_cat-l","9":"product_cat-m","10":"product_cat-s","11":"product_tag-2-s","12":"product_tag-3-m","13":"product_tag-4-l","14":"product_tag-aksamitna-miekkosc-mikrofibry","15":"product_tag-delikatnie-otulajace-nogi","16":"product_tag-elastyczne","17":"product_tag-grubosc-100-den","18":"product_tag-idealne-na-chlodne-dni","19":"product_tag-legginsy-gatta-microfibra-100-den","20":"product_tag-matowa-struktura","21":"product_tag-nero-czarny","22":"product_tag-szlachtny-wyglad","24":"first","25":"instock","26":"sale","27":"taxable","28":"shipping-taxable","29":"purchasable","30":"product-type-simple"},"_links":{"self":[{"href":"https:\/\/butikhome.pl\/index.php\/wp-json\/wp\/v2\/product\/12091","targetHints":{"allow":["GET"]}}],"collection":[{"href":"https:\/\/butikhome.pl\/index.php\/wp-json\/wp\/v2\/product"}],"about":[{"href":"https:\/\/butikhome.pl\/index.php\/wp-json\/wp\/v2\/types\/product"}],"replies":[{"embeddable":true,"href":"https:\/\/butikhome.pl\/index.php\/wp-json\/wp\/v2\/comments?post=12091"}],"wp:featuredmedia":[{"embeddable":true,"href":"https:\/\/butikhome.pl\/index.php\/wp-json\/wp\/v2\/media\/15160"}],"wp:attachment":[{"href":"https:\/\/butikhome.pl\/index.php\/wp-json\/wp\/v2\/media?parent=12091"}],"wp:term":[{"taxonomy":"product_brand","embeddable":true,"href":"https:\/\/butikhome.pl\/index.php\/wp-json\/wp\/v2\/product_brand?post=12091"},{"taxonomy":"product_cat","embeddable":true,"href":"https:\/\/butikhome.pl\/index.php\/wp-json\/wp\/v2\/product_cat?post=12091"},{"taxonomy":"product_tag","embeddable":true,"href":"https:\/\/butikhome.pl\/index.php\/wp-json\/wp\/v2\/product_tag?post=12091"}],"curies":[{"name":"wp","href":"https:\/\/api.w.org\/{rel}","templated":true}]}}