{"id":12095,"date":"2023-03-29T16:43:40","date_gmt":"2023-03-29T14:43:40","guid":{"rendered":"https:\/\/butikhome.pl\/index.php\/produkt\/podkolanowki-avi\/"},"modified":"2023-04-27T15:11:51","modified_gmt":"2023-04-27T13:11:51","slug":"podkolanowki-avi","status":"publish","type":"product","link":"https:\/\/butikhome.pl\/index.php\/produkt\/podkolanowki-avi\/","title":{"rendered":"Podkolan\u00f3wki Avi"},"content":{"rendered":"<p>G\u0142adkie, po\u0144czosznicze podkolan\u00f3wki damskie marki Gatta. Bezuciskowy \u015bci\u0105gacz gwarantuje pe\u0142n\u0105 wygod\u0119. Linia Gatta Gambaletti.<\/p>\n","protected":false},"excerpt":{"rendered":"<p>G\u0142adkie, po\u0144czosznicze podkolan\u00f3wki damskie marki Gatta. Bezuciskowy \u015bci\u0105gacz gwarantuje pe\u0142n\u0105 wygod\u0119. Linia Gatta Gambaletti.<\/p>\n","protected":false},"featured_media":15159,"comment_status":"open","ping_status":"closed","template":"","meta":[],"product_brand":[],"product_cat":[24,628,626],"product_tag":[981,978,980,51,983,982,979],"class_list":{"0":"post-12095","1":"product","2":"type-product","3":"status-publish","4":"has-post-thumbnail","6":"product_cat-produkty","7":"product_cat-rajstopy-podkategoria-do-bielizny","8":"product_cat-skarpety-podkategoria-do-bielizny","9":"product_tag-bez-uciskowy-sciagacz","10":"product_tag-daino-sr-bez","11":"product_tag-gatta-avi","12":"product_tag-gladkie","13":"product_tag-linia-gatta-gambaletti","14":"product_tag-pelna-wygoda","15":"product_tag-podkolanowki-damskie","17":"first","18":"instock","19":"taxable","20":"shipping-taxable","21":"purchasable","22":"product-type-simple"},"_links":{"self":[{"href":"https:\/\/butikhome.pl\/index.php\/wp-json\/wp\/v2\/product\/12095","targetHints":{"allow":["GET"]}}],"collection":[{"href":"https:\/\/butikhome.pl\/index.php\/wp-json\/wp\/v2\/product"}],"about":[{"href":"https:\/\/butikhome.pl\/index.php\/wp-json\/wp\/v2\/types\/product"}],"replies":[{"embeddable":true,"href":"https:\/\/butikhome.pl\/index.php\/wp-json\/wp\/v2\/comments?post=12095"}],"wp:featuredmedia":[{"embeddable":true,"href":"https:\/\/butikhome.pl\/index.php\/wp-json\/wp\/v2\/media\/15159"}],"wp:attachment":[{"href":"https:\/\/butikhome.pl\/index.php\/wp-json\/wp\/v2\/media?parent=12095"}],"wp:term":[{"taxonomy":"product_brand","embeddable":true,"href":"https:\/\/butikhome.pl\/index.php\/wp-json\/wp\/v2\/product_brand?post=12095"},{"taxonomy":"product_cat","embeddable":true,"href":"https:\/\/butikhome.pl\/index.php\/wp-json\/wp\/v2\/product_cat?post=12095"},{"taxonomy":"product_tag","embeddable":true,"href":"https:\/\/butikhome.pl\/index.php\/wp-json\/wp\/v2\/product_tag?post=12095"}],"curies":[{"name":"wp","href":"https:\/\/api.w.org\/{rel}","templated":true}]}}