{"id":12105,"date":"2023-03-29T16:43:55","date_gmt":"2023-03-29T14:43:55","guid":{"rendered":"https:\/\/butikhome.pl\/index.php\/produkt\/podkolanowki-lycra\/"},"modified":"2023-04-27T14:49:30","modified_gmt":"2023-04-27T12:49:30","slug":"podkolanowki-lycra","status":"publish","type":"product","link":"https:\/\/butikhome.pl\/index.php\/produkt\/podkolanowki-lycra\/","title":{"rendered":"Podkolan\u00f3wki Lycra"},"content":{"rendered":"<p>Klasyczne podkolan\u00f3wki marki Gatta. P\u00f3\u0142matowe ze wzmocnion\u0105 cz\u0119\u015bci\u0105 palcow\u0105. Grubo\u015b\u0107 15 DEN.<\/p>\n<p>&nbsp;<\/p>\n","protected":false},"excerpt":{"rendered":"<p>Klasyczne podkolan\u00f3wki marki Gatta. P\u00f3\u0142matowe ze wzmocnion\u0105 cz\u0119\u015bci\u0105 palcow\u0105. Grubo\u015b\u0107 15 DEN. &nbsp;<\/p>\n","protected":false},"featured_media":15155,"comment_status":"open","ping_status":"closed","template":"","meta":[],"product_brand":[],"product_cat":[24,628,626],"product_tag":[975,971,973,735,274,782,972,974],"class_list":{"0":"post-12105","1":"product","2":"type-product","3":"status-publish","4":"has-post-thumbnail","6":"product_cat-produkty","7":"product_cat-rajstopy-podkategoria-do-bielizny","8":"product_cat-skarpety-podkategoria-do-bielizny","9":"product_tag-2-pary","10":"product_tag-antilope-odc-bezowego","11":"product_tag-gatta-lycra","12":"product_tag-grubosc-15-den","13":"product_tag-klasyczne","14":"product_tag-polmatowe","15":"product_tag-rozm-uniwersalny","16":"product_tag-wzmocniona-czesc-palcowa","18":"first","19":"instock","20":"taxable","21":"shipping-taxable","22":"purchasable","23":"product-type-simple"},"_links":{"self":[{"href":"https:\/\/butikhome.pl\/index.php\/wp-json\/wp\/v2\/product\/12105","targetHints":{"allow":["GET"]}}],"collection":[{"href":"https:\/\/butikhome.pl\/index.php\/wp-json\/wp\/v2\/product"}],"about":[{"href":"https:\/\/butikhome.pl\/index.php\/wp-json\/wp\/v2\/types\/product"}],"replies":[{"embeddable":true,"href":"https:\/\/butikhome.pl\/index.php\/wp-json\/wp\/v2\/comments?post=12105"}],"wp:featuredmedia":[{"embeddable":true,"href":"https:\/\/butikhome.pl\/index.php\/wp-json\/wp\/v2\/media\/15155"}],"wp:attachment":[{"href":"https:\/\/butikhome.pl\/index.php\/wp-json\/wp\/v2\/media?parent=12105"}],"wp:term":[{"taxonomy":"product_brand","embeddable":true,"href":"https:\/\/butikhome.pl\/index.php\/wp-json\/wp\/v2\/product_brand?post=12105"},{"taxonomy":"product_cat","embeddable":true,"href":"https:\/\/butikhome.pl\/index.php\/wp-json\/wp\/v2\/product_cat?post=12105"},{"taxonomy":"product_tag","embeddable":true,"href":"https:\/\/butikhome.pl\/index.php\/wp-json\/wp\/v2\/product_tag?post=12105"}],"curies":[{"name":"wp","href":"https:\/\/api.w.org\/{rel}","templated":true}]}}