{"id":12124,"date":"2023-03-29T16:44:24","date_gmt":"2023-03-29T14:44:24","guid":{"rendered":"https:\/\/butikhome.pl\/index.php\/produkt\/ponczochy-gatta-margherita-01\/"},"modified":"2023-04-27T14:33:02","modified_gmt":"2023-04-27T12:33:02","slug":"ponczochy-gatta-margherita-01","status":"publish","type":"product","link":"https:\/\/butikhome.pl\/index.php\/produkt\/ponczochy-gatta-margherita-01\/","title":{"rendered":"Po\u0144czochy Gatta Margherita 01"},"content":{"rendered":"<p>Seksowny element, kt\u00f3rego po prostu nie mo\u017ce zabrakn\u0105\u0107 w Twojej szufladzie! Po\u0144czochy Gatta Margherita 01 to co\u015b co pozwoli Ci nawet z prostego stroju stworzy\u0107 rozgrzewaj\u0105c\u0105 zmys\u0142y ca\u0142o\u015b\u0107. Zdominowane poprzez \u015brednie oczka, dope\u0142nione kwiecist\u0105 koronk\u0105 na udzie. Pon\u0119tne i prowokacyjne jak ka\u017cda kobieta, kt\u00f3ra w nich zagustuje.<\/p>\n","protected":false},"excerpt":{"rendered":"<p>Seksowny element, kt\u00f3rego po prostu nie mo\u017ce zabrakn\u0105\u0107 w Twojej szufladzie! Po\u0144czochy Gatta Margherita 01 to co\u015b co pozwoli Ci nawet z prostego stroju stworzy\u0107 rozgrzewaj\u0105c\u0105 zmys\u0142y ca\u0142o\u015b\u0107. Zdominowane poprzez \u015brednie oczka, dope\u0142nione kwiecist\u0105 koronk\u0105 na udzie. Pon\u0119tne i prowokacyjne jak ka\u017cda kobieta, kt\u00f3ra w nich zagustuje.<\/p>\n","protected":false},"featured_media":15153,"comment_status":"open","ping_status":"closed","template":"","meta":[],"product_brand":[],"product_cat":[24,628,40,39],"product_tag":[963,964,965,966,968,951,799,969,272,967],"class_list":{"0":"post-12124","1":"product","2":"type-product","3":"status-publish","4":"has-post-thumbnail","6":"product_cat-produkty","7":"product_cat-rajstopy-podkategoria-do-bielizny","8":"product_cat-m","9":"product_cat-s","10":"product_tag-1-2","11":"product_tag-3-4","12":"product_tag-gatta-margherita-01","13":"product_tag-kabaretki","14":"product_tag-kwiecista-koronka-na-udzie","15":"product_tag-ponczochy-samonosne","16":"product_tag-ponetne","17":"product_tag-prowokacyjne","18":"product_tag-seksowne","19":"product_tag-srednie-oczka","21":"first","22":"instock","23":"taxable","24":"shipping-taxable","25":"purchasable","26":"product-type-simple"},"_links":{"self":[{"href":"https:\/\/butikhome.pl\/index.php\/wp-json\/wp\/v2\/product\/12124","targetHints":{"allow":["GET"]}}],"collection":[{"href":"https:\/\/butikhome.pl\/index.php\/wp-json\/wp\/v2\/product"}],"about":[{"href":"https:\/\/butikhome.pl\/index.php\/wp-json\/wp\/v2\/types\/product"}],"replies":[{"embeddable":true,"href":"https:\/\/butikhome.pl\/index.php\/wp-json\/wp\/v2\/comments?post=12124"}],"wp:featuredmedia":[{"embeddable":true,"href":"https:\/\/butikhome.pl\/index.php\/wp-json\/wp\/v2\/media\/15153"}],"wp:attachment":[{"href":"https:\/\/butikhome.pl\/index.php\/wp-json\/wp\/v2\/media?parent=12124"}],"wp:term":[{"taxonomy":"product_brand","embeddable":true,"href":"https:\/\/butikhome.pl\/index.php\/wp-json\/wp\/v2\/product_brand?post=12124"},{"taxonomy":"product_cat","embeddable":true,"href":"https:\/\/butikhome.pl\/index.php\/wp-json\/wp\/v2\/product_cat?post=12124"},{"taxonomy":"product_tag","embeddable":true,"href":"https:\/\/butikhome.pl\/index.php\/wp-json\/wp\/v2\/product_tag?post=12124"}],"curies":[{"name":"wp","href":"https:\/\/api.w.org\/{rel}","templated":true}]}}