{"id":12126,"date":"2023-03-29T16:44:26","date_gmt":"2023-03-29T14:44:26","guid":{"rendered":"https:\/\/butikhome.pl\/index.php\/produkt\/ponczochy-gatta-matilde\/"},"modified":"2023-04-27T14:26:31","modified_gmt":"2023-04-27T12:26:31","slug":"ponczochy-gatta-matilde","status":"publish","type":"product","link":"https:\/\/butikhome.pl\/index.php\/produkt\/ponczochy-gatta-matilde\/","title":{"rendered":"Po\u0144czochy Gatta Matilde"},"content":{"rendered":"<p>Pon\u0119tnie i seksownie, po\u0144czochy, kt\u00f3rych nie spos\u00f3b nie dostrzec! Matilde, czyli wdzi\u0119k i pokusa w jednym! G\u0142adka, lekko elastyczna tkanina doskonale dopasowuje si\u0119 tu do cia\u0142a. Pi\u0119kne, finezyjne, koronkowe wyko\u0144czenie otulaj\u0105ce uda dodaje ca\u0142o\u015bci wymarzonego charakteru! Zniewalaj swoim bardzo kobiecym wygl\u0105dem!<\/p>\n","protected":false},"excerpt":{"rendered":"<p>Pon\u0119tnie i seksownie, po\u0144czochy, kt\u00f3rych nie spos\u00f3b nie dostrzec! Matilde, czyli wdzi\u0119k i pokusa w jednym! G\u0142adka, lekko elastyczna tkanina doskonale dopasowuje si\u0119 tu do cia\u0142a. Pi\u0119kne, finezyjne, koronkowe wyko\u0144czenie otulaj\u0105ce uda dodaje ca\u0142o\u015bci wymarzonego charakteru! Zniewalaj swoim bardzo kobiecym wygl\u0105dem!<\/p>\n","protected":false},"featured_media":15152,"comment_status":"open","ping_status":"closed","template":"","meta":[],"product_brand":[],"product_cat":[24,628,39,37],"product_tag":[809,708,617,962,959,51,958,946,961,869,305,951,960],"class_list":{"0":"post-12126","1":"product","2":"type-product","3":"status-publish","4":"has-post-thumbnail","6":"product_cat-produkty","7":"product_cat-rajstopy-podkategoria-do-bielizny","8":"product_cat-s","9":"product_cat-xs","10":"product_tag-1-xs","11":"product_tag-2-s","12":"product_tag-dopasowuja-sie-do-ciala","13":"product_tag-finezyjne","14":"product_tag-gatta-matilde","15":"product_tag-gladkie","16":"product_tag-grafit","17":"product_tag-koronkowe-wykonczenie-na-udach","18":"product_tag-lekko-elastyczna-tkanina","19":"product_tag-nero","20":"product_tag-piekne","21":"product_tag-ponczochy-samonosne","22":"product_tag-wdziek-i-pokusa-w-jednym","24":"first","25":"instock","26":"sale","27":"taxable","28":"shipping-taxable","29":"purchasable","30":"product-type-simple"},"_links":{"self":[{"href":"https:\/\/butikhome.pl\/index.php\/wp-json\/wp\/v2\/product\/12126","targetHints":{"allow":["GET"]}}],"collection":[{"href":"https:\/\/butikhome.pl\/index.php\/wp-json\/wp\/v2\/product"}],"about":[{"href":"https:\/\/butikhome.pl\/index.php\/wp-json\/wp\/v2\/types\/product"}],"replies":[{"embeddable":true,"href":"https:\/\/butikhome.pl\/index.php\/wp-json\/wp\/v2\/comments?post=12126"}],"wp:featuredmedia":[{"embeddable":true,"href":"https:\/\/butikhome.pl\/index.php\/wp-json\/wp\/v2\/media\/15152"}],"wp:attachment":[{"href":"https:\/\/butikhome.pl\/index.php\/wp-json\/wp\/v2\/media?parent=12126"}],"wp:term":[{"taxonomy":"product_brand","embeddable":true,"href":"https:\/\/butikhome.pl\/index.php\/wp-json\/wp\/v2\/product_brand?post=12126"},{"taxonomy":"product_cat","embeddable":true,"href":"https:\/\/butikhome.pl\/index.php\/wp-json\/wp\/v2\/product_cat?post=12126"},{"taxonomy":"product_tag","embeddable":true,"href":"https:\/\/butikhome.pl\/index.php\/wp-json\/wp\/v2\/product_tag?post=12126"}],"curies":[{"name":"wp","href":"https:\/\/api.w.org\/{rel}","templated":true}]}}