{"id":12129,"date":"2023-03-29T16:44:29","date_gmt":"2023-03-29T14:44:29","guid":{"rendered":"https:\/\/butikhome.pl\/index.php\/produkt\/ponczochy-gatta-michelle-01\/"},"modified":"2023-04-27T14:11:18","modified_gmt":"2023-04-27T12:11:18","slug":"ponczochy-gatta-michelle-01","status":"publish","type":"product","link":"https:\/\/butikhome.pl\/index.php\/produkt\/ponczochy-gatta-michelle-01\/","title":{"rendered":"Po\u0144czochy Gatta Michelle 01"},"content":{"rendered":"<p>Seksowne, samono\u015bne po\u0144czoszki, kt\u00f3re zmys\u0142owo zaakcentuj\u0105 kobiece nogi. Na udzie wyko\u0144czone elastyczn\u0105, kunsztownie haftowan\u0105 koronk\u0105, kt\u00f3ra uwodzi spojrzenie. Obowi\u0105zkowy dodatek do ka\u017cdej bielizny, przeznaczony dla pa\u0144 pragn\u0105cych zrobi\u0107 niesamowite wra\u017cenie.<\/p>\n","protected":false},"excerpt":{"rendered":"<p>Seksowne, samono\u015bne po\u0144czoszki, kt\u00f3re zmys\u0142owo zaakcentuj\u0105 kobiece nogi. Na udzie wyko\u0144czone elastyczn\u0105, kunsztownie haftowan\u0105 koronk\u0105, kt\u00f3ra uwodzi spojrzenie. Obowi\u0105zkowy dodatek do ka\u017cdej bielizny, przeznaczony dla pa\u0144 pragn\u0105cych zrobi\u0107 niesamowite wra\u017cenie.<\/p>\n","protected":false},"featured_media":15151,"comment_status":"open","ping_status":"closed","template":"","meta":[],"product_brand":[],"product_cat":[24,628,39,37],"product_tag":[809,708,957,955,956,951,444,272],"class_list":{"0":"post-12129","1":"product","2":"type-product","3":"status-publish","4":"has-post-thumbnail","6":"product_cat-produkty","7":"product_cat-rajstopy-podkategoria-do-bielizny","8":"product_cat-s","9":"product_cat-xs","10":"product_tag-1-xs","11":"product_tag-2-s","12":"product_tag-dodatek-do-kazdej-bielizny","13":"product_tag-gatta-michelle-01","14":"product_tag-haftowana-elastyczna-koronka","15":"product_tag-ponczochy-samonosne","16":"product_tag-robia-wrazenie","17":"product_tag-seksowne","19":"first","20":"instock","21":"taxable","22":"shipping-taxable","23":"purchasable","24":"product-type-simple"},"_links":{"self":[{"href":"https:\/\/butikhome.pl\/index.php\/wp-json\/wp\/v2\/product\/12129","targetHints":{"allow":["GET"]}}],"collection":[{"href":"https:\/\/butikhome.pl\/index.php\/wp-json\/wp\/v2\/product"}],"about":[{"href":"https:\/\/butikhome.pl\/index.php\/wp-json\/wp\/v2\/types\/product"}],"replies":[{"embeddable":true,"href":"https:\/\/butikhome.pl\/index.php\/wp-json\/wp\/v2\/comments?post=12129"}],"wp:featuredmedia":[{"embeddable":true,"href":"https:\/\/butikhome.pl\/index.php\/wp-json\/wp\/v2\/media\/15151"}],"wp:attachment":[{"href":"https:\/\/butikhome.pl\/index.php\/wp-json\/wp\/v2\/media?parent=12129"}],"wp:term":[{"taxonomy":"product_brand","embeddable":true,"href":"https:\/\/butikhome.pl\/index.php\/wp-json\/wp\/v2\/product_brand?post=12129"},{"taxonomy":"product_cat","embeddable":true,"href":"https:\/\/butikhome.pl\/index.php\/wp-json\/wp\/v2\/product_cat?post=12129"},{"taxonomy":"product_tag","embeddable":true,"href":"https:\/\/butikhome.pl\/index.php\/wp-json\/wp\/v2\/product_tag?post=12129"}],"curies":[{"name":"wp","href":"https:\/\/api.w.org\/{rel}","templated":true}]}}