{"id":12133,"date":"2023-03-29T16:44:35","date_gmt":"2023-03-29T14:44:35","guid":{"rendered":"https:\/\/butikhome.pl\/index.php\/produkt\/ponczochy-gatta-michelle-4\/"},"modified":"2023-04-27T14:04:35","modified_gmt":"2023-04-27T12:04:35","slug":"ponczochy-gatta-michelle-4","status":"publish","type":"product","link":"https:\/\/butikhome.pl\/index.php\/produkt\/ponczochy-gatta-michelle-4\/","title":{"rendered":"Po\u0144czochy Gatta Michelle 4"},"content":{"rendered":"<p>Oto prawdziwy symbol kobieco\u015bci! Seksowne i szalenie zmys\u0142owe samono\u015bne po\u0144czochy, kt\u00f3re z pewno\u015bci\u0105 zrobi\u0105 na Nim olbrzymie wra\u017cenie! Nieodparty urok i wdzi\u0119k dopieszczony wykwintnym zdobieniem na udach. Elastyczne, g\u0142adkie\u00a0i doskonale dopasowane do cia\u0142a. Zniewalaj\u0105ce i po prostu niezapomniane.<\/p>\n","protected":false},"excerpt":{"rendered":"<p>Oto prawdziwy symbol kobieco\u015bci! Seksowne i szalenie zmys\u0142owe samono\u015bne po\u0144czochy, kt\u00f3re z pewno\u015bci\u0105 zrobi\u0105 na Nim olbrzymie wra\u017cenie! Nieodparty urok i wdzi\u0119k dopieszczony wykwintnym zdobieniem na udach. Elastyczne, g\u0142adkie\u00a0i doskonale dopasowane do cia\u0142a. Zniewalaj\u0105ce i po prostu niezapomniane.<\/p>\n","protected":false},"featured_media":15150,"comment_status":"open","ping_status":"closed","template":"","meta":[],"product_brand":[],"product_cat":[24,628,40,39,42,37],"product_tag":[809,708,709,710,950,954,370,51,792,81,953,951,952,148],"class_list":{"0":"post-12133","1":"product","2":"type-product","3":"status-publish","4":"has-post-thumbnail","6":"product_cat-produkty","7":"product_cat-rajstopy-podkategoria-do-bielizny","8":"product_cat-m","9":"product_cat-s","10":"product_cat-xl","11":"product_cat-xs","12":"product_tag-1-xs","13":"product_tag-2-s","14":"product_tag-3-m","15":"product_tag-4-l","16":"product_tag-daino-bezowy","17":"product_tag-dopasowujace-sie-do-ciala","18":"product_tag-elastyczne","19":"product_tag-gladkie","20":"product_tag-grubosc-8-den","21":"product_tag-kobiece","22":"product_tag-piekne-zdobienie-na-udach","23":"product_tag-ponczochy-samonosne","24":"product_tag-urokliwe","25":"product_tag-zmyslowe","27":"first","28":"instock","29":"taxable","30":"shipping-taxable","31":"purchasable","32":"product-type-simple"},"_links":{"self":[{"href":"https:\/\/butikhome.pl\/index.php\/wp-json\/wp\/v2\/product\/12133","targetHints":{"allow":["GET"]}}],"collection":[{"href":"https:\/\/butikhome.pl\/index.php\/wp-json\/wp\/v2\/product"}],"about":[{"href":"https:\/\/butikhome.pl\/index.php\/wp-json\/wp\/v2\/types\/product"}],"replies":[{"embeddable":true,"href":"https:\/\/butikhome.pl\/index.php\/wp-json\/wp\/v2\/comments?post=12133"}],"wp:featuredmedia":[{"embeddable":true,"href":"https:\/\/butikhome.pl\/index.php\/wp-json\/wp\/v2\/media\/15150"}],"wp:attachment":[{"href":"https:\/\/butikhome.pl\/index.php\/wp-json\/wp\/v2\/media?parent=12133"}],"wp:term":[{"taxonomy":"product_brand","embeddable":true,"href":"https:\/\/butikhome.pl\/index.php\/wp-json\/wp\/v2\/product_brand?post=12133"},{"taxonomy":"product_cat","embeddable":true,"href":"https:\/\/butikhome.pl\/index.php\/wp-json\/wp\/v2\/product_cat?post=12133"},{"taxonomy":"product_tag","embeddable":true,"href":"https:\/\/butikhome.pl\/index.php\/wp-json\/wp\/v2\/product_tag?post=12133"}],"curies":[{"name":"wp","href":"https:\/\/api.w.org\/{rel}","templated":true}]}}