{"id":12143,"date":"2023-03-29T16:44:53","date_gmt":"2023-03-29T14:44:53","guid":{"rendered":"https:\/\/butikhome.pl\/index.php\/produkt\/ponczochy-gatta-venus\/"},"modified":"2023-04-27T13:54:20","modified_gmt":"2023-04-27T11:54:20","slug":"ponczochy-gatta-venus","status":"publish","type":"product","link":"https:\/\/butikhome.pl\/index.php\/produkt\/ponczochy-gatta-venus\/","title":{"rendered":"Po\u0144czochy Gatta Venus"},"content":{"rendered":"<p>Seksowne, g\u0142adkie po\u0144czochy o pi\u0119knym, koronkowym wyko\u0144czeniu na udzie. Niezwykle wymowne i bardzo poci\u0105gaj\u0105ce, zaprojektowane aby doda\u0107 Ci nieodpartego wdzi\u0119ku prawdziwej kusicielki. Zmys\u0142owe kwiaty otulaj\u0105ce szlachetn\u0105 koronk\u0119 nadaj\u0105 ca\u0142o\u015bci subtelnego wyrazu. Elastyczne i doskonale dopasowane do cia\u0142a.<\/p>\n<p>S\u0105 to po\u0144czochy do pasa. Nie posiadaj\u0105 silikonowych gumek trzymaj\u0105cych je na udach, jest tam sama koronka.<\/p>\n<p>Kolor pod nazw\u0105 ferrari to kolor czerwony.<\/p>\n","protected":false},"excerpt":{"rendered":"<p>Seksowne, g\u0142adkie po\u0144czochy o pi\u0119knym, koronkowym wyko\u0144czeniu na udzie. Niezwykle wymowne i bardzo poci\u0105gaj\u0105ce, zaprojektowane aby doda\u0107 Ci nieodpartego wdzi\u0119ku prawdziwej kusicielki. Zmys\u0142owe kwiaty otulaj\u0105ce szlachetn\u0105 koronk\u0119 nadaj\u0105 ca\u0142o\u015bci subtelnego wyrazu. Elastyczne i doskonale dopasowane do cia\u0142a. S\u0105 to po\u0144czochy do pasa. Nie posiadaj\u0105 silikonowych gumek trzymaj\u0105cych je na udach, jest tam sama koronka. Kolor &hellip; <\/p>\n","protected":false},"featured_media":15148,"comment_status":"open","ping_status":"closed","template":"","meta":[],"product_brand":[],"product_cat":[24,628,39,37],"product_tag":[809,708,943,617,945,944,946,948,903,947,949],"class_list":{"0":"post-12143","1":"product","2":"type-product","3":"status-publish","4":"has-post-thumbnail","6":"product_cat-produkty","7":"product_cat-rajstopy-podkategoria-do-bielizny","8":"product_cat-s","9":"product_cat-xs","10":"product_tag-1-xs","11":"product_tag-2-s","12":"product_tag-bianco-bialy","13":"product_tag-dopasowuja-sie-do-ciala","14":"product_tag-gatta-venus","15":"product_tag-gladkie-seksowne","16":"product_tag-koronkowe-wykonczenie-na-udach","17":"product_tag-kusicielskie","18":"product_tag-nero-czarny","19":"product_tag-pociagajace","20":"product_tag-ponczochy-do-pasa","22":"first","23":"instock","24":"taxable","25":"shipping-taxable","26":"purchasable","27":"product-type-simple"},"_links":{"self":[{"href":"https:\/\/butikhome.pl\/index.php\/wp-json\/wp\/v2\/product\/12143","targetHints":{"allow":["GET"]}}],"collection":[{"href":"https:\/\/butikhome.pl\/index.php\/wp-json\/wp\/v2\/product"}],"about":[{"href":"https:\/\/butikhome.pl\/index.php\/wp-json\/wp\/v2\/types\/product"}],"replies":[{"embeddable":true,"href":"https:\/\/butikhome.pl\/index.php\/wp-json\/wp\/v2\/comments?post=12143"}],"wp:featuredmedia":[{"embeddable":true,"href":"https:\/\/butikhome.pl\/index.php\/wp-json\/wp\/v2\/media\/15148"}],"wp:attachment":[{"href":"https:\/\/butikhome.pl\/index.php\/wp-json\/wp\/v2\/media?parent=12143"}],"wp:term":[{"taxonomy":"product_brand","embeddable":true,"href":"https:\/\/butikhome.pl\/index.php\/wp-json\/wp\/v2\/product_brand?post=12143"},{"taxonomy":"product_cat","embeddable":true,"href":"https:\/\/butikhome.pl\/index.php\/wp-json\/wp\/v2\/product_cat?post=12143"},{"taxonomy":"product_tag","embeddable":true,"href":"https:\/\/butikhome.pl\/index.php\/wp-json\/wp\/v2\/product_tag?post=12143"}],"curies":[{"name":"wp","href":"https:\/\/api.w.org\/{rel}","templated":true}]}}