{"id":12147,"date":"2023-03-29T16:44:57","date_gmt":"2023-03-29T14:44:57","guid":{"rendered":"https:\/\/butikhome.pl\/index.php\/produkt\/ponczochy-michelle-40\/"},"modified":"2023-04-27T13:45:53","modified_gmt":"2023-04-27T11:45:53","slug":"ponczochy-michelle-40","status":"publish","type":"product","link":"https:\/\/butikhome.pl\/index.php\/produkt\/ponczochy-michelle-40\/","title":{"rendered":"Po\u0144czochy Michelle 40"},"content":{"rendered":"<p>Zmys\u0142owe,\u00a0samono\u015bne\u00a0po\u0144czochy o grubo\u015bci 40DEN. Wykonane z wysokogatunkowej prz\u0119dzy o du\u017cych w\u0142a\u015bciwo\u015bciach elastycznych. Na udach efektowne wyko\u0144czenie. Marka Gatta.<\/p>\n","protected":false},"excerpt":{"rendered":"<p>Zmys\u0142owe,\u00a0samono\u015bne\u00a0po\u0144czochy o grubo\u015bci 40DEN. Wykonane z wysokogatunkowej prz\u0119dzy o du\u017cych w\u0142a\u015bciwo\u015bciach elastycznych. Na udach efektowne wyko\u0144czenie. Marka Gatta.<\/p>\n","protected":false},"featured_media":15147,"comment_status":"open","ping_status":"closed","template":"","meta":[],"product_brand":[],"product_cat":[24,628,39,37],"product_tag":[809,708,940,941,942,706,903,935,939,874,148],"class_list":{"0":"post-12147","1":"product","2":"type-product","3":"status-publish","4":"has-post-thumbnail","6":"product_cat-produkty","7":"product_cat-rajstopy-podkategoria-do-bielizny","8":"product_cat-s","9":"product_cat-xs","10":"product_tag-1-xs","11":"product_tag-2-s","12":"product_tag-duze-wlasciwosci-elastyczne","13":"product_tag-efektowne-wykonczenie-na-udach","14":"product_tag-gatta-michelle-40","15":"product_tag-grubosc-40-den","16":"product_tag-nero-czarny","17":"product_tag-ponczochy","18":"product_tag-samonosne","19":"product_tag-wysokogatunkowa-przedza","20":"product_tag-zmyslowe","22":"first","23":"instock","24":"taxable","25":"shipping-taxable","26":"purchasable","27":"product-type-simple"},"_links":{"self":[{"href":"https:\/\/butikhome.pl\/index.php\/wp-json\/wp\/v2\/product\/12147","targetHints":{"allow":["GET"]}}],"collection":[{"href":"https:\/\/butikhome.pl\/index.php\/wp-json\/wp\/v2\/product"}],"about":[{"href":"https:\/\/butikhome.pl\/index.php\/wp-json\/wp\/v2\/types\/product"}],"replies":[{"embeddable":true,"href":"https:\/\/butikhome.pl\/index.php\/wp-json\/wp\/v2\/comments?post=12147"}],"wp:featuredmedia":[{"embeddable":true,"href":"https:\/\/butikhome.pl\/index.php\/wp-json\/wp\/v2\/media\/15147"}],"wp:attachment":[{"href":"https:\/\/butikhome.pl\/index.php\/wp-json\/wp\/v2\/media?parent=12147"}],"wp:term":[{"taxonomy":"product_brand","embeddable":true,"href":"https:\/\/butikhome.pl\/index.php\/wp-json\/wp\/v2\/product_brand?post=12147"},{"taxonomy":"product_cat","embeddable":true,"href":"https:\/\/butikhome.pl\/index.php\/wp-json\/wp\/v2\/product_cat?post=12147"},{"taxonomy":"product_tag","embeddable":true,"href":"https:\/\/butikhome.pl\/index.php\/wp-json\/wp\/v2\/product_tag?post=12147"}],"curies":[{"name":"wp","href":"https:\/\/api.w.org\/{rel}","templated":true}]}}