{"id":12158,"date":"2023-03-29T16:45:11","date_gmt":"2023-03-29T14:45:11","guid":{"rendered":"https:\/\/butikhome.pl\/index.php\/produkt\/rajstopy-body-lift-up\/"},"modified":"2023-04-27T12:34:28","modified_gmt":"2023-04-27T10:34:28","slug":"rajstopy-body-lift-up","status":"publish","type":"product","link":"https:\/\/butikhome.pl\/index.php\/produkt\/rajstopy-body-lift-up\/","title":{"rendered":"Rajstopy Body Lift-Up"},"content":{"rendered":"<p>Innowacyjne rajstopy wykonane ze specjalnej prz\u0119dzy, z efektem body lift up. Posiadaj\u0105 specjalne strefy, kt\u00f3re podnosz\u0105 po\u015bladki i korzystnie modeluj\u0105 sylwetk\u0119. Wybierz technologi\u0119 przysz\u0142o\u015bci! P\u0142askie szwy, nieuciskaj\u0105ca gumka, mi\u0119kkie, elastyczne w\u0142\u00f3kna. Niewidoczne pod ubraniem. Tylko od Gatta. Grubo\u015b\u0107 20 DEN.<\/p>\n","protected":false},"excerpt":{"rendered":"<p>Innowacyjne rajstopy wykonane ze specjalnej prz\u0119dzy, z efektem body lift up. Posiadaj\u0105 specjalne strefy, kt\u00f3re podnosz\u0105 po\u015bladki i korzystnie modeluj\u0105 sylwetk\u0119. Wybierz technologi\u0119 przysz\u0142o\u015bci! P\u0142askie szwy, nieuciskaj\u0105ca gumka, mi\u0119kkie, elastyczne w\u0142\u00f3kna. Niewidoczne pod ubraniem. Tylko od Gatta. Grubo\u015b\u0107 20 DEN.<\/p>\n","protected":false},"featured_media":15140,"comment_status":"open","ping_status":"closed","template":"","meta":[],"product_brand":[],"product_cat":[24,628,41,40,39],"product_tag":[708,709,710,913,912,700,915,390,868,157,154,914,911],"class_list":{"0":"post-12158","1":"product","2":"type-product","3":"status-publish","4":"has-post-thumbnail","6":"product_cat-produkty","7":"product_cat-rajstopy-podkategoria-do-bielizny","8":"product_cat-l","9":"product_cat-m","10":"product_cat-s","11":"product_tag-2-s","12":"product_tag-3-m","13":"product_tag-4-l","14":"product_tag-efekt-body-lift","15":"product_tag-gatta-body-lift-up","16":"product_tag-grubosc-20-den","17":"product_tag-miekkie-elastyczne-wlokna","18":"product_tag-modeluja-sylwetke","19":"product_tag-nieuciskajaca-gumka","20":"product_tag-niewidoczne-pod-ubraniem","21":"product_tag-plaskie-szwy","22":"product_tag-podnosza-posladki","23":"product_tag-rajstopy-modelujace","25":"first","26":"instock","27":"taxable","28":"shipping-taxable","29":"purchasable","30":"product-type-simple"},"_links":{"self":[{"href":"https:\/\/butikhome.pl\/index.php\/wp-json\/wp\/v2\/product\/12158","targetHints":{"allow":["GET"]}}],"collection":[{"href":"https:\/\/butikhome.pl\/index.php\/wp-json\/wp\/v2\/product"}],"about":[{"href":"https:\/\/butikhome.pl\/index.php\/wp-json\/wp\/v2\/types\/product"}],"replies":[{"embeddable":true,"href":"https:\/\/butikhome.pl\/index.php\/wp-json\/wp\/v2\/comments?post=12158"}],"wp:featuredmedia":[{"embeddable":true,"href":"https:\/\/butikhome.pl\/index.php\/wp-json\/wp\/v2\/media\/15140"}],"wp:attachment":[{"href":"https:\/\/butikhome.pl\/index.php\/wp-json\/wp\/v2\/media?parent=12158"}],"wp:term":[{"taxonomy":"product_brand","embeddable":true,"href":"https:\/\/butikhome.pl\/index.php\/wp-json\/wp\/v2\/product_brand?post=12158"},{"taxonomy":"product_cat","embeddable":true,"href":"https:\/\/butikhome.pl\/index.php\/wp-json\/wp\/v2\/product_cat?post=12158"},{"taxonomy":"product_tag","embeddable":true,"href":"https:\/\/butikhome.pl\/index.php\/wp-json\/wp\/v2\/product_tag?post=12158"}],"curies":[{"name":"wp","href":"https:\/\/api.w.org\/{rel}","templated":true}]}}