{"id":12176,"date":"2023-03-29T16:45:40","date_gmt":"2023-03-29T14:45:40","guid":{"rendered":"https:\/\/butikhome.pl\/index.php\/produkt\/rajstopy-body-protect-100den\/"},"modified":"2023-04-27T12:25:05","modified_gmt":"2023-04-27T10:25:05","slug":"rajstopy-body-protect-100den","status":"publish","type":"product","link":"https:\/\/butikhome.pl\/index.php\/produkt\/rajstopy-body-protect-100den\/","title":{"rendered":"Rajstopy Body Protect 100DEN"},"content":{"rendered":"<p>Body Protect to rajstopy przeznaczone dla kobiet w ci\u0105\u017cy. Dzi\u0119ki swej specjalnej konstrukcji majteczkowej i zastosowaniu bardzo elastycznej prz\u0119dzy Lycra Soft Comfort, b\u0119d\u0105 delikatnie podtrzymywa\u0142y Tw\u00f3j rosn\u0105cy brzuszek od spodu, nie powoduj\u0105c jednocze\u015bnie ucisku. Dodatkowe wzmocnienie w okolicy l\u0119d\u017awiowej odci\u0105\u017cy plecy i wspomo\u017ce mi\u0119\u015bnie kr\u0119gos\u0142upa. P\u00f3\u0142okr\u0105g\u0142y klin pozwala na stopniowe rozci\u0105ganie si\u0119 cz\u0119\u015bci majteczkowej wraz ze zwi\u0119kszaj\u0105cym si\u0119 obwodem brzucha. Wysoko umieszczona, bezuciskowa guma zapewnia pe\u0142en komfort noszenia. Sk\u0142ad: 91% poliamid, 9% lycra. Grubo\u015b\u0107 100 DEN.<\/p>\n","protected":false},"excerpt":{"rendered":"<p>Body Protect to rajstopy przeznaczone dla kobiet w ci\u0105\u017cy. Dzi\u0119ki swej specjalnej konstrukcji majteczkowej i zastosowaniu bardzo elastycznej prz\u0119dzy Lycra Soft Comfort, b\u0119d\u0105 delikatnie podtrzymywa\u0142y Tw\u00f3j rosn\u0105cy brzuszek od spodu, nie powoduj\u0105c jednocze\u015bnie ucisku. Dodatkowe wzmocnienie w okolicy l\u0119d\u017awiowej odci\u0105\u017cy plecy i wspomo\u017ce mi\u0119\u015bnie kr\u0119gos\u0142upa. P\u00f3\u0142okr\u0105g\u0142y klin pozwala na stopniowe rozci\u0105ganie si\u0119 cz\u0119\u015bci majteczkowej wraz &hellip; <\/p>\n","protected":false},"featured_media":15139,"comment_status":"open","ping_status":"closed","template":"","meta":[],"product_brand":[],"product_cat":[24,628,39],"product_tag":[708,906,895,907,887,904,910,909,903,239,891,893,905,908,892,890],"class_list":{"0":"post-12176","1":"product","2":"type-product","3":"status-publish","4":"has-post-thumbnail","6":"product_cat-produkty","7":"product_cat-rajstopy-podkategoria-do-bielizny","8":"product_cat-s","9":"product_tag-2-s","10":"product_tag-bardzo-elastyczna-przedza-lycra-soft-comfort","11":"product_tag-bezuciskowa-gumka-wysoko-umieszczona","12":"product_tag-delikatnie-podtrzymuja-rosnacy-brzuszek-od-spodu","13":"product_tag-dla-kobiet-w-ciazy","14":"product_tag-gatta-body-protect-100-den","15":"product_tag-grubosc-100-den","16":"product_tag-komfort-noszenia","17":"product_tag-nero-czarny","18":"product_tag-nie-uciskaja","19":"product_tag-odciazaja-plecy","20":"product_tag-polokragly-klin","21":"product_tag-specjalna-konstrukcja-majteczkowa","22":"product_tag-stopniowe-rozciaganie-sie-czesci-majteczkowej-wraz-ze-zwiekszajacym-sie-odwodem-brzucha","23":"product_tag-wspomagaja-miesnie-kregoslupa","24":"product_tag-wzmocnienie-w-okolocy-ledzwiowej","26":"first","27":"instock","28":"taxable","29":"shipping-taxable","30":"purchasable","31":"product-type-simple"},"_links":{"self":[{"href":"https:\/\/butikhome.pl\/index.php\/wp-json\/wp\/v2\/product\/12176","targetHints":{"allow":["GET"]}}],"collection":[{"href":"https:\/\/butikhome.pl\/index.php\/wp-json\/wp\/v2\/product"}],"about":[{"href":"https:\/\/butikhome.pl\/index.php\/wp-json\/wp\/v2\/types\/product"}],"replies":[{"embeddable":true,"href":"https:\/\/butikhome.pl\/index.php\/wp-json\/wp\/v2\/comments?post=12176"}],"wp:featuredmedia":[{"embeddable":true,"href":"https:\/\/butikhome.pl\/index.php\/wp-json\/wp\/v2\/media\/15139"}],"wp:attachment":[{"href":"https:\/\/butikhome.pl\/index.php\/wp-json\/wp\/v2\/media?parent=12176"}],"wp:term":[{"taxonomy":"product_brand","embeddable":true,"href":"https:\/\/butikhome.pl\/index.php\/wp-json\/wp\/v2\/product_brand?post=12176"},{"taxonomy":"product_cat","embeddable":true,"href":"https:\/\/butikhome.pl\/index.php\/wp-json\/wp\/v2\/product_cat?post=12176"},{"taxonomy":"product_tag","embeddable":true,"href":"https:\/\/butikhome.pl\/index.php\/wp-json\/wp\/v2\/product_tag?post=12176"}],"curies":[{"name":"wp","href":"https:\/\/api.w.org\/{rel}","templated":true}]}}