{"id":12179,"date":"2023-03-29T16:45:43","date_gmt":"2023-03-29T14:45:43","guid":{"rendered":"https:\/\/butikhome.pl\/index.php\/produkt\/rajstopy-body-protect-20-den\/"},"modified":"2023-04-27T11:03:17","modified_gmt":"2023-04-27T09:03:17","slug":"rajstopy-body-protect-20-den","status":"publish","type":"product","link":"https:\/\/butikhome.pl\/index.php\/produkt\/rajstopy-body-protect-20-den\/","title":{"rendered":"Rajstopy Body Protect 20 DEN"},"content":{"rendered":"<p>Innowacyjne rajstopy stworzone z my\u015bl\u0105 o kobietach w ci\u0105\u017cy. Dzi\u0119ki specjalnej konstrukcji i zastosowaniu bardzo elastycznej prz\u0119dzy Lycra Xceptionelle delikatnie podtrzymuj\u0105 rosn\u0105cy brzuch od spodu, nie powoduj\u0105c ucisku. W okolicy l\u0119d\u017awiowej dodatkowe wzmocnienie, kt\u00f3re odci\u0105\u017ca plecy i wspomaga mi\u0119\u015bnie kr\u0119gos\u0142upa. P\u00f3\u0142okr\u0105g\u0142y klin pozwala na stopniowe rozci\u0105ganie si\u0119 cz\u0119\u015bci majteczkowej wraz ze zwi\u0119kszaj\u0105cym si\u0119 obwodem brzucha. Wysoko umieszczona, bezuciskowa guma gwarantuje pe\u0142en komfort noszenia. Grubo\u015b\u0107 20 DEN.<\/p>\n","protected":false},"excerpt":{"rendered":"<p>Innowacyjne rajstopy stworzone z my\u015bl\u0105 o kobietach w ci\u0105\u017cy. Dzi\u0119ki specjalnej konstrukcji i zastosowaniu bardzo elastycznej prz\u0119dzy Lycra Xceptionelle delikatnie podtrzymuj\u0105 rosn\u0105cy brzuch od spodu, nie powoduj\u0105c ucisku. W okolicy l\u0119d\u017awiowej dodatkowe wzmocnienie, kt\u00f3re odci\u0105\u017ca plecy i wspomaga mi\u0119\u015bnie kr\u0119gos\u0142upa. P\u00f3\u0142okr\u0105g\u0142y klin pozwala na stopniowe rozci\u0105ganie si\u0119 cz\u0119\u015bci majteczkowej wraz ze zwi\u0119kszaj\u0105cym si\u0119 obwodem brzucha. &hellip; <\/p>\n","protected":false},"featured_media":15135,"comment_status":"open","ping_status":"closed","template":"","meta":[],"product_brand":[],"product_cat":[24,628,41,40,39],"product_tag":[708,709,710,895,894,886,887,888,896,700,239,891,889,893,892,890],"class_list":{"0":"post-12179","1":"product","2":"type-product","3":"status-publish","4":"has-post-thumbnail","6":"product_cat-produkty","7":"product_cat-rajstopy-podkategoria-do-bielizny","8":"product_cat-l","9":"product_cat-m","10":"product_cat-s","11":"product_tag-2-s","12":"product_tag-3-m","13":"product_tag-4-l","14":"product_tag-bezuciskowa-gumka-wysoko-umieszczona","15":"product_tag-czesc-majteczkowa-rozciaga-sie-wraz-ze-zwiekszajacym-sie-obwodem-brzucha","16":"product_tag-daino","17":"product_tag-dla-kobiet-w-ciazy","18":"product_tag-elastyczna-przedza-lycra-xceptionelle","19":"product_tag-gatta-body-protect-20-den","20":"product_tag-grubosc-20-den","21":"product_tag-nie-uciskaja","22":"product_tag-odciazaja-plecy","23":"product_tag-podtrzymuja-brzuch-od-spodu","24":"product_tag-polokragly-klin","25":"product_tag-wspomagaja-miesnie-kregoslupa","26":"product_tag-wzmocnienie-w-okolocy-ledzwiowej","28":"first","29":"instock","30":"taxable","31":"shipping-taxable","32":"purchasable","33":"product-type-simple"},"_links":{"self":[{"href":"https:\/\/butikhome.pl\/index.php\/wp-json\/wp\/v2\/product\/12179","targetHints":{"allow":["GET"]}}],"collection":[{"href":"https:\/\/butikhome.pl\/index.php\/wp-json\/wp\/v2\/product"}],"about":[{"href":"https:\/\/butikhome.pl\/index.php\/wp-json\/wp\/v2\/types\/product"}],"replies":[{"embeddable":true,"href":"https:\/\/butikhome.pl\/index.php\/wp-json\/wp\/v2\/comments?post=12179"}],"wp:featuredmedia":[{"embeddable":true,"href":"https:\/\/butikhome.pl\/index.php\/wp-json\/wp\/v2\/media\/15135"}],"wp:attachment":[{"href":"https:\/\/butikhome.pl\/index.php\/wp-json\/wp\/v2\/media?parent=12179"}],"wp:term":[{"taxonomy":"product_brand","embeddable":true,"href":"https:\/\/butikhome.pl\/index.php\/wp-json\/wp\/v2\/product_brand?post=12179"},{"taxonomy":"product_cat","embeddable":true,"href":"https:\/\/butikhome.pl\/index.php\/wp-json\/wp\/v2\/product_cat?post=12179"},{"taxonomy":"product_tag","embeddable":true,"href":"https:\/\/butikhome.pl\/index.php\/wp-json\/wp\/v2\/product_tag?post=12179"}],"curies":[{"name":"wp","href":"https:\/\/api.w.org\/{rel}","templated":true}]}}