{"id":12246,"date":"2023-03-29T16:47:36","date_gmt":"2023-03-29T14:47:36","guid":{"rendered":"https:\/\/butikhome.pl\/index.php\/produkt\/rajstopy-body-shaper\/"},"modified":"2023-04-27T10:35:04","modified_gmt":"2023-04-27T08:35:04","slug":"rajstopy-body-shaper","status":"publish","type":"product","link":"https:\/\/butikhome.pl\/index.php\/produkt\/rajstopy-body-shaper\/","title":{"rendered":"Rajstopy Body Shaper"},"content":{"rendered":"<p>Innowacyjne rajstopy wyposa\u017cone w specjalne strefy, kt\u00f3re perfekcyjnie modeluj\u0105 cia\u0142o. Wykonane z wysokogatunkowej prz\u0119dzy, z bawe\u0142nianym klinem, idealnie stapiaj\u0105 si\u0119 z cia\u0142em. Rajstopy w znacz\u0105cy spos\u00f3b poprawiaj\u0105 kszta\u0142t sylwetki, szczeg\u00f3lnie w okolicach brzucha, po\u015bladk\u00f3w i ud. Lekkie i elastyczne, z p\u0142askimi szwami i bezuciskow\u0105 gum\u0105. Jak zaleca producent, rajstopy nie wymagaj\u0105 zak\u0142adania dodatkowej bielizny wyszczuplaj\u0105cej, gdy\u017c w du\u017cym stopniu oddaj\u0105 te w\u0142a\u015bciwo\u015bci. Wybierz technologi\u0119 przysz\u0142o\u015bci! Tylko od Gatta. Grubo\u015b\u0107 20 DEN.<\/p>\n","protected":false},"excerpt":{"rendered":"<p>Innowacyjne rajstopy wyposa\u017cone w specjalne strefy, kt\u00f3re perfekcyjnie modeluj\u0105 cia\u0142o. Wykonane z wysokogatunkowej prz\u0119dzy, z bawe\u0142nianym klinem, idealnie stapiaj\u0105 si\u0119 z cia\u0142em. Rajstopy w znacz\u0105cy spos\u00f3b poprawiaj\u0105 kszta\u0142t sylwetki, szczeg\u00f3lnie w okolicach brzucha, po\u015bladk\u00f3w i ud. Lekkie i elastyczne, z p\u0142askimi szwami i bezuciskow\u0105 gum\u0105. Jak zaleca producent, rajstopy nie wymagaj\u0105 zak\u0142adania dodatkowej bielizny wyszczuplaj\u0105cej, &hellip; <\/p>\n","protected":false},"featured_media":15133,"comment_status":"open","ping_status":"closed","template":"","meta":[],"product_brand":[],"product_cat":[24,628,39],"product_tag":[708,875,877,878,700,432,154,876,874],"class_list":{"0":"post-12246","1":"product","2":"type-product","3":"status-publish","4":"has-post-thumbnail","6":"product_cat-produkty","7":"product_cat-rajstopy-podkategoria-do-bielizny","8":"product_cat-s","9":"product_tag-2-s","10":"product_tag-bawelniany-klin","11":"product_tag-bezuciskowa-guma","12":"product_tag-gatta-body-shaper","13":"product_tag-grubosc-20-den","14":"product_tag-modelujace-cialo","15":"product_tag-plaskie-szwy","16":"product_tag-poprawiaja-ksztalt-okolic-brzucha-posladkow-ud","17":"product_tag-wysokogatunkowa-przedza","19":"first","20":"instock","21":"sale","22":"taxable","23":"shipping-taxable","24":"purchasable","25":"product-type-simple"},"_links":{"self":[{"href":"https:\/\/butikhome.pl\/index.php\/wp-json\/wp\/v2\/product\/12246","targetHints":{"allow":["GET"]}}],"collection":[{"href":"https:\/\/butikhome.pl\/index.php\/wp-json\/wp\/v2\/product"}],"about":[{"href":"https:\/\/butikhome.pl\/index.php\/wp-json\/wp\/v2\/types\/product"}],"replies":[{"embeddable":true,"href":"https:\/\/butikhome.pl\/index.php\/wp-json\/wp\/v2\/comments?post=12246"}],"wp:featuredmedia":[{"embeddable":true,"href":"https:\/\/butikhome.pl\/index.php\/wp-json\/wp\/v2\/media\/15133"}],"wp:attachment":[{"href":"https:\/\/butikhome.pl\/index.php\/wp-json\/wp\/v2\/media?parent=12246"}],"wp:term":[{"taxonomy":"product_brand","embeddable":true,"href":"https:\/\/butikhome.pl\/index.php\/wp-json\/wp\/v2\/product_brand?post=12246"},{"taxonomy":"product_cat","embeddable":true,"href":"https:\/\/butikhome.pl\/index.php\/wp-json\/wp\/v2\/product_cat?post=12246"},{"taxonomy":"product_tag","embeddable":true,"href":"https:\/\/butikhome.pl\/index.php\/wp-json\/wp\/v2\/product_tag?post=12246"}],"curies":[{"name":"wp","href":"https:\/\/api.w.org\/{rel}","templated":true}]}}