{"id":12260,"date":"2023-03-29T16:47:58","date_gmt":"2023-03-29T14:47:58","guid":{"rendered":"https:\/\/butikhome.pl\/index.php\/produkt\/rajstopy-body-slimmer\/"},"modified":"2023-04-27T10:25:07","modified_gmt":"2023-04-27T08:25:07","slug":"rajstopy-body-slimmer","status":"publish","type":"product","link":"https:\/\/butikhome.pl\/index.php\/produkt\/rajstopy-body-slimmer\/","title":{"rendered":"Rajstopy Body Slimmer"},"content":{"rendered":"<p>Innowacyjne rajstopy wykonane ze specjalnej prz\u0119dzy, z efektem wyszczuplaj\u0105cym. Posiadaj\u0105 specjalne strefy, kt\u00f3re w znacz\u0105cy spos\u00f3b modeluj\u0105 brzuch, czyni\u0105c go mniej widocznym.\u00a0Wybierz technologi\u0119 przysz\u0142o\u015bci! P\u0142askie szwy, nieuciskaj\u0105ca gumka, mi\u0119kkie, elastyczne w\u0142\u00f3kna. Niewidoczne pod ubraniem. Tylko od Gatta. Grubo\u015b\u0107 20 DEN.<\/p>\n","protected":false},"excerpt":{"rendered":"<p>Innowacyjne rajstopy wykonane ze specjalnej prz\u0119dzy, z efektem wyszczuplaj\u0105cym. Posiadaj\u0105 specjalne strefy, kt\u00f3re w znacz\u0105cy spos\u00f3b modeluj\u0105 brzuch, czyni\u0105c go mniej widocznym.\u00a0Wybierz technologi\u0119 przysz\u0142o\u015bci! P\u0142askie szwy, nieuciskaj\u0105ca gumka, mi\u0119kkie, elastyczne w\u0142\u00f3kna. Niewidoczne pod ubraniem. Tylko od Gatta. Grubo\u015b\u0107 20 DEN.<\/p>\n","protected":false},"featured_media":15130,"comment_status":"open","ping_status":"closed","template":"","meta":[],"product_brand":[],"product_cat":[24,628,39],"product_tag":[708,871,866,51,700,797,235,869,868,157,154,769,873,872,870,867],"class_list":{"0":"post-12260","1":"product","2":"type-product","3":"status-publish","4":"has-post-thumbnail","6":"product_cat-produkty","7":"product_cat-rajstopy-podkategoria-do-bielizny","8":"product_cat-s","9":"product_tag-2-s","10":"product_tag-czesc-majtkowa-typu-t-band","11":"product_tag-gatta-body-slimmer","12":"product_tag-gladkie","13":"product_tag-grubosc-20-den","14":"product_tag-lycra","15":"product_tag-modeluja-brzuch","16":"product_tag-nero","17":"product_tag-nieuciskajaca-gumka","18":"product_tag-niewidoczne-pod-ubraniem","19":"product_tag-plaskie-szwy","20":"product_tag-rajstopy-damskie","21":"product_tag-rajstopy-funkcyjne","22":"product_tag-wzmocnienie-srodkowego-szwa","23":"product_tag-wzmocniony-klin","24":"product_tag-ze-specjalnej-przedzy-z-efektem-wyszczuplajacym","26":"first","27":"instock","28":"taxable","29":"shipping-taxable","30":"purchasable","31":"product-type-simple"},"_links":{"self":[{"href":"https:\/\/butikhome.pl\/index.php\/wp-json\/wp\/v2\/product\/12260","targetHints":{"allow":["GET"]}}],"collection":[{"href":"https:\/\/butikhome.pl\/index.php\/wp-json\/wp\/v2\/product"}],"about":[{"href":"https:\/\/butikhome.pl\/index.php\/wp-json\/wp\/v2\/types\/product"}],"replies":[{"embeddable":true,"href":"https:\/\/butikhome.pl\/index.php\/wp-json\/wp\/v2\/comments?post=12260"}],"wp:featuredmedia":[{"embeddable":true,"href":"https:\/\/butikhome.pl\/index.php\/wp-json\/wp\/v2\/media\/15130"}],"wp:attachment":[{"href":"https:\/\/butikhome.pl\/index.php\/wp-json\/wp\/v2\/media?parent=12260"}],"wp:term":[{"taxonomy":"product_brand","embeddable":true,"href":"https:\/\/butikhome.pl\/index.php\/wp-json\/wp\/v2\/product_brand?post=12260"},{"taxonomy":"product_cat","embeddable":true,"href":"https:\/\/butikhome.pl\/index.php\/wp-json\/wp\/v2\/product_cat?post=12260"},{"taxonomy":"product_tag","embeddable":true,"href":"https:\/\/butikhome.pl\/index.php\/wp-json\/wp\/v2\/product_tag?post=12260"}],"curies":[{"name":"wp","href":"https:\/\/api.w.org\/{rel}","templated":true}]}}