{"id":12272,"date":"2023-03-29T16:48:20","date_gmt":"2023-03-29T14:48:20","guid":{"rendered":"https:\/\/butikhome.pl\/index.php\/produkt\/rajstopy-chiara-20\/"},"modified":"2023-04-26T13:16:52","modified_gmt":"2023-04-26T11:16:52","slug":"rajstopy-chiara-20","status":"publish","type":"product","link":"https:\/\/butikhome.pl\/index.php\/produkt\/rajstopy-chiara-20\/","title":{"rendered":"Rajstopy Chiara 20"},"content":{"rendered":"<p>Nieziemskie i bardzo seksowne rajstopy o grubo\u015bci 20 DEN upi\u0119kszone pionowym, cienkim szwem\u00a0 biegn\u0105cym w tylnej cz\u0119\u015bci rajstop. Kobieco i pikantnie. Niesamowity styl i szyk, kt\u00f3ry optycznie wyd\u0142u\u017ca nogi, nadaj\u0105c im gracji i wyrafinowanej wytworno\u015bci. Elastyczne i wyko\u0144czone cz\u0119\u015bci\u0105 majteczkow\u0105 typu bikini.<\/p>\n","protected":false},"excerpt":{"rendered":"<p>Nieziemskie i bardzo seksowne rajstopy o grubo\u015bci 20 DEN upi\u0119kszone pionowym, cienkim szwem\u00a0 biegn\u0105cym w tylnej cz\u0119\u015bci rajstop. Kobieco i pikantnie. Niesamowity styl i szyk, kt\u00f3ry optycznie wyd\u0142u\u017ca nogi, nadaj\u0105c im gracji i wyrafinowanej wytworno\u015bci. Elastyczne i wyko\u0144czone cz\u0119\u015bci\u0105 majteczkow\u0105 typu bikini.<\/p>\n","protected":false},"featured_media":15129,"comment_status":"open","ping_status":"closed","template":"","meta":[],"product_brand":[],"product_cat":[24,628,39],"product_tag":[708,865,862,700,81,863,769,272,864],"class_list":{"0":"post-12272","1":"product","2":"type-product","3":"status-publish","4":"has-post-thumbnail","6":"product_cat-produkty","7":"product_cat-rajstopy-podkategoria-do-bielizny","8":"product_cat-s","9":"product_tag-2-s","10":"product_tag-czesc-majteczkowa-typu-bikini","11":"product_tag-gatta-chiara-20","12":"product_tag-grubosc-20-den","13":"product_tag-kobiece","14":"product_tag-pionowy-szew-w-tylnej-czesci-rajstop","15":"product_tag-rajstopy-damskie","16":"product_tag-seksowne","17":"product_tag-wydluzajace-nogi","19":"first","20":"instock","21":"taxable","22":"shipping-taxable","23":"purchasable","24":"product-type-simple"},"_links":{"self":[{"href":"https:\/\/butikhome.pl\/index.php\/wp-json\/wp\/v2\/product\/12272","targetHints":{"allow":["GET"]}}],"collection":[{"href":"https:\/\/butikhome.pl\/index.php\/wp-json\/wp\/v2\/product"}],"about":[{"href":"https:\/\/butikhome.pl\/index.php\/wp-json\/wp\/v2\/types\/product"}],"replies":[{"embeddable":true,"href":"https:\/\/butikhome.pl\/index.php\/wp-json\/wp\/v2\/comments?post=12272"}],"wp:featuredmedia":[{"embeddable":true,"href":"https:\/\/butikhome.pl\/index.php\/wp-json\/wp\/v2\/media\/15129"}],"wp:attachment":[{"href":"https:\/\/butikhome.pl\/index.php\/wp-json\/wp\/v2\/media?parent=12272"}],"wp:term":[{"taxonomy":"product_brand","embeddable":true,"href":"https:\/\/butikhome.pl\/index.php\/wp-json\/wp\/v2\/product_brand?post=12272"},{"taxonomy":"product_cat","embeddable":true,"href":"https:\/\/butikhome.pl\/index.php\/wp-json\/wp\/v2\/product_cat?post=12272"},{"taxonomy":"product_tag","embeddable":true,"href":"https:\/\/butikhome.pl\/index.php\/wp-json\/wp\/v2\/product_tag?post=12272"}],"curies":[{"name":"wp","href":"https:\/\/api.w.org\/{rel}","templated":true}]}}