{"id":12278,"date":"2023-03-29T16:48:27","date_gmt":"2023-03-29T14:48:27","guid":{"rendered":"https:\/\/butikhome.pl\/index.php\/produkt\/rajstopy-discrette-15den-black\/"},"modified":"2023-04-26T13:11:06","modified_gmt":"2023-04-26T11:11:06","slug":"rajstopy-discrette-15den-black","status":"publish","type":"product","link":"https:\/\/butikhome.pl\/index.php\/produkt\/rajstopy-discrette-15den-black\/","title":{"rendered":"Rajstopy Discrette 15DEN Black"},"content":{"rendered":"<p>Innowacyjne rajstopy bezszwowe marki Gatta, z linii Discrette. Kr\u00f3j typu hipsters, z obni\u017conym stanem, z bezszwow\u0105 cz\u0119\u015bci\u0105 majteczkow\u0105. Perfekcyjnie eleganckie, gwarantuj\u0105 niesamowit\u0105 lekko\u015b\u0107 i wygod\u0119. Gumkokoronka dobrze utrzymuje ca\u0142o\u015b\u0107 i zapobiega zwijaniu si\u0119 rajstop. Grubo\u015b\u0107 15DEN. Sk\u0142ad: 84% poliamid, 16% elastan.<\/p>\n<p>&nbsp;<\/p>\n","protected":false},"excerpt":{"rendered":"<p>Innowacyjne rajstopy bezszwowe marki Gatta, z linii Discrette. Kr\u00f3j typu hipsters, z obni\u017conym stanem, z bezszwow\u0105 cz\u0119\u015bci\u0105 majteczkow\u0105. Perfekcyjnie eleganckie, gwarantuj\u0105 niesamowit\u0105 lekko\u015b\u0107 i wygod\u0119. Gumkokoronka dobrze utrzymuje ca\u0142o\u015b\u0107 i zapobiega zwijaniu si\u0119 rajstop. Grubo\u015b\u0107 15DEN. Sk\u0142ad: 84% poliamid, 16% elastan. &nbsp;<\/p>\n","protected":false},"featured_media":15124,"comment_status":"open","ping_status":"closed","template":"","meta":[],"product_brand":[],"product_cat":[24,628,39],"product_tag":[708,149,853,852,857,861,858,850,849,860,859,854,855,851,856],"class_list":{"0":"post-12278","1":"product","2":"type-product","3":"status-publish","4":"has-post-thumbnail","6":"product_cat-produkty","7":"product_cat-rajstopy-podkategoria-do-bielizny","8":"product_cat-s","9":"product_tag-2-s","10":"product_tag-bardzo-wygodne","11":"product_tag-brak-szwu-czyni-rajstopy-niewidoczne-pod-ubraniem","12":"product_tag-cienkich-materialow","13":"product_tag-co-jest-szczegolnie-wazne-w-cieple-wiosenno-letnie-dni","14":"product_tag-grubosc-15den","15":"product_tag-gumokoronka-dobrze-utrzymuje-rajstope","16":"product_tag-idealne-do-kreacji-opinajacych-sylwetke","17":"product_tag-innowacyjne-rajstopy-typu-hipsters-wykonane-bez-szwu-laczacego-cholewki-w-czesci-majteczkowej","18":"product_tag-lekko-modeluje-brzuch-i-podkresla-talie","19":"product_tag-nie-zwija-sie","20":"product_tag-rajstopy-posiadaja-w-pasie-wykonczenie-w-postaci-ozdobnej-gumokoronki-o-strukturze-siateczki","21":"product_tag-siateczka-sprawia","22":"product_tag-z-lekkich","23":"product_tag-ze-skora-oddycha","25":"first","26":"instock","27":"taxable","28":"shipping-taxable","29":"purchasable","30":"product-type-simple"},"_links":{"self":[{"href":"https:\/\/butikhome.pl\/index.php\/wp-json\/wp\/v2\/product\/12278","targetHints":{"allow":["GET"]}}],"collection":[{"href":"https:\/\/butikhome.pl\/index.php\/wp-json\/wp\/v2\/product"}],"about":[{"href":"https:\/\/butikhome.pl\/index.php\/wp-json\/wp\/v2\/types\/product"}],"replies":[{"embeddable":true,"href":"https:\/\/butikhome.pl\/index.php\/wp-json\/wp\/v2\/comments?post=12278"}],"wp:featuredmedia":[{"embeddable":true,"href":"https:\/\/butikhome.pl\/index.php\/wp-json\/wp\/v2\/media\/15124"}],"wp:attachment":[{"href":"https:\/\/butikhome.pl\/index.php\/wp-json\/wp\/v2\/media?parent=12278"}],"wp:term":[{"taxonomy":"product_brand","embeddable":true,"href":"https:\/\/butikhome.pl\/index.php\/wp-json\/wp\/v2\/product_brand?post=12278"},{"taxonomy":"product_cat","embeddable":true,"href":"https:\/\/butikhome.pl\/index.php\/wp-json\/wp\/v2\/product_cat?post=12278"},{"taxonomy":"product_tag","embeddable":true,"href":"https:\/\/butikhome.pl\/index.php\/wp-json\/wp\/v2\/product_tag?post=12278"}],"curies":[{"name":"wp","href":"https:\/\/api.w.org\/{rel}","templated":true}]}}