{"id":12284,"date":"2023-03-29T16:48:34","date_gmt":"2023-03-29T14:48:34","guid":{"rendered":"https:\/\/butikhome.pl\/index.php\/produkt\/rajstopy-dotsy-01\/"},"modified":"2023-04-26T12:35:09","modified_gmt":"2023-04-26T10:35:09","slug":"rajstopy-dotsy-01","status":"publish","type":"product","link":"https:\/\/butikhome.pl\/index.php\/produkt\/rajstopy-dotsy-01\/","title":{"rendered":"Rajstopy Dotsy 01"},"content":{"rendered":"<p>Delikatne, urocze rajstopy od Gatty, ca\u0142e w ma\u0142e, s\u0142odkie kropeczki. Najwy\u017cszej jako\u015bci prz\u0119dza oplatana. Grubo\u015b\u0107 20 Den.<\/p>\n","protected":false},"excerpt":{"rendered":"<p>Delikatne, urocze rajstopy od Gatty, ca\u0142e w ma\u0142e, s\u0142odkie kropeczki. Najwy\u017cszej jako\u015bci prz\u0119dza oplatana. Grubo\u015b\u0107 20 Den.<\/p>\n","protected":false},"featured_media":15117,"comment_status":"open","ping_status":"closed","template":"","meta":[],"product_brand":[],"product_cat":[24,628,39],"product_tag":[708,767,289,839,700,840,725,209,841,769,833],"class_list":{"0":"post-12284","1":"product","2":"type-product","3":"status-publish","4":"has-post-thumbnail","6":"product_cat-produkty","7":"product_cat-rajstopy-podkategoria-do-bielizny","8":"product_cat-s","9":"product_tag-2-s","10":"product_tag-bez-zaznaczonej-czesci-majteczkowej","11":"product_tag-delikatne","12":"product_tag-gatta-dotsy-01","13":"product_tag-grubosc-20-den","14":"product_tag-kropeczki","15":"product_tag-matowe","16":"product_tag-najwyzsza-jakosc","17":"product_tag-przedza-oplatana","18":"product_tag-rajstopy-damskie","19":"product_tag-wzorzyste","21":"first","22":"instock","23":"taxable","24":"shipping-taxable","25":"purchasable","26":"product-type-simple"},"_links":{"self":[{"href":"https:\/\/butikhome.pl\/index.php\/wp-json\/wp\/v2\/product\/12284","targetHints":{"allow":["GET"]}}],"collection":[{"href":"https:\/\/butikhome.pl\/index.php\/wp-json\/wp\/v2\/product"}],"about":[{"href":"https:\/\/butikhome.pl\/index.php\/wp-json\/wp\/v2\/types\/product"}],"replies":[{"embeddable":true,"href":"https:\/\/butikhome.pl\/index.php\/wp-json\/wp\/v2\/comments?post=12284"}],"wp:featuredmedia":[{"embeddable":true,"href":"https:\/\/butikhome.pl\/index.php\/wp-json\/wp\/v2\/media\/15117"}],"wp:attachment":[{"href":"https:\/\/butikhome.pl\/index.php\/wp-json\/wp\/v2\/media?parent=12284"}],"wp:term":[{"taxonomy":"product_brand","embeddable":true,"href":"https:\/\/butikhome.pl\/index.php\/wp-json\/wp\/v2\/product_brand?post=12284"},{"taxonomy":"product_cat","embeddable":true,"href":"https:\/\/butikhome.pl\/index.php\/wp-json\/wp\/v2\/product_cat?post=12284"},{"taxonomy":"product_tag","embeddable":true,"href":"https:\/\/butikhome.pl\/index.php\/wp-json\/wp\/v2\/product_tag?post=12284"}],"curies":[{"name":"wp","href":"https:\/\/api.w.org\/{rel}","templated":true}]}}